{"id":167376,"date":"2024-12-05T10:30:53","date_gmt":"2024-12-05T09:30:53","guid":{"rendered":"https:\/\/zoca.es\/producto\/switch-cisco-air-ct5760-100-k9-wireless-controller-ricondizionato-it-12482\/"},"modified":"2026-02-25T10:09:10","modified_gmt":"2026-02-25T09:09:10","slug":"switch-cisco-air-ct5760-100-k9-wireless-controller-ricondizionato-it-12482","status":"publish","type":"product","link":"https:\/\/zoca.es\/it\/producto\/switch-cisco-air-ct5760-100-k9-wireless-controller-ricondizionato-it-12482\/","title":{"rendered":"Switch CISCO AIR-CT5760-100-K9 Wireless Controller | Ricondizionato"},"content":{"rendered":"<p><strong>Generale stampante<\/strong><br \/>Switch<br \/><strong>Porte di rete<\/strong><br \/>Ethernet 1000 Mbps.<br \/>6x Fibra 1000 Mbps.<br \/><strong>Altri<\/strong><br \/>Imballaggio hR<br \/><strong>Dimensioni<\/strong><br \/>44.5x45x4.5 cm.<br \/><strong>Peso<\/strong><br \/>10.50 Kg.<br \/><strong>Specifiche aggiuntive<\/strong><br \/>Cisco AIR-CT5760-100-K9 \u00e8 un controller wireless serie 5700 progettato per gestire fino a 100 punti di accesso. \u00c8 ideale per le reti di medie imprese e fornisce alta velocit\u00e0, scalabilit\u00e0 e sicurezza avanzata per le implementazioni di rete 802.11ac.<br \/><b>Caratteristiche principali:<\/b><br \/><u>Capacit\u00e0<\/u>: supporta fino a 100 punti di accesso Cisco.<br \/><u>Prestazioni:<\/u> offre velocit\u00e0 a livello di cavo con un ASIC specializzato per ottimizzare le reti Wi-Fi.<br \/><u>Alta disponibilit\u00e0:<\/u> consente la ridondanza tramite failover con AP Stateful Switchover (SSO).<br \/><u>Sicurezza avanzata:<\/u> supporta la crittografia AES, l&#8217;autenticazione 802.1X, RADIUS e altro ancora.<br \/><u>Gestione:<\/u> gestita tramite CLI , interfaccia web e supporta SNMP.<br \/><u>QoS:<\/u> ottimizza il traffico delle applicazioni critiche per garantire prestazioni costanti.<br \/>Questo modello \u00e8 robusto ed efficiente, ideale per garantire la connettivit\u00e0 stabile negli ambienti aziendali.<\/p>\n<p><strong>Commenti<\/strong><br \/><u>Fino a 100 Access Point &#8211; 1xRJ45 di gestione &#8211; 1xGigabit Ethernet &#8211; 1xUSB &#8211; 2xUSB TypeA &#8211; 6 Porte di espansione SFP<\/u><\/p>\n","protected":false},"excerpt":{"rendered":"<p>Switch \u00b7 Ethernet 1000 Mbps. \u00b7 6x Fibra 1000 Mbps. \u00b7 Enrackable \u00b7 <u>Fino a 100 Access Point &#8211; 1xRJ45 di gestione &#8211; 1xGigabit Ethernet &#8211; 1xUSB &#8211; 2xUSB TypeA &#8211; 6 Porte di espansione SFP<\/u><\/p>\n","protected":false},"featured_media":121671,"template":"","meta":[],"product_brand":[3477],"product_cat":[3889,3951],"product_tag":[],"class_list":{"0":"post-167376","1":"product","2":"type-product","3":"status-publish","4":"has-post-thumbnail","6":"product_brand-cisco","7":"product_cat-reti-it","8":"product_cat-reti-wireless-it","10":"first","11":"instock","12":"taxable","13":"shipping-taxable","14":"purchasable","15":"product-type-simple"},"bundled_by":[],"bundle_stock_status":"instock","bundle_stock_quantity":2,"bundle_virtual":false,"bundle_layout":"","bundle_add_to_cart_form_location":"","bundle_editable_in_cart":false,"bundle_sold_individually_context":"","bundle_item_grouping":"","bundle_min_size":"","bundle_max_size":"","bundle_price":[],"bundled_items":[],"bundle_sell_ids":[],"exclude_global_add_ons":[],"addons":[],"df_price":524.66,"df_sale_price":"","df_regular_price":524.66,"df_image_link":"https:\/\/zoca.es\/wp-content\/uploads\/images\/product\/12482\/cisc00084_01-300x225.jpg","_links":{"self":[{"href":"https:\/\/zoca.es\/it\/wp-json\/wp\/v2\/product\/167376","targetHints":{"allow":["GET"]}}],"collection":[{"href":"https:\/\/zoca.es\/it\/wp-json\/wp\/v2\/product"}],"about":[{"href":"https:\/\/zoca.es\/it\/wp-json\/wp\/v2\/types\/product"}],"wp:featuredmedia":[{"embeddable":true,"href":"https:\/\/zoca.es\/it\/wp-json\/wp\/v2\/media\/121671"}],"wp:attachment":[{"href":"https:\/\/zoca.es\/it\/wp-json\/wp\/v2\/media?parent=167376"}],"wp:term":[{"taxonomy":"product_brand","embeddable":true,"href":"https:\/\/zoca.es\/it\/wp-json\/wp\/v2\/product_brand?post=167376"},{"taxonomy":"product_cat","embeddable":true,"href":"https:\/\/zoca.es\/it\/wp-json\/wp\/v2\/product_cat?post=167376"},{"taxonomy":"product_tag","embeddable":true,"href":"https:\/\/zoca.es\/it\/wp-json\/wp\/v2\/product_tag?post=167376"}],"curies":[{"name":"wp","href":"https:\/\/api.w.org\/{rel}","templated":true}]}}