{"id":167210,"date":"2024-10-15T14:44:31","date_gmt":"2024-10-15T13:44:31","guid":{"rendered":"https:\/\/zoca.es\/producto\/ibm-system-x3650-m3-rack-ricondizionato-xeon-24ghz-8-gb-ram-72-gb-sas-it-8224\/"},"modified":"2026-02-25T10:07:18","modified_gmt":"2026-02-25T09:07:18","slug":"ibm-system-x3650-m3-rack-ricondizionato-xeon-24ghz-8-gb-ram-72-gb-sas-it-8224","status":"publish","type":"product","link":"https:\/\/zoca.es\/it\/producto\/ibm-system-x3650-m3-rack-ricondizionato-xeon-24ghz-8-gb-ram-72-gb-sas-it-8224\/","title":{"rendered":"IBM System X3650 M3 Rack | Ricondizionato | Xeon 2.4GHz | 8 GB RAM | 72 GB SAS"},"content":{"rendered":"<p><strong>Processore<\/strong><br \/>2x Intel Xeon E5620 2.4 GHz.<br \/><strong>Formato<\/strong><br \/>Rack  (2U)<br \/><strong>Memoria RAM<\/strong><br \/>8 Gb. DDR2 ECC RAM<br \/><strong>Disco duro<\/strong><br \/>2x 72 Gb. SAS 2.5&#8221; 10000rpm<br \/>2x 146 Gb. SAS 2.5&#8221; 10000rpm<br \/>8 baies  (4 vuoti )<br \/><strong>Unit\u00e0 ottica<\/strong><br \/>DVD-RW<br \/><strong>Sistema operativo<\/strong><br \/>COA Windows Server 2008 aggiornato a &#8211; Nessun sistema operativo &#8211;<br \/><strong>Porte<\/strong><br \/>1x Serie<br \/>4x USB 2.0<br \/><strong>Connettivit\u00e0<\/strong><br \/>2x RJ-45<br \/><strong>Alimentazione<\/strong><br \/>1x Alimentatori (Hotplug)<br \/><strong>Dimensioni<\/strong><br \/>44.5&#215;70.5&#215;8.5 cm.<br \/><strong>Peso<\/strong><br \/>20.00 Kg.<br \/><strong>Specifiche aggiuntive<\/strong><br \/>Server ideale per le aziende che necessitano di un server affidabile e scalabile. Con 2 Intel Inoltre, dispone di 8 alloggiamenti di espansione (4 vuoti), che consentono di aumentare lo spazio di archiviazione secondo necessit\u00e0. La sua capacit\u00e0 di supportare configurazioni RAID e dischi hot-swap lo rende perfetto per ambienti che richiedono elevata disponibilit\u00e0 e flessibilit\u00e0.<br \/>Buon aspetto esteriore. Se hai domande, chiamaci o utilizza la nostra chat per ulteriori informazioni o per richiedere maggiori dettagli.<\/p>\n<p><strong>Commenti<\/strong><br \/><u>ServerRAID M5010<\/u><\/p>\n","protected":false},"excerpt":{"rendered":"<p>2x Intel Xeon E5620 2.4 GHz. \u00b7 8 Gb. DDR2 ECC RAM \u00b7 2x 72 Gb. SAS 2.5&#8221; 10000rpm \u00b7 2x 146 Gb. SAS 2.5&#8221; 10000rpm \u00b7 8 baies  (4 vuoti ) \u00b7 DVD-RW \u00b7 <u>ServerRAID M5010<\/u><\/p>\n","protected":false},"featured_media":116694,"template":"","meta":[],"product_brand":[3476],"product_cat":[3884,3882],"product_tag":[],"class_list":{"0":"post-167210","1":"product","2":"type-product","3":"status-publish","4":"has-post-thumbnail","6":"product_brand-ibm","7":"product_cat-server-rack-it","8":"product_cat-server-it","10":"first","11":"instock","12":"taxable","13":"shipping-taxable","14":"purchasable","15":"product-type-simple"},"bundled_by":[],"bundle_stock_status":"instock","bundle_stock_quantity":1,"bundle_virtual":false,"bundle_layout":"","bundle_add_to_cart_form_location":"","bundle_editable_in_cart":false,"bundle_sold_individually_context":"","bundle_item_grouping":"","bundle_min_size":"","bundle_max_size":"","bundle_price":[],"bundled_items":[],"bundle_sell_ids":[],"exclude_global_add_ons":[],"addons":[],"df_price":206.91,"df_sale_price":"","df_regular_price":206.91,"df_image_link":"https:\/\/zoca.es\/wp-content\/uploads\/images\/product\/8224\/ibm00042_01-300x225.jpg","_links":{"self":[{"href":"https:\/\/zoca.es\/it\/wp-json\/wp\/v2\/product\/167210","targetHints":{"allow":["GET"]}}],"collection":[{"href":"https:\/\/zoca.es\/it\/wp-json\/wp\/v2\/product"}],"about":[{"href":"https:\/\/zoca.es\/it\/wp-json\/wp\/v2\/types\/product"}],"wp:featuredmedia":[{"embeddable":true,"href":"https:\/\/zoca.es\/it\/wp-json\/wp\/v2\/media\/116694"}],"wp:attachment":[{"href":"https:\/\/zoca.es\/it\/wp-json\/wp\/v2\/media?parent=167210"}],"wp:term":[{"taxonomy":"product_brand","embeddable":true,"href":"https:\/\/zoca.es\/it\/wp-json\/wp\/v2\/product_brand?post=167210"},{"taxonomy":"product_cat","embeddable":true,"href":"https:\/\/zoca.es\/it\/wp-json\/wp\/v2\/product_cat?post=167210"},{"taxonomy":"product_tag","embeddable":true,"href":"https:\/\/zoca.es\/it\/wp-json\/wp\/v2\/product_tag?post=167210"}],"curies":[{"name":"wp","href":"https:\/\/api.w.org\/{rel}","templated":true}]}}