{"id":166416,"date":"2025-05-13T15:46:26","date_gmt":"2025-05-13T14:46:26","guid":{"rendered":"https:\/\/zoca.es\/producto\/fujitsu-lifebook-e5410-14-ricondizionato-core-i5-16ghz-16-gb-ram-256-gb-ssd-m2-1920x1080-it-13536\/"},"modified":"2026-04-15T15:23:51","modified_gmt":"2026-04-15T14:23:51","slug":"fujitsu-lifebook-e5410-14-ricondizionato-core-i5-16ghz-16-gb-ram-256-gb-ssd-m2-1920x1080-it-13536","status":"publish","type":"product","link":"https:\/\/zoca.es\/it\/producto\/fujitsu-lifebook-e5410-14-ricondizionato-core-i5-16ghz-16-gb-ram-256-gb-ssd-m2-1920x1080-it-13536\/","title":{"rendered":"Fujitsu LifeBook E5410 14&#8221; | Ricondizionato | Core i5 1.6GHz | 16 GB RAM | 256 GB SSD M2 1920&#215;1080"},"content":{"rendered":"<p><strong>Processore<\/strong><br \/>Intel Core i5 10210U 1.6 GHz.<br \/><strong>Memoria RAM<\/strong><br \/>16 Gb. SO-DDR4 RAM<br \/><strong>Disco duro<\/strong><br \/>256 Gb. SSD M2<br \/><strong>Carte<\/strong><br \/>Grafica: Intel UHD Graphics<br \/>Suono: Realtek HDA<br \/>Rete: intel(R) ethernet l219-LM<br \/><strong>Sistema operativo<\/strong><br \/>Windows 11 Pro<br \/><strong>Porte<\/strong><br \/>2x USB 3.0<br \/>USB-C<br \/><strong>Schermo<\/strong><br \/>IPS 14 &#8221; FullHD 16:9  \u00b7 Risoluzione 1920&#215;1080<br \/><strong>Porte video<\/strong><br \/>VGA<br \/>HDMI<br \/><strong>Multimedia<\/strong><br \/>Webcam<br \/>Lettore SD<br \/><strong>Connettivit\u00e0<\/strong><br \/>RJ-45<br \/>WIFI<br \/>Bluetooth<br \/><strong>Specifico portatile<\/strong><br \/>Lingua tastiera Internazionale (adesivi spagnoli)<br \/><strong>Altri<\/strong><br \/>Imballaggio hR<br \/><strong>Dimensioni<\/strong><br \/>33x23x3 cm.<br \/><strong>Peso<\/strong><br \/>1.80 Kg.<br \/><strong>Specifiche aggiuntive<\/strong><br \/>Fujitsu LifeBook E5410 \u00e8 una scelta affidabile ed efficiente per i professionisti che cercano prestazioni e praticit\u00e0 in un formato compatto. Dotato di un processore Intel Core i5 10210U da 1,6 GHz, 16 GB di RAM DDR4 e un veloce SSD M.2 da 256 GB, questo laptop risponde con agilit\u00e0 al multitasking, al lavoro d&#8217;ufficio, alla navigazione e all&#8217;uso aziendale quotidiano.<br \/>Il suo display IPS FullHD (1920&#215;1080) da 14 pollici in formato 16:9 offre un&#8217;immagine nitida e confortevole per lavorare per ore senza affaticare la vista. Con Windows 11 Pro hai la garanzia della compatibilit\u00e0 con gli attuali standard di sicurezza e produttivit\u00e0 aziendale.<br \/>Include anche una webcam integrata per le videoconferenze e un lettore di schede SD, utile per trasferire rapidamente i file. Il suo design robusto e sobrio lo rende lo strumento perfetto per chi apprezza la durevolezza e le prestazioni in movimento.<br \/>Fujitsu LifeBook E5410 \u00e8 un laptop professionale pronto ad affrontare le giornate lavorative pi\u00f9 impegnative, con affidabilit\u00e0, velocit\u00e0 e un fattore di forma progettato per la mobilit\u00e0.<br \/>Buon aspetto esteriore. Potrebbero esserci lievi segni di usura sulla custodia. Guarda sotto \u201c+ Foto\u201d e se hai domande, chiamaci o usa la nostra chat per maggiori informazioni o per richiedere maggiori dettagli.<\/p>\n","protected":false},"excerpt":{"rendered":"<p>Intel Core i5 10210U 1.6 GHz.\u00b7 16 Gb. SO-DDR4 RAM \u00b7 256 Gb. SSD M2 \u00b7 <strong>Windows 11 Pro<\/strong> \u00b7 IPS 14 &#8221; FullHD 16:9\u00b7 Webcam<\/p>\n","protected":false},"featured_media":132844,"template":"","meta":[],"product_brand":[3458],"product_cat":[3856,3942],"product_tag":[],"class_list":{"0":"post-166416","1":"product","2":"type-product","3":"status-publish","4":"has-post-thumbnail","6":"product_brand-fujitsu","7":"product_cat-portatili-it","8":"product_cat-portatili-portatili-it","10":"first","11":"instock","12":"taxable","13":"shipping-taxable","14":"purchasable","15":"product-type-simple"},"bundled_by":[],"bundle_stock_status":"instock","bundle_stock_quantity":9,"bundle_virtual":false,"bundle_layout":"","bundle_add_to_cart_form_location":"","bundle_editable_in_cart":false,"bundle_sold_individually_context":"","bundle_item_grouping":"","bundle_min_size":"","bundle_max_size":"","bundle_price":[],"bundled_items":[],"bundle_sell_ids":[],"exclude_global_add_ons":true,"addons":{"keyboard-iso-upgrades":{"name":"Seleziona lingua della tastiera","type":"multiple_choice","position":0,"required":false,"title_format":"heading","default":"","description_enable":false,"description":"","placeholder_enable":false,"placeholder":"","display":"radiobutton","restrictions_type":"any_text","adjust_price":false,"price":"","price_type":"quantity_based","restrictions":false,"min":"0","max":"0","options":[{"label":"Spanish Stickers [AMP00082]","price":"0.0000","price_type":"quantity_based","image":0,"visibility":true},{"label":"French Stickers [AMP00084]","price":"0.0000","price_type":"quantity_based","image":0,"visibility":true},{"label":"Portuguese Stickers [AMP00083]","price":"0.0000","price_type":"quantity_based","image":0,"visibility":true}]},"ram-memory-upgrades":{"name":"Espansione RAM","type":"multiple_choice","position":0,"required":false,"title_format":"heading","default":"","description_enable":false,"description":"","placeholder_enable":false,"placeholder":"","display":"radiobutton","restrictions_type":"any_text","adjust_price":false,"price":"","price_type":"quantity_based","restrictions":false,"min":"0","max":"0","options":[{"label":"32 Gb SODIM RAM extension [AMP00098]","price":"150.0000","price_type":"quantity_based","image":0,"visibility":true}]},"hdd-upgrades":{"name":"Estensione HDD","type":"multiple_choice","position":0,"required":false,"title_format":"heading","default":"","description_enable":false,"description":"","placeholder_enable":false,"placeholder":"","display":"radiobutton","restrictions_type":"any_text","adjust_price":false,"price":"","price_type":"quantity_based","restrictions":false,"min":"0","max":"0","options":[{"label":"SSD 500 Gb. M.2 2280 PCIe Upgrade [AMP00106]","price":"110.0000","price_type":"quantity_based","image":0,"visibility":true},{"label":"SSD 1 Tb. M.2 2280 PCIe Upgrade [AMP00107]","price":"165.0000","price_type":"quantity_based","image":0,"visibility":true}]},"os-upgrades":{"name":"Estensione SO","type":"multiple_choice","position":0,"required":false,"title_format":"heading","default":"","description_enable":false,"description":"","placeholder_enable":false,"placeholder":"","display":"radiobutton","restrictions_type":"any_text","adjust_price":false,"price":"","price_type":"quantity_based","restrictions":false,"min":"0","max":"0","options":[{"label":"Change language to French [AMP00125]","price":"0.0000","price_type":"quantity_based","image":0,"visibility":true},{"label":"Change language to English [AMP00008]","price":"0.0000","price_type":"quantity_based","image":0,"visibility":true},{"label":"Change language to Portuguese [AMP00009]","price":"0.0000","price_type":"quantity_based","image":0,"visibility":true}]},"briefcase-upgrades":{"name":"Valigetta","type":"multiple_choice","position":0,"required":false,"title_format":"heading","default":"","description_enable":false,"description":"","placeholder_enable":false,"placeholder":"","display":"radiobutton","restrictions_type":"any_text","adjust_price":false,"price":"","price_type":"quantity_based","restrictions":false,"min":"0","max":"0","options":[{"label":"Laptop Briefcase [AMP00041]","price":"5.0000","price_type":"quantity_based","image":0,"visibility":true}]}},"df_price":499.49,"df_sale_price":"","df_regular_price":499.49,"df_image_link":"https:\/\/zoca.es\/wp-content\/uploads\/images\/product\/13536\/fuji00258_01-300x225.jpg","_links":{"self":[{"href":"https:\/\/zoca.es\/it\/wp-json\/wp\/v2\/product\/166416","targetHints":{"allow":["GET"]}}],"collection":[{"href":"https:\/\/zoca.es\/it\/wp-json\/wp\/v2\/product"}],"about":[{"href":"https:\/\/zoca.es\/it\/wp-json\/wp\/v2\/types\/product"}],"wp:featuredmedia":[{"embeddable":true,"href":"https:\/\/zoca.es\/it\/wp-json\/wp\/v2\/media\/132844"}],"wp:attachment":[{"href":"https:\/\/zoca.es\/it\/wp-json\/wp\/v2\/media?parent=166416"}],"wp:term":[{"taxonomy":"product_brand","embeddable":true,"href":"https:\/\/zoca.es\/it\/wp-json\/wp\/v2\/product_brand?post=166416"},{"taxonomy":"product_cat","embeddable":true,"href":"https:\/\/zoca.es\/it\/wp-json\/wp\/v2\/product_cat?post=166416"},{"taxonomy":"product_tag","embeddable":true,"href":"https:\/\/zoca.es\/it\/wp-json\/wp\/v2\/product_tag?post=166416"}],"curies":[{"name":"wp","href":"https:\/\/api.w.org\/{rel}","templated":true}]}}