{"id":165918,"date":"2023-05-23T10:19:44","date_gmt":"2023-05-23T09:19:44","guid":{"rendered":"https:\/\/zoca.es\/producto\/dell-precision-7910-rack-difetto-xeon-six-core-16ghz-32-gb-ram-512-gb-ssd-it-10910\/"},"modified":"2026-02-25T09:56:43","modified_gmt":"2026-02-25T08:56:43","slug":"dell-precision-7910-rack-difetto-xeon-six-core-16ghz-32-gb-ram-512-gb-ssd-it-10910","status":"publish","type":"product","link":"https:\/\/zoca.es\/it\/producto\/dell-precision-7910-rack-difetto-xeon-six-core-16ghz-32-gb-ram-512-gb-ssd-it-10910\/","title":{"rendered":"Dell Precision 7910 Rack | Difetto | Xeon Six Core 1.6GHz | 32 GB RAM | 512 GB SSD"},"content":{"rendered":"<p><strong>Processore<\/strong><br \/>Intel Xeon Six Core E5-2603 V3 1.6 GHz.<br \/><strong>Formato<\/strong><br \/>Rack<br \/><strong>Memoria RAM<\/strong><br \/>32 Gb. DDR4 ECC RAM<br \/><strong>Disco duro<\/strong><br \/>512 Gb. SSD<br \/><strong>Unit\u00e0 ottica<\/strong><br \/>DVD-RW<br \/><strong>Carte<\/strong><br \/>Grafica: MSI Geforce GTX 970 4GB GDDR5<br \/>Suono: High Definition Audio<br \/>Rete: Intel 82579LM Gigabit Ethernet<br \/><strong>Sistema operativo<\/strong><br \/>Windows 10 Pro<br \/><strong>Porte<\/strong><br \/>Serie<br \/>4x USB 2.0<br \/><strong>Porte video<\/strong><br \/>HDMI<br \/>3x Display Port<br \/>DVI<br \/><strong>Connettivit\u00e0<\/strong><br \/>4x RJ-45<br \/><strong>Altri<\/strong><br \/>Imballaggio hR<br \/><strong>Dimensioni<\/strong><br \/>47.2&#215;41.6&#215;17.3 cm.<br \/><strong>Peso<\/strong><br \/>13.25 Kg.<br \/><strong>Commenti<\/strong><br \/><u>Rompi sul lato sinistro del server. Si tratta di una rottura nel rivestimento dell&#8217;attacco al cabinet Rack. Si pu\u00f2 riporre nell&#8217;armadio senza problemi visto che sul lato destro la presa \u00e8 buona ed \u00e8 solo un aspetto estetico. Guarda in &#8220;+ Foto&#8221; e se hai domande, chiamaci o usa la nostra chat per ulteriori informazioni o per richiedere maggiori dettagli.<\/u><\/p>\n","protected":false},"excerpt":{"rendered":"<p>Intel Xeon Six Core E5-2603 V3 1.6 GHz. \u00b7 32 Gb. DDR4 ECC RAM \u00b7<u>Rottura del rivestimento laterale (vedi in &#8220;+ Foto&#8221;)<\/u><\/p>\n","protected":false},"featured_media":84532,"template":"","meta":[],"product_brand":[3445],"product_cat":[3845,3934,3850,3932],"product_tag":[],"class_list":{"0":"post-165918","1":"product","2":"type-product","3":"status-publish","4":"has-post-thumbnail","6":"product_brand-dell","7":"product_cat-computer-it","8":"product_cat-con-difetti-computer-it","9":"product_cat-computer-con-difetti-it","10":"product_cat-con-difetti-it","12":"first","13":"instock","14":"taxable","15":"shipping-taxable","16":"purchasable","17":"product-type-simple"},"bundled_by":[],"bundle_stock_status":"instock","bundle_stock_quantity":1,"bundle_virtual":false,"bundle_layout":"","bundle_add_to_cart_form_location":"","bundle_editable_in_cart":false,"bundle_sold_individually_context":"","bundle_item_grouping":"","bundle_min_size":"","bundle_max_size":"","bundle_price":[],"bundled_items":[],"bundle_sell_ids":[],"exclude_global_add_ons":[],"addons":[],"df_price":1076.78,"df_sale_price":"","df_regular_price":1076.78,"df_image_link":"https:\/\/zoca.es\/wp-content\/uploads\/images\/product\/10910\/dell01105tr01_01-300x225.jpg","_links":{"self":[{"href":"https:\/\/zoca.es\/it\/wp-json\/wp\/v2\/product\/165918","targetHints":{"allow":["GET"]}}],"collection":[{"href":"https:\/\/zoca.es\/it\/wp-json\/wp\/v2\/product"}],"about":[{"href":"https:\/\/zoca.es\/it\/wp-json\/wp\/v2\/types\/product"}],"wp:featuredmedia":[{"embeddable":true,"href":"https:\/\/zoca.es\/it\/wp-json\/wp\/v2\/media\/84532"}],"wp:attachment":[{"href":"https:\/\/zoca.es\/it\/wp-json\/wp\/v2\/media?parent=165918"}],"wp:term":[{"taxonomy":"product_brand","embeddable":true,"href":"https:\/\/zoca.es\/it\/wp-json\/wp\/v2\/product_brand?post=165918"},{"taxonomy":"product_cat","embeddable":true,"href":"https:\/\/zoca.es\/it\/wp-json\/wp\/v2\/product_cat?post=165918"},{"taxonomy":"product_tag","embeddable":true,"href":"https:\/\/zoca.es\/it\/wp-json\/wp\/v2\/product_tag?post=165918"}],"curies":[{"name":"wp","href":"https:\/\/api.w.org\/{rel}","templated":true}]}}