{"id":165520,"date":"2024-11-15T10:33:09","date_gmt":"2024-11-15T09:33:09","guid":{"rendered":"https:\/\/zoca.es\/producto\/dell-poweredge-r200-rack-ricondizionato-xeon-quad-core-316ghz-4-gb-ram-150-gb-sas-it-10339\/"},"modified":"2026-02-25T09:52:15","modified_gmt":"2026-02-25T08:52:15","slug":"dell-poweredge-r200-rack-ricondizionato-xeon-quad-core-316ghz-4-gb-ram-150-gb-sas-it-10339","status":"publish","type":"product","link":"https:\/\/zoca.es\/it\/producto\/dell-poweredge-r200-rack-ricondizionato-xeon-quad-core-316ghz-4-gb-ram-150-gb-sas-it-10339\/","title":{"rendered":"Dell PowerEdge R200 Rack | Ricondizionato | Xeon Quad Core 3.16GHz | 4 GB RAM | 150 GB SAS"},"content":{"rendered":"<p><strong>Processore<\/strong><br \/>Intel Xeon Quad Core E3120 3.16 GHz.<br \/><strong>Formato<\/strong><br \/>Rack  (1U)<br \/><strong>Memoria RAM<\/strong><br \/>4 Gb. DDR3 ECC RAM<br \/><strong>Disco duro<\/strong><br \/>150 Gb. SAS 3.5&#8221; 15000rpm<br \/>2 baies (1 vuoti )<br \/><strong>Unit\u00e0 ottica<\/strong><br \/>DVD-RW<br \/><strong>Carte<\/strong><br \/>Grafica: AMD ES1000<br \/>Rete: Gigabit B5709C<br \/><strong>Sistema operativo<\/strong><br \/>&#8211; Nessun sistema operativo &#8211;<br \/><strong>Porte<\/strong><br \/>Serie<br \/>4x USB 2.0<br \/>2x PS2<br \/><strong>Connettivit\u00e0<\/strong><br \/>2x RJ-45<br \/><strong>Alimentazione<\/strong><br \/>Alimentatori<br \/><strong>Dimensioni<\/strong><br \/>54.5x48x4.5 cm.<br \/><strong>Peso<\/strong><br \/>10.00 Kg.<br \/><strong>Specifiche aggiuntive<\/strong><br \/>DELL PowerEdge R200 \u00e8 un server compatto progettato per le piccole imprese che necessitano di prestazioni efficienti e archiviazione sicura. Con un processore Intel Xeon Quad Core, RAM DDR3 ECC e storage SAS da 15.000 giri\/min, offre velocit\u00e0 e affidabilit\u00e0 per le attivit\u00e0 essenziali. Inoltre, la sua configurazione RAID migliora la protezione dei dati. Server compatto ideale per le piccole imprese, con prestazioni affidabili e archiviazione SAS ad alta velocit\u00e0. Include configurazione RAID per la protezione dei dati e 1 anno di garanzia.<br \/>Buon aspetto esteriore. Se hai domande, chiamaci o utilizza la nostra chat per ulteriori informazioni o per richiedere maggiori dettagli.<\/p>\n<p><strong>Commenti<\/strong><br \/><u>RAID SAS6 UCS-61<\/u><\/p>\n","protected":false},"excerpt":{"rendered":"<p>Intel Xeon Quad Core E3120 3.16 GHz. \u00b7 4 Gb. DDR3 ECC RAM \u00b7 150 Gb. SAS 3.5&#8221; 15000rpm \u00b7 2 baies (1 vuoti ) \u00b7 DVD-RW \u00b7 <u>RAID SAS6 UCS-61<\/u><\/p>\n","protected":false},"featured_media":119732,"template":"","meta":[],"product_brand":[3445],"product_cat":[3884,3882],"product_tag":[],"class_list":{"0":"post-165520","1":"product","2":"type-product","3":"status-publish","4":"has-post-thumbnail","6":"product_brand-dell","7":"product_cat-server-rack-it","8":"product_cat-server-it","10":"first","11":"instock","12":"taxable","13":"shipping-taxable","14":"purchasable","15":"product-type-simple"},"bundled_by":[],"bundle_stock_status":"instock","bundle_stock_quantity":3,"bundle_virtual":false,"bundle_layout":"","bundle_add_to_cart_form_location":"","bundle_editable_in_cart":false,"bundle_sold_individually_context":"","bundle_item_grouping":"","bundle_min_size":"","bundle_max_size":"","bundle_price":[],"bundled_items":[],"bundle_sell_ids":[],"exclude_global_add_ons":[],"addons":[],"df_price":178.6,"df_sale_price":"","df_regular_price":178.6,"df_image_link":"https:\/\/zoca.es\/wp-content\/uploads\/images\/product\/10339\/dell01029_01-300x225.jpg","_links":{"self":[{"href":"https:\/\/zoca.es\/it\/wp-json\/wp\/v2\/product\/165520","targetHints":{"allow":["GET"]}}],"collection":[{"href":"https:\/\/zoca.es\/it\/wp-json\/wp\/v2\/product"}],"about":[{"href":"https:\/\/zoca.es\/it\/wp-json\/wp\/v2\/types\/product"}],"wp:featuredmedia":[{"embeddable":true,"href":"https:\/\/zoca.es\/it\/wp-json\/wp\/v2\/media\/119732"}],"wp:attachment":[{"href":"https:\/\/zoca.es\/it\/wp-json\/wp\/v2\/media?parent=165520"}],"wp:term":[{"taxonomy":"product_brand","embeddable":true,"href":"https:\/\/zoca.es\/it\/wp-json\/wp\/v2\/product_brand?post=165520"},{"taxonomy":"product_cat","embeddable":true,"href":"https:\/\/zoca.es\/it\/wp-json\/wp\/v2\/product_cat?post=165520"},{"taxonomy":"product_tag","embeddable":true,"href":"https:\/\/zoca.es\/it\/wp-json\/wp\/v2\/product_tag?post=165520"}],"curies":[{"name":"wp","href":"https:\/\/api.w.org\/{rel}","templated":true}]}}