{"id":164224,"date":"2025-04-15T09:41:25","date_gmt":"2025-04-15T08:41:25","guid":{"rendered":"https:\/\/zoca.es\/producto\/dell-7450-aio-238-tactil-ricondizionato-it-13526\/"},"modified":"2026-04-06T16:33:08","modified_gmt":"2026-04-06T15:33:08","slug":"dell-7450-aio-238-tactil-ricondizionato-it-13526","status":"publish","type":"product","link":"https:\/\/zoca.es\/it\/producto\/dell-7450-aio-238-tactil-ricondizionato-it-13526\/","title":{"rendered":"Dell 7450 AIO 23,8&#8243; T\u00e1ctil | Ricondizionato"},"content":{"rendered":"<p><strong>Processore<\/strong><br \/>Intel Core i5 7500 3.2 GHz. [TPM 2.0]<br \/><strong>Formato<\/strong><br \/>AIO<br \/><strong>Memoria RAM<\/strong><br \/>8 Gb. SO-DDR4 RAM<br \/><strong>Disco duro<\/strong><br \/>256 Gb. SSD M2<br \/><strong>Unit\u00e0 ottica<\/strong><br \/>DVD-RW<br \/><strong>Carte<\/strong><br \/>Grafica: AMD Radeon R9 M360 4GB GDDR5<br \/>Suono: High Definition Audio<br \/>Rete: Intel Ethernet Connection I219-LM<br \/><strong>Sistema operativo<\/strong><br \/>Windows 10 Pro<br \/><strong>Porte<\/strong><br \/>2x USB 2.0<br \/>5x USB 3.0<br \/>USB-C<br \/><strong>Schermo<\/strong><br \/>Tattile 23.8 &#8221; 4K con Altoparlanti \u00b7 16:9 \u00b7 Risoluzione 3840&#215;2160<br \/><strong>Porte video<\/strong><br \/>HDMI<br \/>Display Port<br \/><strong>Multimedia<\/strong><br \/>Webcam<br \/>Lettore SD<br \/><strong>Schermo specifico<\/strong><br \/>Supporto VESA<br \/><strong>Connettivit\u00e0<\/strong><br \/>RJ-45<br \/><strong>Altri<\/strong><br \/>Imballaggio hR<br \/><strong>Dimensioni<\/strong><br \/>45x57x22 cm.<br \/><strong>Peso<\/strong><br \/>9.50 Kg.<br \/><strong>Specifiche aggiuntive:<\/strong><br \/>Il Dell OptiPlex 7450 AIO coniuga potenza professionale e design all-in-one. \u00c8 dotato di un processore Intel Core i5 7500 da 3,2 GHz, 8 GB di RAM DDR4 e un veloce SSD M.2 da 256 GB, per prestazioni fluide negli ambienti professionali pi\u00f9 esigenti. Il suo touchscreen 4K (3840&#215;2160) da 23,8&#8243; offre un&#8217;esperienza visiva cristallina, ideale per attivit\u00e0 di design, editing o multimediali. Include una scheda grafica dedicata AMD Radeon R9 M360 da 4 GB GDDR5, perfetta per attivit\u00e0 grafiche e contenuti visivi avanzati. \u00c8 dotato di altoparlanti integrati, un&#8217;unit\u00e0 DVD-RW, connettivit\u00e0 versatile e Windows 10 Pro preinstallato. Il suo design pulito consente di risparmiare spazio senza compromettere potenza o connettivit\u00e0. Il suo aspetto accattivante \u00e8 fantastico. Consulta le sezioni &#8220;+ Foto&#8221; e &#8220;Video&#8221; e, per qualsiasi domanda, chiamaci o usa la nostra chat per maggiori informazioni o per richiedere maggiori dettagli.<\/p>\n","protected":false},"excerpt":{"rendered":"<p>Intel Core i5 7500 3.2 GHz.\u00b7 8 Gb. SO-DDR4 RAM \u00b7 256 Gb. SSD M2 \u00b7 DVD-RW \u00b7 Windows 10 Pro \u00b7 <strong>Tattile 23.8 &#8221; 4K con Altoparlanti16:9<\/strong> \u00b7<strong>AMD Radeon R9 M360 4GB GDDR5<\/strong>\u00b7 <u>Tastiera e mouse inclusi<\/u><\/p>\n","protected":false},"featured_media":130674,"template":"","meta":[],"product_brand":[3445],"product_cat":[3845,3847],"product_tag":[],"class_list":{"0":"post-164224","1":"product","2":"type-product","3":"status-publish","4":"has-post-thumbnail","6":"product_brand-dell","7":"product_cat-computer-it","8":"product_cat-computer-tutto-in-uno-it","10":"first","11":"instock","12":"taxable","13":"shipping-taxable","14":"purchasable","15":"product-type-simple"},"bundled_by":[],"bundle_stock_status":"instock","bundle_stock_quantity":10,"bundle_virtual":false,"bundle_layout":"","bundle_add_to_cart_form_location":"","bundle_editable_in_cart":false,"bundle_sold_individually_context":"","bundle_item_grouping":"","bundle_min_size":"","bundle_max_size":"","bundle_price":[],"bundled_items":[],"bundle_sell_ids":[],"exclude_global_add_ons":true,"addons":{"ram-memory-upgrades":{"name":"Espansione RAM","type":"multiple_choice","position":0,"required":false,"title_format":"heading","default":"","description_enable":false,"description":"","placeholder_enable":false,"placeholder":"","display":"radiobutton","restrictions_type":"any_text","adjust_price":false,"price":"","price_type":"quantity_based","restrictions":false,"min":"0","max":"0","options":[{"label":"DDR4 16 Gb SO-DIMM RAM extension [AMP00081]","price":"60.0000","price_type":"quantity_based","image":0,"visibility":true}]},"hdd-upgrades":{"name":"Estensione HDD","type":"multiple_choice","position":0,"required":false,"title_format":"heading","default":"","description_enable":false,"description":"","placeholder_enable":false,"placeholder":"","display":"radiobutton","restrictions_type":"any_text","adjust_price":false,"price":"","price_type":"quantity_based","restrictions":false,"min":"0","max":"0","options":[{"label":"SSD 1 Tb. M.2 2280 PCIe Upgrade [AMP00107]","price":"165.0000","price_type":"quantity_based","image":0,"visibility":true},{"label":"SSD 500 Gb. M.2 2280 PCIe Upgrade [AMP00106]","price":"110.0000","price_type":"quantity_based","image":0,"visibility":true}]},"network-card-upgrades":{"name":"Estensione WIFI","type":"multiple_choice","position":0,"required":false,"title_format":"heading","default":"","description_enable":false,"description":"","placeholder_enable":false,"placeholder":"","display":"radiobutton","restrictions_type":"any_text","adjust_price":false,"price":"","price_type":"quantity_based","restrictions":false,"min":"0","max":"0","options":[{"label":"Wireless nano USB Upgrade [AMP00018]","price":"12.0000","price_type":"quantity_based","image":0,"visibility":true}]},"os-upgrades":{"name":"Estensione SO","type":"multiple_choice","position":0,"required":false,"title_format":"heading","default":"","description_enable":false,"description":"","placeholder_enable":false,"placeholder":"","display":"radiobutton","restrictions_type":"any_text","adjust_price":false,"price":"","price_type":"quantity_based","restrictions":false,"min":"0","max":"0","options":[{"label":"Change language to French [AMP00125]","price":"0.0000","price_type":"quantity_based","image":0,"visibility":true},{"label":"Change language to English [AMP00008]","price":"0.0000","price_type":"quantity_based","image":0,"visibility":true},{"label":"Change language to Portuguese [AMP00009]","price":"0.0000","price_type":"quantity_based","image":0,"visibility":true}]}},"df_price":552.97,"df_sale_price":"","df_regular_price":552.97,"df_image_link":"https:\/\/zoca.es\/wp-content\/uploads\/images\/product\/13526\/dell01437_01-300x225.jpg","_links":{"self":[{"href":"https:\/\/zoca.es\/it\/wp-json\/wp\/v2\/product\/164224","targetHints":{"allow":["GET"]}}],"collection":[{"href":"https:\/\/zoca.es\/it\/wp-json\/wp\/v2\/product"}],"about":[{"href":"https:\/\/zoca.es\/it\/wp-json\/wp\/v2\/types\/product"}],"wp:featuredmedia":[{"embeddable":true,"href":"https:\/\/zoca.es\/it\/wp-json\/wp\/v2\/media\/130674"}],"wp:attachment":[{"href":"https:\/\/zoca.es\/it\/wp-json\/wp\/v2\/media?parent=164224"}],"wp:term":[{"taxonomy":"product_brand","embeddable":true,"href":"https:\/\/zoca.es\/it\/wp-json\/wp\/v2\/product_brand?post=164224"},{"taxonomy":"product_cat","embeddable":true,"href":"https:\/\/zoca.es\/it\/wp-json\/wp\/v2\/product_cat?post=164224"},{"taxonomy":"product_tag","embeddable":true,"href":"https:\/\/zoca.es\/it\/wp-json\/wp\/v2\/product_tag?post=164224"}],"curies":[{"name":"wp","href":"https:\/\/api.w.org\/{rel}","templated":true}]}}