{"id":163909,"date":"2025-11-27T09:43:10","date_gmt":"2025-11-27T08:43:10","guid":{"rendered":"https:\/\/zoca.es\/producto\/opzione-pos-banknote-vt-3000vs-contadora-billetes-ricondizionato-it-13178\/"},"modified":"2026-02-25T10:40:16","modified_gmt":"2026-02-25T09:40:16","slug":"opzione-pos-banknote-vt-3000vs-contadora-billetes-ricondizionato-it-13178","status":"publish","type":"product","link":"https:\/\/zoca.es\/it\/producto\/opzione-pos-banknote-vt-3000vs-contadora-billetes-ricondizionato-it-13178\/","title":{"rendered":"Opzione POS BankNote V&amp;T-3000VS Contadora Billetes | Ricondizionato"},"content":{"rendered":"<p><b>Velocit\u00e0:<\/b><br \/>1200\/min<br \/><b>Capacit\u00e0 di ingresso:<\/b><br \/>200 banconote<br \/><b>Capacit\u00e0 di uscita:<\/b><br \/>300 banconote<br \/><b>Spessore di inserimento:<\/b><br \/>0,075 \u2013 0,15 mm<br \/><b>Dimensioni di inserimento:<\/b><br \/>da 50 x 110 mm a 100 x 185 mm<br \/><b>Rilevamento UV|MG:<\/b><br \/>S\u00ec<br \/><b>Rilevamento dimensioni:<\/b><br \/>Nessuno<br \/><b>Funzione di conteggio:<\/b><br \/>S\u00ec<br \/><b>Connettivit\u00e0:<\/b><br \/>Porta seriale<\/p>\n","protected":false},"excerpt":{"rendered":"<p>Velocit\u00e0: 1200\/min &#8211; Capacit\u00e0 di ingresso: 200 banconote &#8211; Capacit\u00e0 di uscita: 300 banconote &#8211; Spessore di inserimento: 0,075 \u2013 0,15 mm &#8211; Dimensioni di inserimento: 50 x 110 mm fino a 100 x 185 mm &#8211; Rilevamento UV|MG: S\u00ec &#8211; Rilevamento formato: Nessuno &#8211; Funzione di conteggio: S\u00ec &#8211; Connettivit\u00e0: Porta seriale<\/p>\n","protected":false},"featured_media":150017,"template":"","meta":[],"product_brand":[3516],"product_cat":[3879,3873],"product_tag":[],"class_list":{"0":"post-163909","1":"product","2":"type-product","3":"status-publish","4":"has-post-thumbnail","6":"product_brand-banknote","7":"product_cat-pos-altri-it","8":"product_cat-pos-it","10":"first","11":"instock","12":"taxable","13":"shipping-taxable","14":"purchasable","15":"product-type-simple"},"bundled_by":[],"bundle_stock_status":"instock","bundle_stock_quantity":2,"bundle_virtual":false,"bundle_layout":"","bundle_add_to_cart_form_location":"","bundle_editable_in_cart":false,"bundle_sold_individually_context":"","bundle_item_grouping":"","bundle_min_size":"","bundle_max_size":"","bundle_price":[],"bundled_items":[],"bundle_sell_ids":[],"exclude_global_add_ons":[],"addons":[],"df_price":411.4,"df_sale_price":"","df_regular_price":411.4,"df_image_link":"https:\/\/zoca.es\/wp-content\/uploads\/images\/product\/13178\/bank00002_01-300x225.jpg","_links":{"self":[{"href":"https:\/\/zoca.es\/it\/wp-json\/wp\/v2\/product\/163909","targetHints":{"allow":["GET"]}}],"collection":[{"href":"https:\/\/zoca.es\/it\/wp-json\/wp\/v2\/product"}],"about":[{"href":"https:\/\/zoca.es\/it\/wp-json\/wp\/v2\/types\/product"}],"wp:featuredmedia":[{"embeddable":true,"href":"https:\/\/zoca.es\/it\/wp-json\/wp\/v2\/media\/150017"}],"wp:attachment":[{"href":"https:\/\/zoca.es\/it\/wp-json\/wp\/v2\/media?parent=163909"}],"wp:term":[{"taxonomy":"product_brand","embeddable":true,"href":"https:\/\/zoca.es\/it\/wp-json\/wp\/v2\/product_brand?post=163909"},{"taxonomy":"product_cat","embeddable":true,"href":"https:\/\/zoca.es\/it\/wp-json\/wp\/v2\/product_cat?post=163909"},{"taxonomy":"product_tag","embeddable":true,"href":"https:\/\/zoca.es\/it\/wp-json\/wp\/v2\/product_tag?post=163909"}],"curies":[{"name":"wp","href":"https:\/\/api.w.org\/{rel}","templated":true}]}}