{"id":161895,"date":"2026-02-19T09:31:42","date_gmt":"2026-02-19T08:31:42","guid":{"rendered":"https:\/\/zoca.es\/producto\/hp-elite-x2-g8-13-ricondizionato-core-i5-26ghz-16-gb-ram-256-gb-ssd-m2-1920x1280-it-14726\/"},"modified":"2026-03-04T08:44:49","modified_gmt":"2026-03-04T07:44:49","slug":"hp-elite-x2-g8-13-ricondizionato-core-i5-26ghz-16-gb-ram-256-gb-ssd-m2-1920x1280-it-14726","status":"publish","type":"product","link":"https:\/\/zoca.es\/it\/producto\/hp-elite-x2-g8-13-ricondizionato-core-i5-26ghz-16-gb-ram-256-gb-ssd-m2-1920x1280-it-14726\/","title":{"rendered":"HP Elite X2 G8 13&#8221; | Ricondizionato | Core i5 2.6GHz | 16 GB RAM | 256 GB SSD M2 1920&#215;1280"},"content":{"rendered":"<p><strong>Processore<\/strong><br \/>Intel Core i5 i5-1145G7 2.6 GHz.<br \/><strong>Memoria RAM<\/strong><br \/>16 Gb. SO-DDR4 RAM<br \/><strong>Disco duro<\/strong><br \/>256 Gb. SSD M2<br \/><strong>Carte<\/strong><br \/>Grafica: Intel Irix Xe Graphics<br \/>Suono: Audio Bang &amp; Olufsen<br \/>Rete: &#8211;<br \/><strong>Sistema operativo<\/strong><br \/>Windows 11 Pro<br \/><strong>Porte<\/strong><br \/>3x USB-C<br \/><strong>Schermo<\/strong><br \/>Tattile 13 &#8221; FullHD 16:10  \u00b7 Risoluzione 1920&#215;1280<br \/><strong>Multimedia<\/strong><br \/>Lettore impronte<br \/>Webcam posteriore<br \/>Webcam frontale<br \/><strong>Connettivit\u00e0<\/strong><br \/>WIFI<br \/>Bluetooth<br \/>4G<br \/><strong>Altri<\/strong><br \/>Imballaggio hR<br \/><strong>Dimensioni<\/strong><br \/>29&#215;22.5&#215;2 cm.<br \/><strong>Peso<\/strong><br \/>1.15 Kg.<br \/><strong>Specifiche aggiuntive<\/strong><br \/>HP Elite x2 G8 \u00e8 un tablet convertibile progettato per chi cerca prestazioni avanzate, mobilit\u00e0 reale e sicurezza aziendale in un dispositivo compatto e premium. Pensato per ambienti di lavoro esigenti, combina la versatilit\u00e0 di un tablet touch con la produttivit\u00e0 di un portatile completo con Windows 11 Pro, adattandosi perfettamente a ufficio, smart working o mobilit\u00e0 costante.<br \/>Dotato di Intel Core i5-1145G7 di 11\u00aa generazione a 2.6 GHz, 16 GB di memoria DDR4 e un veloce SSD M.2 da 256 GB, offre prestazioni fluide anche in multitasking intensivo, applicazioni aziendali e lavoro collaborativo nel cloud. Il suo display touch da 13 pollici FullHD (1920 x 1280) in formato 16:10 offre maggiore area verticale utile e un\u2019esperienza visiva nitida e confortevole per documenti, fogli di calcolo e presentazioni. La tastiera spagnola migliora l\u2019ergonomia durante lunghe giornate lavorative, mentre il TPM 2.0 garantisce una protezione avanzata dei dati.<br \/>HP Elite x2 G8 si distingue per il suo equilibrio tra potenza, leggerezza e design premium, posizionandosi come un tablet Windows professionale pronto a sostituire un portatile tradizionale senza perdere mobilit\u00e0. Un dispositivo moderno, sicuro ed efficiente che aumenta la produttivit\u00e0 e proietta un\u2019immagine tecnologica di alto livello.<br \/>Buon aspetto esterno. Guarda in \u201c+ Foto\u201d e se hai qualche dubbio chiamaci o utilizza la nostra chat per ampliare le informazioni o per richiedere maggiori dettagli.<br \/><strong>Commenti<\/strong><br \/><u>Tastiera internazionale<\/u><\/p>\n","protected":false},"excerpt":{"rendered":"<p>Intel Core i5 i5-1145G7 2.6 GHz. \u00b7 16 Gb. SO-DDR4 RAM \u00b7 256 Gb. SSD M2 \u00b7 <strong>Windows 11 Pro<\/strong> \u00b7 Tattile 13 &#8221; FullHD 16:10 \u00b7<br \/>\n<u>Tastiera internazionale<br \/>\n<\/u><\/p>\n","protected":false},"featured_media":161809,"template":"","meta":[],"product_brand":[3453],"product_cat":[3869,3939],"product_tag":[],"class_list":{"0":"post-161895","1":"product","2":"type-product","3":"status-publish","4":"has-post-thumbnail","6":"product_brand-hp","7":"product_cat-tablets-it","8":"product_cat-tablets-tablets-it","10":"first","11":"instock","12":"taxable","13":"shipping-taxable","14":"purchasable","15":"product-type-simple"},"bundled_by":[],"bundle_stock_status":"instock","bundle_stock_quantity":18,"bundle_virtual":false,"bundle_layout":"","bundle_add_to_cart_form_location":"","bundle_editable_in_cart":false,"bundle_sold_individually_context":"","bundle_item_grouping":"","bundle_min_size":"","bundle_max_size":"","bundle_price":[],"bundled_items":[],"bundle_sell_ids":[],"exclude_global_add_ons":true,"addons":{"keyboard-iso-upgrades":{"name":"Seleziona lingua della tastiera","type":"multiple_choice","position":0,"required":false,"title_format":"heading","default":"","description_enable":false,"description":"","placeholder_enable":false,"placeholder":"","display":"radiobutton","restrictions_type":"any_text","adjust_price":false,"price":"","price_type":"quantity_based","restrictions":false,"min":"0","max":"0","options":[{"label":"Spanish Stickers [AMP00082]","price":"0.0000","price_type":"quantity_based","image":0,"visibility":true},{"label":"French Stickers [AMP00084]","price":"0.0000","price_type":"quantity_based","image":0,"visibility":true},{"label":"Portuguese Stickers [AMP00083]","price":"0.0000","price_type":"quantity_based","image":0,"visibility":true}]},"pencil-upgrades":{"name":"Estensione Matita","type":"multiple_choice","position":0,"required":false,"title_format":"heading","default":"","description_enable":false,"description":"","placeholder_enable":false,"placeholder":"","display":"radiobutton","restrictions_type":"any_text","adjust_price":false,"price":"","price_type":"quantity_based","restrictions":false,"min":"0","max":"0","options":[{"label":"Active Stylus HP Elite X2 [AMP00092]","price":"35.0000","price_type":"quantity_based","image":0,"visibility":true},{"label":"Active Stylus HP Elite X2 Batteria [AMP00168]","price":"49.0000","price_type":"quantity_based","image":0,"visibility":true}]},"os-upgrades":{"name":"Estensione SO","type":"multiple_choice","position":0,"required":false,"title_format":"heading","default":"","description_enable":false,"description":"","placeholder_enable":false,"placeholder":"","display":"radiobutton","restrictions_type":"any_text","adjust_price":false,"price":"","price_type":"quantity_based","restrictions":false,"min":"0","max":"0","options":[{"label":"Change language to French [AMP00125]","price":"0.0000","price_type":"quantity_based","image":0,"visibility":true},{"label":"Change language to English [AMP00008]","price":"0.0000","price_type":"quantity_based","image":0,"visibility":true},{"label":"Change language to Portuguese [AMP00009]","price":"0.0000","price_type":"quantity_based","image":0,"visibility":true}]}},"df_price":677.24,"df_sale_price":"","df_regular_price":677.24,"df_image_link":"https:\/\/zoca.es\/wp-content\/uploads\/images\/product\/14726\/hp03262_01-300x225.jpg","_links":{"self":[{"href":"https:\/\/zoca.es\/it\/wp-json\/wp\/v2\/product\/161895","targetHints":{"allow":["GET"]}}],"collection":[{"href":"https:\/\/zoca.es\/it\/wp-json\/wp\/v2\/product"}],"about":[{"href":"https:\/\/zoca.es\/it\/wp-json\/wp\/v2\/types\/product"}],"wp:featuredmedia":[{"embeddable":true,"href":"https:\/\/zoca.es\/it\/wp-json\/wp\/v2\/media\/161809"}],"wp:attachment":[{"href":"https:\/\/zoca.es\/it\/wp-json\/wp\/v2\/media?parent=161895"}],"wp:term":[{"taxonomy":"product_brand","embeddable":true,"href":"https:\/\/zoca.es\/it\/wp-json\/wp\/v2\/product_brand?post=161895"},{"taxonomy":"product_cat","embeddable":true,"href":"https:\/\/zoca.es\/it\/wp-json\/wp\/v2\/product_cat?post=161895"},{"taxonomy":"product_tag","embeddable":true,"href":"https:\/\/zoca.es\/it\/wp-json\/wp\/v2\/product_tag?post=161895"}],"curies":[{"name":"wp","href":"https:\/\/api.w.org\/{rel}","templated":true}]}}