{"id":144059,"date":"2025-10-06T10:49:51","date_gmt":"2025-10-06T09:49:51","guid":{"rendered":"https:\/\/zoca.es\/producto\/lenovo-thinkpad-l14-gen-1-14-reacondicionado-core-i5-17ghz-16-gb-ram-256-gb-ssd-m2-1920x1080-es-13914\/"},"modified":"2026-01-29T09:54:15","modified_gmt":"2026-01-29T08:54:15","slug":"lenovo-thinkpad-l14-gen-1-14-reacondicionado-core-i5-17ghz-16-gb-ram-256-gb-ssd-m2-1920x1080-es-13914","status":"publish","type":"product","link":"https:\/\/zoca.es\/it\/producto\/lenovo-thinkpad-l14-gen-1-14-reacondicionado-core-i5-17ghz-16-gb-ram-256-gb-ssd-m2-1920x1080-es-13914\/","title":{"rendered":"Lenovo ThinkPad L14 Gen 1 14&#8221; | Reacondicionado | Core i5 1.6GHz | 16 GB RAM | 256 GB SSD M2 1920&#215;1080"},"content":{"rendered":"<p><strong>Procesador<\/strong><br \/>Intel Core i5 10210U 1.6 GHz.<br \/><strong>Memoria RAM<\/strong><br \/>16 Gb. SO-DDR4 RAM<br \/><strong>Disco duro<\/strong><br \/>256 Gb. SSD M2<br \/><strong>Tarjetas<\/strong><br \/>Gr\u00e1fica: Intel UHD Graphics<br \/>Sonido: Realtek Audio<br \/>Red: intel(R) ethernet l219-LM<br \/><strong>Sistema operativo<\/strong><br \/>Windows 11 Pro<br \/><strong>Puertos<\/strong><br \/>USB-C<br \/>2x USB 3.1<br \/><strong>Pantalla<\/strong><br \/>IPS 14 &#8221; FullHD 16:9  \u00b7 Resoluci\u00f3n 1920&#215;1080<br \/><strong>Puertos de v\u00eddeo<\/strong><br \/>HDMI<br \/><strong>Multimedia<\/strong><br \/>Webcam<br \/><strong>Conectividad<\/strong><br \/>RJ-45<br \/>WIFI<br \/>Bluetooth<br \/><strong>Espec\u00edfico port\u00e1til<\/strong><br \/>Idioma teclado Espa\u00f1ol<br \/><strong>Otros<\/strong><br \/>Embalaje hR<br \/><strong>Dimensiones<\/strong><br \/>31x21x17 cm.<br \/><strong>Peso<\/strong><br \/>1.38 Kg.<br \/><strong>Especificaciones adicionales<\/strong><br \/>El Lenovo ThinkPad L14 Gen 1 es un port\u00e1til profesional dise\u00f1ado para ofrecer rendimiento, fiabilidad y productividad en un formato compacto y resistente. Equipado con un procesador Intel Core i5 10310U de 1.7 GHz y 16 Gb de memoria SO-DDR4 RAM, garantiza un funcionamiento \u00e1gil incluso en tareas exigentes. Su r\u00e1pida unidad SSD M2 de 256 Gb proporciona tiempos de arranque casi instant\u00e1neos y una excelente capacidad de respuesta. La pantalla IPS de 14 pulgadas FullHD con resoluci\u00f3n 1920&#215;1080 ofrece una imagen n\u00edtida, con colores precisos y amplios \u00e1ngulos de visi\u00f3n, ideal tanto para el trabajo como para el entretenimiento. Incluye Windows 11 Pro para un entorno seguro y actualizado, webcam integrada para reuniones en l\u00ednea y m\u00f3dulo TPM 2.0 para una mayor protecci\u00f3n de los datos. El ThinkPad L14 Gen 1 combina el dise\u00f1o robusto caracter\u00edstico de Lenovo con la eficiencia y fiabilidad que demandan los entornos profesionales modernos.<br \/>Buen aspecto exterior. Puede presentar ligeras marcas de uso en carcasa. Si tienes alguna duda ll\u00e1manos o usa nuestro chat para ampliar la informaci\u00f3n\u00a0 o para solicitar mas detalles.<\/p>\n","protected":false},"excerpt":{"rendered":"<p>Intel Core i5 10310U 1.7 GHz. \u00b7 16 Gb. SO-DDR4 RAM \u00b7 256 Gb. SSD M2 \u00b7 <strong>Windows 11 Pro<\/strong> \u00b7 IPS 14 &#8221; FullHD 16:9 \u00b7 Resoluci\u00f3n 1920&#215;1080 \u00b7 Webcam<\/p>\n","protected":false},"featured_media":144060,"template":"","meta":[],"product_brand":[3452],"product_cat":[2252,3119],"product_tag":[],"class_list":{"0":"post-144059","1":"product","2":"type-product","3":"status-publish","4":"has-post-thumbnail","6":"product_brand-lenovo","7":"product_cat-portatiles-es","8":"product_cat-portatiles-portatiles-es","10":"first","11":"outofstock","12":"taxable","13":"shipping-taxable","14":"purchasable","15":"product-type-simple"},"bundled_by":[],"bundle_stock_status":"outofstock","bundle_stock_quantity":0,"bundle_virtual":false,"bundle_layout":"","bundle_add_to_cart_form_location":"","bundle_editable_in_cart":false,"bundle_sold_individually_context":"","bundle_item_grouping":"","bundle_min_size":"","bundle_max_size":"","bundle_price":[],"bundled_items":[],"bundle_sell_ids":[],"exclude_global_add_ons":true,"addons":{"keyboard-iso-upgrades":{"name":"Seleccionar idioma teclado","type":"multiple_choice","position":0,"required":false,"title_format":"heading","default":"","description_enable":false,"description":"","placeholder_enable":false,"placeholder":"","display":"radiobutton","restrictions_type":"any_text","adjust_price":false,"price":"","price_type":"quantity_based","restrictions":false,"min":"0","max":"0","options":[{"label":"Pegatinas Franc\u00e9s [AMP00084]","price":"0.0000","price_type":"quantity_based","image":0,"visibility":true},{"label":"Pegatinas Portugu\u00e9s [AMP00083]","price":"0.0000","price_type":"quantity_based","image":0,"visibility":true}]},"ram-memory-upgrades":{"name":"Ampliaci\u00f3n RAM","type":"multiple_choice","position":0,"required":false,"title_format":"heading","default":"","description_enable":false,"description":"","placeholder_enable":false,"placeholder":"","display":"radiobutton","restrictions_type":"any_text","adjust_price":false,"price":"","price_type":"quantity_based","restrictions":false,"min":"0","max":"0","options":[{"label":"Ampliaci\u00f3n 32 Gb RAM SODIM [AMP00098]","price":"85.0000","price_type":"quantity_based","image":0,"visibility":true}]},"hdd-upgrades":{"name":"Ampliaci\u00f3n disco duro","type":"multiple_choice","position":0,"required":false,"title_format":"heading","default":"","description_enable":false,"description":"","placeholder_enable":false,"placeholder":"","display":"radiobutton","restrictions_type":"any_text","adjust_price":false,"price":"","price_type":"quantity_based","restrictions":false,"min":"0","max":"0","options":[{"label":"Cambio a Disco SSD 500 Gb. M.2 2280 PCIe [AMP00106]","price":"60.0000","price_type":"quantity_based","image":0,"visibility":true},{"label":"Cambio a Disco SSD 1 Tb. M.2 2280 PCIe [AMP00107]","price":"105.0000","price_type":"quantity_based","image":0,"visibility":true}]},"os-upgrades":{"name":"Ampliaci\u00f3n SO","type":"multiple_choice","position":0,"required":false,"title_format":"heading","default":"","description_enable":false,"description":"","placeholder_enable":false,"placeholder":"","display":"radiobutton","restrictions_type":"any_text","adjust_price":false,"price":"","price_type":"quantity_based","restrictions":false,"min":"0","max":"0","options":[{"label":"Cambiar idioma a Franc\u00e9s [AMP00125]","price":"0.0000","price_type":"quantity_based","image":0,"visibility":true},{"label":"Cambiar idioma a Ingl\u00e9s [AMP00008]","price":"0.0000","price_type":"quantity_based","image":0,"visibility":true},{"label":"Cambiar idioma a Portugu\u00e9s [AMP00009]","price":"0.0000","price_type":"quantity_based","image":0,"visibility":true}]},"briefcase-upgrades":{"name":"Malet\u00edn","type":"multiple_choice","position":0,"required":false,"title_format":"heading","default":"","description_enable":false,"description":"","placeholder_enable":false,"placeholder":"","display":"radiobutton","restrictions_type":"any_text","adjust_price":false,"price":"","price_type":"quantity_based","restrictions":false,"min":"0","max":"0","options":[{"label":"Malet\u00edn Port\u00e1til [AMP00041]","price":"5.0000","price_type":"quantity_based","image":0,"visibility":true}]}},"df_price":469.6,"df_sale_price":"","df_regular_price":469.6,"df_image_link":"https:\/\/zoca.es\/wp-content\/uploads\/images\/product\/13914\/leno01030_01-300x225.jpg","_links":{"self":[{"href":"https:\/\/zoca.es\/it\/wp-json\/wp\/v2\/product\/144059","targetHints":{"allow":["GET"]}}],"collection":[{"href":"https:\/\/zoca.es\/it\/wp-json\/wp\/v2\/product"}],"about":[{"href":"https:\/\/zoca.es\/it\/wp-json\/wp\/v2\/types\/product"}],"wp:featuredmedia":[{"embeddable":true,"href":"https:\/\/zoca.es\/it\/wp-json\/wp\/v2\/media\/144060"}],"wp:attachment":[{"href":"https:\/\/zoca.es\/it\/wp-json\/wp\/v2\/media?parent=144059"}],"wp:term":[{"taxonomy":"product_brand","embeddable":true,"href":"https:\/\/zoca.es\/it\/wp-json\/wp\/v2\/product_brand?post=144059"},{"taxonomy":"product_cat","embeddable":true,"href":"https:\/\/zoca.es\/it\/wp-json\/wp\/v2\/product_cat?post=144059"},{"taxonomy":"product_tag","embeddable":true,"href":"https:\/\/zoca.es\/it\/wp-json\/wp\/v2\/product_tag?post=144059"}],"curies":[{"name":"wp","href":"https:\/\/api.w.org\/{rel}","templated":true}]}}