{"id":140923,"date":"2025-08-21T19:37:39","date_gmt":"2025-08-21T18:37:39","guid":{"rendered":"https:\/\/zoca.es\/producto\/fujitsu-stylistic-q738-bateria-nueva-133-reacondicionado-core-i5-17ghz-8-gb-ram-512-gb-ssd-m2-1920x1080-es-13732\/"},"modified":"2025-09-03T12:50:46","modified_gmt":"2025-09-03T11:50:46","slug":"fujitsu-stylistic-q738-bateria-nueva-133-reacondicionado-core-i5-17ghz-8-gb-ram-512-gb-ssd-m2-1920x1080-es-13732","status":"publish","type":"product","link":"https:\/\/zoca.es\/it\/producto\/fujitsu-stylistic-q738-bateria-nueva-133-reacondicionado-core-i5-17ghz-8-gb-ram-512-gb-ssd-m2-1920x1080-es-13732\/","title":{"rendered":"Fujitsu Stylistic Q738 13.3&#8243;"},"content":{"rendered":"<p><strong>Procesador<\/strong><br \/>Intel Core i5 8350U 1.7 GHz.<br \/><strong>Memoria RAM<\/strong><br \/>8 Gb. SO-DDR3 RAM<br \/><strong>Disco duro<\/strong><br \/>512 Gb. SSD M2<br \/><strong>Tarjetas<\/strong><br \/>Gr\u00e1fica: Intel HD Graphics 620<br \/>Sonido: Realtek High Definition Audio<br \/><strong>Sistema operativo<\/strong><br \/>Windows 11 Pro<br \/><strong>Puertos<\/strong><br \/>USB 2.0<br \/>USB 3.0<br \/><strong>Pantalla<\/strong><br \/>T\u00e1ctil 13.3 &#8221; FullHD 16:9 \u00b7 Resoluci\u00f3n 1920&#215;1080<br \/><strong>Puertos de v\u00eddeo<\/strong><br \/>Mini HDMI<br \/><strong>Multimedia<\/strong><br \/>C\u00e1mara trasera<br \/>C\u00e1mara frontal<br \/><strong>Conectividad<\/strong><br \/>WIFI<br \/>Bluetooth<br \/>4G<br \/><strong>Otros<\/strong><br \/>Embalaje hR<br \/><strong>Dimensiones<\/strong><br \/>31.7&#215;25.2&#215;2 cm.<br \/><strong>Peso<\/strong><br \/>1.40 Kg.<br \/><strong>Especificaciones adicionales<\/strong><br \/>La Fujitsu Stylistic Q738 es una tablet profesional dise\u00f1ada para quienes buscan rendimiento, versatilidad y productividad en movilidad. Equipada con un procesador Intel Core i5-8350U a 1.7 GHz, 8 GB de memoria RAM SO-DDR3 y un r\u00e1pido SSD M.2 de 512 GB, garantiza un funcionamiento fluido en aplicaciones de oficina, trabajo en remoto o entornos corporativos exigentes.Su pantalla t\u00e1ctil de 13.3 pulgadas FullHD (1920&#215;1080) en formato 16:9 ofrece im\u00e1genes n\u00edtidas y gran comodidad para trabajar durante horas. Incluye l\u00e1piz digital, ideal para tomar notas, dibujar o trabajar con precisi\u00f3n, adem\u00e1s de bater\u00eda nueva, asegurando mayor autonom\u00eda en el d\u00eda a d\u00eda.Con Windows 11 Pro y TPM 2.0, la Stylistic Q738 proporciona un entorno seguro y moderno, adaptado a las necesidades actuales. Una soluci\u00f3n robusta, ligera y pr\u00e1ctica para profesionales que requieren una tablet 2 en 1 confiable y lista para trabajar.Buen aspecto exterior. Si tienes alguna duda ll\u00e1manos o usa nuestro chat para ampliar la informaci\u00f3n o para solicitar mas detalles.<br \/><strong>Comentarios<\/strong><br \/><u>Incluye l\u00e1piz &#8211; Bater\u00eda Nueva<\/u><\/p>\n","protected":false},"excerpt":{"rendered":"<p>Hazte con la Fujitsu Stylistic Q738 reacondicionada con bater\u00eda nueva, procesador Intel Core i5 8350U, 8 GB de RAM y SSD de 512 GB. Su pantalla t\u00e1ctil FullHD de 13,3\u2019\u2019 ofrece precisi\u00f3n con l\u00e1piz incluido, mientras que Windows 11 Pro y TPM 2.0 aportan seguridad profesional. Ligera, vers\u00e1til y perfecta para trabajar en movilidad.<\/p>\n","protected":false},"featured_media":140924,"template":"","meta":[],"product_brand":[3458],"product_cat":[3110,2300],"product_tag":[],"class_list":{"0":"post-140923","1":"product","2":"type-product","3":"status-publish","4":"has-post-thumbnail","6":"product_brand-fujitsu","7":"product_cat-tablets-tablets-es","8":"product_cat-tablets-es","10":"first","11":"outofstock","12":"taxable","13":"shipping-taxable","14":"purchasable","15":"product-type-simple"},"bundled_by":[],"bundle_stock_status":"outofstock","bundle_stock_quantity":0,"bundle_virtual":false,"bundle_layout":"","bundle_add_to_cart_form_location":"","bundle_editable_in_cart":false,"bundle_sold_individually_context":"","bundle_item_grouping":"","bundle_min_size":"","bundle_max_size":"","bundle_price":[],"bundled_items":[],"bundle_sell_ids":[],"exclude_global_add_ons":true,"addons":{"keyboard-iso-upgrades":{"name":"Seleccionar idioma teclado","type":"multiple_choice","position":0,"required":false,"title_format":"heading","default":"","description_enable":false,"description":"","placeholder_enable":false,"placeholder":"","display":"radiobutton","restrictions_type":"any_text","adjust_price":false,"price":"","price_type":"quantity_based","restrictions":false,"min":"0","max":"0","options":[{"label":"Pegatinas Espa\u00f1ol [AMP00082]","price":"0.0000","price_type":"quantity_based","image":0,"visibility":true},{"label":"Pegatinas Franc\u00e9s [AMP00084]","price":"0.0000","price_type":"quantity_based","image":0,"visibility":true},{"label":"Pegatinas Portugu\u00e9s [AMP00083]","price":"0.0000","price_type":"quantity_based","image":0,"visibility":true}]},"os-upgrades":{"name":"Ampliaci\u00f3n SO","type":"multiple_choice","position":0,"required":false,"title_format":"heading","default":"","description_enable":false,"description":"","placeholder_enable":false,"placeholder":"","display":"radiobutton","restrictions_type":"any_text","adjust_price":false,"price":"","price_type":"quantity_based","restrictions":false,"min":"0","max":"0","options":[{"label":"Cambiar idioma a Franc\u00e9s [AMP00125]","price":"0.0000","price_type":"quantity_based","image":0,"visibility":true},{"label":"Cambiar idioma a Ingl\u00e9s [AMP00008]","price":"0.0000","price_type":"quantity_based","image":0,"visibility":true},{"label":"Cambiar idioma a Portugu\u00e9s [AMP00009]","price":"0.0000","price_type":"quantity_based","image":0,"visibility":true}]}},"df_price":469.6,"df_sale_price":"","df_regular_price":469.6,"df_image_link":"https:\/\/zoca.es\/wp-content\/uploads\/images\/product\/13732\/fuji00265_01-300x225.jpg","_links":{"self":[{"href":"https:\/\/zoca.es\/it\/wp-json\/wp\/v2\/product\/140923","targetHints":{"allow":["GET"]}}],"collection":[{"href":"https:\/\/zoca.es\/it\/wp-json\/wp\/v2\/product"}],"about":[{"href":"https:\/\/zoca.es\/it\/wp-json\/wp\/v2\/types\/product"}],"wp:featuredmedia":[{"embeddable":true,"href":"https:\/\/zoca.es\/it\/wp-json\/wp\/v2\/media\/140924"}],"wp:attachment":[{"href":"https:\/\/zoca.es\/it\/wp-json\/wp\/v2\/media?parent=140923"}],"wp:term":[{"taxonomy":"product_brand","embeddable":true,"href":"https:\/\/zoca.es\/it\/wp-json\/wp\/v2\/product_brand?post=140923"},{"taxonomy":"product_cat","embeddable":true,"href":"https:\/\/zoca.es\/it\/wp-json\/wp\/v2\/product_cat?post=140923"},{"taxonomy":"product_tag","embeddable":true,"href":"https:\/\/zoca.es\/it\/wp-json\/wp\/v2\/product_tag?post=140923"}],"curies":[{"name":"wp","href":"https:\/\/api.w.org\/{rel}","templated":true}]}}