{"id":139761,"date":"2025-07-29T12:29:22","date_gmt":"2025-07-29T11:29:22","guid":{"rendered":"https:\/\/zoca.es\/producto\/apple-macbook-pro-163-impecable-133-reacondicionado-core-i5-14ghz-8-gb-ram-256-gb-ssd-m2-2560x1600-es-13305\/"},"modified":"2025-11-02T21:30:55","modified_gmt":"2025-11-02T20:30:55","slug":"apple-macbook-pro-163-impecable-133-reacondicionado-core-i5-14ghz-8-gb-ram-256-gb-ssd-m2-2560x1600-es-13305","status":"publish","type":"product","link":"https:\/\/zoca.es\/it\/producto\/apple-macbook-pro-163-impecable-133-reacondicionado-core-i5-14ghz-8-gb-ram-256-gb-ssd-m2-2560x1600-es-13305\/","title":{"rendered":"Apple MacBook Pro 16,3-Impecable 13.3&#8221; | Reacondicionado | Core i5 1.4GHz | 8 GB RAM | 256 GB SSD M2 2560&#215;1600"},"content":{"rendered":"<p><strong>Procesador<\/strong><br \/>Intel Core i5 8257U 1.4 GHz.<br \/><strong>Memoria RAM<\/strong><br \/>8 Gb. SO-DDR4 RAM<br \/><strong>Disco duro<\/strong><br \/>256 Gb. SSD M2<br \/><strong>Tarjetas<\/strong><br \/>Gr\u00e1fica: Intel Iris 1.5Gb<br \/><strong>Sistema operativo<\/strong><br \/>macOS Sequoia<br \/><strong>Puertos<\/strong><br \/>2x USB-C<br \/><strong>Pantalla<\/strong><br \/>Retina 13.3 &#8221; 2K 16:9 \u00b7 Resoluci\u00f3n 2560&#215;1600<br \/><strong>Multimedia<\/strong><br \/>Webcam<br \/><strong>Conectividad<\/strong><br \/>WIFI<br \/>Bluetooth<br \/><strong>Espec\u00edfico port\u00e1til<\/strong><br \/>Idioma teclado Internacional (pegatinas Espa\u00f1ol)<br \/><strong>Otros<\/strong><br \/>Embalaje hR<br \/><strong>Dimensiones<\/strong><br \/>30.4&#215;21.2&#215;1.6 cm.<br \/><strong>Peso<\/strong><br \/>1.40 Kg.<br \/><strong>Especificaciones adicionales<\/strong><br \/>El equilibrio perfecto entre potencia, portabilidad y dise\u00f1o profesional. El MacBook Pro 13.3&#8243; modelo A2289 (2020) en color Space Grey est\u00e1 pensado para usuarios que necesitan rendimiento fluido, gran calidad de pantalla y la fiabilidad de un port\u00e1til Apple en su d\u00eda a d\u00eda.Impulsado por un Intel Core i5 8257U de 10\u00aa generaci\u00f3n a 1.4 GHz, este equipo ofrece un funcionamiento suave y estable para tareas de oficina, edici\u00f3n ligera, navegaci\u00f3n intensiva o trabajo en la nube. Sus 8 GB de RAM DDR4 y el r\u00e1pido SSD M.2 de 256 GB garantizan agilidad en todo momento, desde el arranque hasta la gesti\u00f3n multitarea.La pantalla Retina de 13.3 pulgadas, con resoluci\u00f3n 2K (2560&#215;1600), destaca por su nitidez, fidelidad de color y comodidad visual. La TouchBar integrada adapta sus funciones a cada aplicaci\u00f3n para acelerar tu flujo de trabajo, y la webcam HD asegura videollamadas con buena definici\u00f3n. Todo bajo macOS Sequoia, el sistema operativo m\u00e1s avanzado y optimizado de Apple.Dise\u00f1o premium, experiencia fluida y m\u00e1xima portabilidad: el MacBook Pro A2289 es una opci\u00f3n s\u00f3lida tanto para profesionales como para usuarios exigentes que valoran rendimiento y est\u00e9tica.Aspecto exterior Impecable. Mira en \u201c+ Fotos\u201d y si tienes alguna duda ll\u00e1manos o usa nuestro chat para ampliar la informaci\u00f3n o para solicitar mas detalles.<br \/><strong>Comentarios<\/strong><br \/><u>TouchBar &#8211; Modelo A2289 (2020) &#8211; Color Space Grey<\/u><\/p>\n","protected":false},"excerpt":{"rendered":"<p>Intel Core i5 8257U 1.4 GHz. \u00b7 8 Gb. SO-DDR4 RAM \u00b7 256 Gb. SSD M2 \u00b7 macOS Sequoia \u00b7 Retina 13.3 &#8221; 2K 16:9 \u00b7 Resoluci\u00f3n 2560&#215;1600 \u00b7 Webcam \u00b7 <strong>TouchBar<\/strong> &#8211; <u>Modelo A2289 (2020) &#8211; Color Space Grey<\/u><\/p>\n","protected":false},"featured_media":139762,"template":"","meta":[],"product_brand":[3449],"product_cat":[2252,3119],"product_tag":[],"class_list":{"0":"post-139761","1":"product","2":"type-product","3":"status-publish","4":"has-post-thumbnail","6":"product_brand-apple","7":"product_cat-portatiles-es","8":"product_cat-portatiles-portatiles-es","10":"first","11":"outofstock","12":"taxable","13":"shipping-taxable","14":"purchasable","15":"product-type-simple"},"bundled_by":[],"bundle_stock_status":"outofstock","bundle_stock_quantity":0,"bundle_virtual":false,"bundle_layout":"","bundle_add_to_cart_form_location":"","bundle_editable_in_cart":false,"bundle_sold_individually_context":"","bundle_item_grouping":"","bundle_min_size":"","bundle_max_size":"","bundle_price":[],"bundled_items":[],"bundle_sell_ids":[],"exclude_global_add_ons":true,"addons":{"keyboard-iso-upgrades":{"name":"Seleccionar idioma teclado","type":"multiple_choice","position":0,"required":false,"title_format":"heading","default":"","description_enable":false,"description":"","placeholder_enable":false,"placeholder":"","display":"radiobutton","restrictions_type":"any_text","adjust_price":false,"price":"","price_type":"quantity_based","restrictions":false,"min":"0","max":"0","options":[{"label":"Pegatinas Espa\u00f1ol [AMP00082]","price":"0.0000","price_type":"quantity_based","image":0,"visibility":true},{"label":"Pegatinas Franc\u00e9s [AMP00084]","price":"0.0000","price_type":"quantity_based","image":0,"visibility":true},{"label":"Pegatinas Portugu\u00e9s [AMP00083]","price":"0.0000","price_type":"quantity_based","image":0,"visibility":true}]},"mouse-upgrades":{"name":"Ampliaci\u00f3n rat\u00f3n","type":"multiple_choice","position":0,"required":false,"title_format":"heading","default":"","description_enable":false,"description":"","placeholder_enable":false,"placeholder":"","display":"radiobutton","restrictions_type":"any_text","adjust_price":false,"price":"","price_type":"quantity_based","restrictions":false,"min":"0","max":"0","options":[{"label":"Apple Magic Mouse 2 (A1657) [AMP00060]","price":"60.0000","price_type":"quantity_based","image":0,"visibility":true}]}},"df_price":696.11,"df_sale_price":"","df_regular_price":696.11,"df_image_link":"https:\/\/zoca.es\/wp-content\/uploads\/images\/product\/13305\/appl00581_01-300x225.jpg","_links":{"self":[{"href":"https:\/\/zoca.es\/it\/wp-json\/wp\/v2\/product\/139761","targetHints":{"allow":["GET"]}}],"collection":[{"href":"https:\/\/zoca.es\/it\/wp-json\/wp\/v2\/product"}],"about":[{"href":"https:\/\/zoca.es\/it\/wp-json\/wp\/v2\/types\/product"}],"wp:featuredmedia":[{"embeddable":true,"href":"https:\/\/zoca.es\/it\/wp-json\/wp\/v2\/media\/139762"}],"wp:attachment":[{"href":"https:\/\/zoca.es\/it\/wp-json\/wp\/v2\/media?parent=139761"}],"wp:term":[{"taxonomy":"product_brand","embeddable":true,"href":"https:\/\/zoca.es\/it\/wp-json\/wp\/v2\/product_brand?post=139761"},{"taxonomy":"product_cat","embeddable":true,"href":"https:\/\/zoca.es\/it\/wp-json\/wp\/v2\/product_cat?post=139761"},{"taxonomy":"product_tag","embeddable":true,"href":"https:\/\/zoca.es\/it\/wp-json\/wp\/v2\/product_tag?post=139761"}],"curies":[{"name":"wp","href":"https:\/\/api.w.org\/{rel}","templated":true}]}}