{"id":138419,"date":"2025-07-01T14:50:37","date_gmt":"2025-07-01T13:50:37","guid":{"rendered":"https:\/\/zoca.es\/producto\/tarjeta-sonido-amplificador-optimus-am-30-reacondicionado-es-13729\/"},"modified":"2025-09-09T13:41:40","modified_gmt":"2025-09-09T12:41:40","slug":"tarjeta-sonido-amplificador-optimus-am-30-reacondicionado-es-13729","status":"publish","type":"product","link":"https:\/\/zoca.es\/it\/producto\/tarjeta-sonido-amplificador-optimus-am-30-reacondicionado-es-13729\/","title":{"rendered":"Optimus AM-30 Tarjeta Amplificadora de Sonido"},"content":{"rendered":"<table class=\"table\" aria-describedby=\"heading-ficha-tecnica\">\n<caption class=\"sr-only\">Ficha t\u00e9cnica del producto<\/caption>\n<tbody>\n<tr class=\"compont d-flex\">\n<th scope=\"row\" class=\"col-4\">Marca<\/th>\n<td class=\"col-8\">Optimus<\/td>\n<\/tr>\n<tr class=\"compont d-flex\">\n<th scope=\"row\" class=\"col-4\">Modelo<\/th>\n<td class=\"col-8\">AM-30<\/td>\n<\/tr>\n<tr class=\"compont d-flex\">\n<th scope=\"row\" class=\"col-4\">Tipo de producto<\/th>\n<td class=\"col-8\">Amplificador de sonido<\/td>\n<\/tr>\n<tr class=\"compont d-flex\">\n<th scope=\"row\" class=\"col-4\">Potencia<\/th>\n<td class=\"col-8\">30 W RMS<\/td>\n<\/tr>\n<tr class=\"compont d-flex\">\n<th scope=\"row\" class=\"col-4\">Entradas<\/th>\n<td class=\"col-8\">2x Micr\u00f3fono + AUX\/CD<\/td>\n<\/tr>\n<tr class=\"compont d-flex\">\n<th scope=\"row\" class=\"col-4\">Ecualizaci\u00f3n<\/th>\n<td class=\"col-8\">Graves, medios y agudos (\u00b110 dB)<\/td>\n<\/tr>\n<tr class=\"compont d-flex\">\n<th scope=\"row\" class=\"col-4\">Conectividad altavoces<\/th>\n<td class=\"col-8\">4 \u03a9, 8 \u03a9, 70 V y 100 V<\/td>\n<\/tr>\n<tr class=\"compont d-flex\">\n<th scope=\"row\" class=\"col-4\">Alimentaci\u00f3n<\/th>\n<td class=\"col-8\">230 V AC, monof\u00e1sico<\/td>\n<\/tr>\n<tr class=\"compont d-flex\">\n<th scope=\"row\" class=\"col-4\">Prioridad micr\u00f3fono<\/th>\n<td class=\"col-8\">Autom\u00e1tica o manual conmutable<\/td>\n<\/tr>\n<tr class=\"compont d-flex\">\n<th scope=\"row\" class=\"col-4\">Uso recomendado<\/th>\n<td class=\"col-8\">Megafon\u00eda en colegios, comercios, oficinas y locales p\u00fablicos<\/td>\n<\/tr>\n<\/tbody>\n<\/table>\n","protected":false},"excerpt":{"rendered":"<p>Dale voz a tu espacio con el amplificador Optimus AM-30 reacondicionado. Perfecto para sistemas de megafon\u00eda en colegios, comercios, oficinas o locales p\u00fablicos. Con 30W RMS de potencia, dos entradas de micr\u00f3fono y prioridad autom\u00e1tica para anuncios, garantiza claridad y control total del sonido. \u00a1Conecta y proyecta!<\/p>\n","protected":false},"featured_media":138420,"template":"","meta":[],"product_brand":[3465],"product_cat":[2404,2446],"product_tag":[],"class_list":{"0":"post-138419","1":"product","2":"type-product","3":"status-publish","4":"has-post-thumbnail","6":"product_brand-generic","7":"product_cat-componentes-es","8":"product_cat-componentes-sonido-es","10":"first","11":"outofstock","12":"taxable","13":"shipping-taxable","14":"purchasable","15":"product-type-simple"},"bundled_by":[],"bundle_stock_status":"outofstock","bundle_stock_quantity":0,"bundle_virtual":false,"bundle_layout":"","bundle_add_to_cart_form_location":"","bundle_editable_in_cart":false,"bundle_sold_individually_context":"","bundle_item_grouping":"","bundle_min_size":"","bundle_max_size":"","bundle_price":[],"bundled_items":[],"bundle_sell_ids":[],"exclude_global_add_ons":[],"addons":[],"df_price":90.51,"df_sale_price":"","df_regular_price":90.51,"df_image_link":"https:\/\/zoca.es\/wp-content\/uploads\/images\/product\/13729\/gene00324_01-300x225.jpg","_links":{"self":[{"href":"https:\/\/zoca.es\/it\/wp-json\/wp\/v2\/product\/138419","targetHints":{"allow":["GET"]}}],"collection":[{"href":"https:\/\/zoca.es\/it\/wp-json\/wp\/v2\/product"}],"about":[{"href":"https:\/\/zoca.es\/it\/wp-json\/wp\/v2\/types\/product"}],"wp:featuredmedia":[{"embeddable":true,"href":"https:\/\/zoca.es\/it\/wp-json\/wp\/v2\/media\/138420"}],"wp:attachment":[{"href":"https:\/\/zoca.es\/it\/wp-json\/wp\/v2\/media?parent=138419"}],"wp:term":[{"taxonomy":"product_brand","embeddable":true,"href":"https:\/\/zoca.es\/it\/wp-json\/wp\/v2\/product_brand?post=138419"},{"taxonomy":"product_cat","embeddable":true,"href":"https:\/\/zoca.es\/it\/wp-json\/wp\/v2\/product_cat?post=138419"},{"taxonomy":"product_tag","embeddable":true,"href":"https:\/\/zoca.es\/it\/wp-json\/wp\/v2\/product_tag?post=138419"}],"curies":[{"name":"wp","href":"https:\/\/api.w.org\/{rel}","templated":true}]}}