{"id":136869,"date":"2025-06-12T09:38:34","date_gmt":"2025-06-12T08:38:34","guid":{"rendered":"https:\/\/zoca.es\/producto\/fujitsu-stylistic-r727-125-reacondicionado-core-i5-25ghz-8-gb-ram-256-gb-ssd-m2-1920x1080-es-13649\/"},"modified":"2025-09-10T09:35:07","modified_gmt":"2025-09-10T08:35:07","slug":"fujitsu-stylistic-r727-125-reacondicionado-core-i5-25ghz-8-gb-ram-256-gb-ssd-m2-1920x1080-es-13649","status":"publish","type":"product","link":"https:\/\/zoca.es\/it\/producto\/fujitsu-stylistic-r727-125-reacondicionado-core-i5-25ghz-8-gb-ram-256-gb-ssd-m2-1920x1080-es-13649\/","title":{"rendered":"Fujitsu Stylistic R727 Convertible"},"content":{"rendered":"<p><strong>Procesador<\/strong><br \/>Intel Core i5 7200U 2.5 GHz.<br \/><strong>Memoria RAM<\/strong><br \/>8 Gb. SO-DDR3 RAM<br \/><strong>Disco duro<\/strong><br \/>256 Gb. SSD M2<br \/><strong>Tarjetas<\/strong><br \/>Gr\u00e1fica: Intel HD Graphics 620<br \/>Sonido: Realtek High Definition Audio<br \/><strong>Sistema operativo<\/strong><br \/>Windows 10 Pro<br \/><strong>Puertos<\/strong><br \/>USB 3.1<br \/><strong>Pantalla<\/strong><br \/>T\u00e1ctil 12.5 &#8221; FullHD 16:9  \u00b7 Resoluci\u00f3n 1920&#215;1080<br \/><strong>Puertos de v\u00eddeo<\/strong><br \/>Mini Display Port<br \/><strong>Multimedia<\/strong><br \/>C\u00e1mara trasera<br \/>C\u00e1mara frontal<br \/><strong>Conectividad<\/strong><br \/>WIFI<br \/><strong>Otros<\/strong><br \/>Embalaje hR<br \/><strong>Dimensiones<\/strong><br \/>1.5x32x20.7 cm.<br \/><strong>Peso<\/strong><br \/>1.17 Kg.<br \/><strong>Especificaciones adicionales<\/strong><br \/>La Fujitsu Stylistic R727 combina la versatilidad de una tablet con la productividad de un port\u00e1til gracias a su teclado incluido y a un dise\u00f1o robusto y profesional. Equipada con procesador Intel Core i5-7200U a 2.5 GHz, 8 GB de RAM SO-DDR3 y un r\u00e1pido SSD M.2 de 256 GB, garantiza un rendimiento eficiente para tareas de oficina, trabajo remoto y entornos profesionales exigentes.<br \/>Su pantalla t\u00e1ctil de 12.5 pulgadas FullHD (1920&#215;1080) en formato 16:9 ofrece una excelente calidad visual. Con Windows 10 Pro y TPM 2.0, proporciona seguridad y compatibilidad con entornos corporativos.<br \/>Ideal para usuarios que buscan una tablet potente con teclado, fiable y lista para trabajar desde cualquier lugar.<br \/>Buen aspecto exterior. Puede presentar ligeras marcas de uso en carcasa. Si tienes alguna duda ll\u00e1manos o usa nuestro chat para ampliar la informaci\u00f3n&nbsp; o para solicitar mas detalles.<\/p>\n","protected":false},"excerpt":{"rendered":"<p>Consigue el Fujitsu Stylistic R727 reacondicionado, un convertible ligero con pantalla t\u00e1ctil Full HD y potencia para el d\u00eda a d\u00eda. C\u00f3mprelo ya.<\/p>\n","protected":false},"featured_media":136870,"template":"","meta":[],"product_brand":[3458],"product_cat":[3110,2300],"product_tag":[],"class_list":{"0":"post-136869","1":"product","2":"type-product","3":"status-publish","4":"has-post-thumbnail","6":"product_brand-fujitsu","7":"product_cat-tablets-tablets-es","8":"product_cat-tablets-es","10":"first","11":"outofstock","12":"taxable","13":"shipping-taxable","14":"purchasable","15":"product-type-simple"},"bundled_by":[],"bundle_stock_status":"outofstock","bundle_stock_quantity":0,"bundle_virtual":false,"bundle_layout":"","bundle_add_to_cart_form_location":"","bundle_editable_in_cart":false,"bundle_sold_individually_context":"","bundle_item_grouping":"","bundle_min_size":"","bundle_max_size":"","bundle_price":[],"bundled_items":[],"bundle_sell_ids":[],"exclude_global_add_ons":true,"addons":{"keyboard-iso-upgrades":{"name":"Seleccionar idioma teclado","type":"multiple_choice","position":0,"required":false,"title_format":"heading","default":"","description_enable":false,"description":"","placeholder_enable":false,"placeholder":"","display":"radiobutton","restrictions_type":"any_text","adjust_price":false,"price":"","price_type":"quantity_based","restrictions":false,"min":"0","max":"0","options":[{"label":"Pegatinas Espa\u00f1ol [AMP00082]","price":"0.0000","price_type":"quantity_based","image":0,"visibility":true},{"label":"Pegatinas Franc\u00e9s [AMP00084]","price":"0.0000","price_type":"quantity_based","image":0,"visibility":true},{"label":"Pegatinas Portugu\u00e9s [AMP00083]","price":"0.0000","price_type":"quantity_based","image":0,"visibility":true}]},"os-upgrades":{"name":"Ampliaci\u00f3n SO","type":"multiple_choice","position":0,"required":false,"title_format":"heading","default":"","description_enable":false,"description":"","placeholder_enable":false,"placeholder":"","display":"radiobutton","restrictions_type":"any_text","adjust_price":false,"price":"","price_type":"quantity_based","restrictions":false,"min":"0","max":"0","options":[{"label":"Cambiar idioma a Franc\u00e9s [AMP00125]","price":"0.0000","price_type":"quantity_based","image":0,"visibility":true},{"label":"Cambiar idioma a Ingl\u00e9s [AMP00008]","price":"0.0000","price_type":"quantity_based","image":0,"visibility":true},{"label":"Cambiar idioma a Portugu\u00e9s [AMP00009]","price":"0.0000","price_type":"quantity_based","image":0,"visibility":true}]}},"df_price":388.99,"df_sale_price":"","df_regular_price":388.99,"df_image_link":"https:\/\/zoca.es\/wp-content\/uploads\/images\/product\/13649\/fuji00264_01-300x225.jpg","_links":{"self":[{"href":"https:\/\/zoca.es\/it\/wp-json\/wp\/v2\/product\/136869","targetHints":{"allow":["GET"]}}],"collection":[{"href":"https:\/\/zoca.es\/it\/wp-json\/wp\/v2\/product"}],"about":[{"href":"https:\/\/zoca.es\/it\/wp-json\/wp\/v2\/types\/product"}],"wp:featuredmedia":[{"embeddable":true,"href":"https:\/\/zoca.es\/it\/wp-json\/wp\/v2\/media\/136870"}],"wp:attachment":[{"href":"https:\/\/zoca.es\/it\/wp-json\/wp\/v2\/media?parent=136869"}],"wp:term":[{"taxonomy":"product_brand","embeddable":true,"href":"https:\/\/zoca.es\/it\/wp-json\/wp\/v2\/product_brand?post=136869"},{"taxonomy":"product_cat","embeddable":true,"href":"https:\/\/zoca.es\/it\/wp-json\/wp\/v2\/product_cat?post=136869"},{"taxonomy":"product_tag","embeddable":true,"href":"https:\/\/zoca.es\/it\/wp-json\/wp\/v2\/product_tag?post=136869"}],"curies":[{"name":"wp","href":"https:\/\/api.w.org\/{rel}","templated":true}]}}