{"id":130853,"date":"2025-04-22T12:54:48","date_gmt":"2025-04-22T11:54:48","guid":{"rendered":"https:\/\/zoca.es\/producto\/hp-z2-g3-workstation-mini-reacondicionado-core-i5-34ghz-16-gb-ram-250-gb-ssd-es-13549\/"},"modified":"2025-09-11T13:16:06","modified_gmt":"2025-09-11T12:16:06","slug":"hp-z2-g3-workstation-mini-reacondicionado-core-i5-34ghz-16-gb-ram-250-gb-ssd-es-13549","status":"publish","type":"product","link":"https:\/\/zoca.es\/it\/producto\/hp-z2-g3-workstation-mini-reacondicionado-core-i5-34ghz-16-gb-ram-250-gb-ssd-es-13549\/","title":{"rendered":"HP Z2 G3 Workstation Mini"},"content":{"rendered":"<p><strong>Procesador<\/strong><br \/>Intel Core i5 7500 3.4 GHz.<br \/><strong>Formato<\/strong><br \/>Mini<br \/><strong>Memoria RAM<\/strong><br \/>16 Gb. SO-DDR4 RAM<br \/><strong>Disco duro<\/strong><br \/>250 Gb. SSD<br \/><strong>Tarjetas<\/strong><br \/>Gr\u00e1fica: Intel Graphics 630<br \/>Sonido: Realtek HDA<br \/>Red: Intel I219-LM<br \/><strong>Sistema operativo<\/strong><br \/>Windows 10 Pro<br \/><strong>Puertos<\/strong><br \/>4x USB 3.0<br \/><strong>Puertos de v\u00eddeo<\/strong><br \/>3x Display Port<br \/><strong>Conectividad<\/strong><br \/>RJ-45<br \/><strong>Otros<\/strong><br \/>Embalaje hR<br \/><strong>Dimensiones<\/strong><br \/>21.8&#215;21.8&#215;6 cm.<br \/><strong>Peso<\/strong><br \/>2.00 Kg.<br \/><strong>Especificaciones adicionales<\/strong><br \/>La HP Z2 G3 WorkStation Mini demuestra que el rendimiento profesional no est\u00e1 re\u00f1ido con el tama\u00f1o. Equipada con un \u00e1gil procesador Intel Core i5-7500 a 3.4 GHz y 16 GB de memoria SO-DDR4, ofrece un rendimiento fluido para tareas de oficina avanzada, dise\u00f1o ligero, desarrollo y gesti\u00f3n de proyectos. Su unidad SSD de 250 GB garantiza arranques r\u00e1pidos, cargas eficientes y una experiencia de uso \u00e1gil y estable en todo momento. Gracias al soporte para almacenamiento M.2 2280, permite ampliar f\u00e1cilmente la capacidad si el flujo de trabajo lo requiere. Con Windows 10 Pro y TPM 2.0, est\u00e1 preparada para entornos corporativos que exigen seguridad y compatibilidad. La Z2 G3 Mini es la elecci\u00f3n perfecta para quienes necesitan un equipo profesional, silencioso y de bajo consumo que no ocupe espacio y est\u00e9 siempre listo para rendir.Buen aspecto exterior. Puede presentar ligeras marcas de uso en carcasa. Mira en \u201c+ Fotos\u201d y &#8220;Video&#8221; y si tienes alguna duda ll\u00e1manos o usa nuestro chat para ampliar la informaci\u00f3n o para solicitar mas detalles.<br \/><strong>Comentarios<\/strong><br \/><u>1xM.2 2280 para Almacenamiento<\/u><\/p>\n","protected":false},"excerpt":{"rendered":"<p>Obt\u00e9n el HP Z2 G3 reacondicionado, un mini PC t\u00e9cnico con Core i5, ideal para espacios reducidos y tareas exigentes. C\u00f3mprelo ya.<\/p>\n","protected":false},"featured_media":130854,"template":"","meta":[],"product_brand":[3453],"product_cat":[2217,2220,2226],"product_tag":[],"class_list":{"0":"post-130853","1":"product","2":"type-product","3":"status-publish","4":"has-post-thumbnail","6":"product_brand-hp","7":"product_cat-ordenadores-es","8":"product_cat-ordenadores-workstations-es","9":"product_cat-ordenadores-mini-es","11":"first","12":"outofstock","13":"taxable","14":"shipping-taxable","15":"purchasable","16":"product-type-simple"},"bundled_by":[],"bundle_stock_status":"outofstock","bundle_stock_quantity":0,"bundle_virtual":false,"bundle_layout":"","bundle_add_to_cart_form_location":"","bundle_editable_in_cart":false,"bundle_sold_individually_context":"","bundle_item_grouping":"","bundle_min_size":"","bundle_max_size":"","bundle_price":[],"bundled_items":[],"bundle_sell_ids":[],"exclude_global_add_ons":true,"addons":{"webcam-upgrades":{"name":"Ampliaci\u00f3n Webcam","type":"multiple_choice","position":0,"required":false,"title_format":"heading","default":"","description_enable":false,"description":"","placeholder_enable":false,"placeholder":"","display":"radiobutton","restrictions_type":"any_text","adjust_price":false,"price":"","price_type":"quantity_based","restrictions":false,"min":"0","max":"0","options":[{"label":"Conceptronic AMDIS FullHD [AMP00085]","price":"29.0000","price_type":"quantity_based","image":0,"visibility":true}]},"ram-memory-upgrades":{"name":"Ampliaci\u00f3n RAM","type":"multiple_choice","position":0,"required":false,"title_format":"heading","default":"","description_enable":false,"description":"","placeholder_enable":false,"placeholder":"","display":"radiobutton","restrictions_type":"any_text","adjust_price":false,"price":"","price_type":"quantity_based","restrictions":false,"min":"0","max":"0","options":[{"label":"Ampliaci\u00f3n 32 Gb RAM SODIM [AMP00098]","price":"70.0000","price_type":"quantity_based","image":0,"visibility":true}]},"hdd-upgrades":{"name":"Ampliaci\u00f3n disco duro","type":"multiple_choice","position":0,"required":false,"title_format":"heading","default":"","description_enable":false,"description":"","placeholder_enable":false,"placeholder":"","display":"radiobutton","restrictions_type":"any_text","adjust_price":false,"price":"","price_type":"quantity_based","restrictions":false,"min":"0","max":"0","options":[{"label":"Cambio a Disco SSD 480 Gb. [AMP00014]","price":"49.0000","price_type":"quantity_based","image":0,"visibility":true},{"label":"Cambio a Disco SSD 1 Tb. [AMP00071]","price":"69.0000","price_type":"quantity_based","image":0,"visibility":true},{"label":"Cambio a Disco SSD 500 Gb. M.2 2280 PCIe [AMP00106]","price":"65.0000","price_type":"quantity_based","image":0,"visibility":true},{"label":"Cambio a Disco SSD 1 Tb. M.2 2280 PCIe [AMP00107]","price":"110.0000","price_type":"quantity_based","image":0,"visibility":true},{"label":"Disco SSD 500 Gb. M.2 2280 PCIe Adicional [AMP00108]","price":"65.0000","price_type":"quantity_based","image":0,"visibility":true},{"label":"Disco SSD 1 Tb. M.2 2280 PCIe Adicional [AMP00109]","price":"110.0000","price_type":"quantity_based","image":0,"visibility":true}]},"network-card-upgrades":{"name":"Ampliaci\u00f3n WIFI","type":"multiple_choice","position":0,"required":false,"title_format":"heading","default":"","description_enable":false,"description":"","placeholder_enable":false,"placeholder":"","display":"radiobutton","restrictions_type":"any_text","adjust_price":false,"price":"","price_type":"quantity_based","restrictions":false,"min":"0","max":"0","options":[{"label":"Ampliaci\u00f3n a Wireless nano USB [AMP00018]","price":"12.0000","price_type":"quantity_based","image":0,"visibility":true}]},"os-upgrades":{"name":"Ampliaci\u00f3n SO","type":"multiple_choice","position":0,"required":false,"title_format":"heading","default":"","description_enable":false,"description":"","placeholder_enable":false,"placeholder":"","display":"radiobutton","restrictions_type":"any_text","adjust_price":false,"price":"","price_type":"quantity_based","restrictions":false,"min":"0","max":"0","options":[{"label":"Cambiar idioma a Franc\u00e9s [AMP00125]","price":"0.0000","price_type":"quantity_based","image":0,"visibility":true},{"label":"Cambiar idioma a Ingl\u00e9s [AMP00008]","price":"0.0000","price_type":"quantity_based","image":0,"visibility":true},{"label":"Cambiar idioma a Portugu\u00e9s [AMP00009]","price":"0.0000","price_type":"quantity_based","image":0,"visibility":true}]},"keyboard-upgrades":{"name":"Ampliaci\u00f3n teclado","type":"multiple_choice","position":0,"required":false,"title_format":"heading","default":"","description_enable":false,"description":"","placeholder_enable":false,"placeholder":"","display":"radiobutton","restrictions_type":"any_text","adjust_price":false,"price":"","price_type":"quantity_based","restrictions":false,"min":"0","max":"0","options":[{"label":"Teclado y Rat\u00f3n [AMP00020]","price":"8.0000","price_type":"quantity_based","image":0,"visibility":true},{"label":"Teclado y Rat\u00f3n Portugu\u00e9s Nuevo [AMP00088]","price":"15.0000","price_type":"quantity_based","image":0,"visibility":true},{"label":"Teclado y Rat\u00f3n USB Espa\u00f1ol (Nuevo) [AMP00068]","price":"12.0000","price_type":"quantity_based","image":0,"visibility":true}]}},"df_price":329.6,"df_sale_price":"","df_regular_price":329.6,"df_image_link":"https:\/\/zoca.es\/wp-content\/uploads\/images\/product\/13549\/hp02992_01-300x225.jpg","_links":{"self":[{"href":"https:\/\/zoca.es\/it\/wp-json\/wp\/v2\/product\/130853","targetHints":{"allow":["GET"]}}],"collection":[{"href":"https:\/\/zoca.es\/it\/wp-json\/wp\/v2\/product"}],"about":[{"href":"https:\/\/zoca.es\/it\/wp-json\/wp\/v2\/types\/product"}],"wp:featuredmedia":[{"embeddable":true,"href":"https:\/\/zoca.es\/it\/wp-json\/wp\/v2\/media\/130854"}],"wp:attachment":[{"href":"https:\/\/zoca.es\/it\/wp-json\/wp\/v2\/media?parent=130853"}],"wp:term":[{"taxonomy":"product_brand","embeddable":true,"href":"https:\/\/zoca.es\/it\/wp-json\/wp\/v2\/product_brand?post=130853"},{"taxonomy":"product_cat","embeddable":true,"href":"https:\/\/zoca.es\/it\/wp-json\/wp\/v2\/product_cat?post=130853"},{"taxonomy":"product_tag","embeddable":true,"href":"https:\/\/zoca.es\/it\/wp-json\/wp\/v2\/product_tag?post=130853"}],"curies":[{"name":"wp","href":"https:\/\/api.w.org\/{rel}","templated":true}]}}