{"id":126954,"date":"2025-02-21T11:22:46","date_gmt":"2025-02-21T10:22:46","guid":{"rendered":"https:\/\/zoca.es\/producto\/hp-proliant-ml30-g9-torre-reacondicionado-xeon-quad-core-3ghz-32-gb-ram-2048-gb-sas-es-13267\/"},"modified":"2025-07-09T08:21:07","modified_gmt":"2025-07-09T07:21:07","slug":"hp-proliant-ml30-g9-torre-reacondicionado-xeon-quad-core-3ghz-32-gb-ram-2048-gb-sas-es-13267","status":"publish","type":"product","link":"https:\/\/zoca.es\/it\/producto\/hp-proliant-ml30-g9-torre-reacondicionado-xeon-quad-core-3ghz-32-gb-ram-2048-gb-sas-es-13267\/","title":{"rendered":"HP Proliant ML30 G9 Torre | Reacondicionado | Xeon Quad Core 3GHz | 32 GB RAM | 2048 GB SAS"},"content":{"rendered":"<p><strong>Procesador<\/strong><br \/>Intel Xeon Quad Core E3-1220 V6 3 GHz.<br \/><strong>Formato<\/strong><br \/>Torre<br \/><strong>Memoria RAM<\/strong><br \/>32 Gb. DDR4 RAM<br \/>4 bah\u00edas (0 vac\u00edas )<br \/><strong>Disco duro<\/strong><br \/>2x 2.00 Tb. SAS 2.5&#8221; 10000rpm<br \/>8 bah\u00edas (6 vac\u00edas )<br \/><strong>Unidad \u00f3ptica<\/strong><br \/>DVD<br \/><strong>Sistema operativo<\/strong><br \/>&#8211; Sin sistema operativo &#8211;<br \/><strong>Puertos<\/strong><br \/>2x USB 2.0<br \/>6x USB 3.0<br \/><strong>Conectividad<\/strong><br \/>2x RJ-45<br \/><strong>Alimentaci\u00f3n<\/strong><br \/>2x Fuentes de alimentaci\u00f3n<br \/><strong>Otros<\/strong><br \/>Embalaje hR<br \/><strong>Dimensiones<\/strong><br \/>52x37x17.5 cm.<br \/><strong>Peso<\/strong><br \/>15.00 Kg.<br \/><strong>Especificaciones adicionales<\/strong><br \/>El HP ProLiant ML30 G9 es un servidor en formato torre dise\u00f1ado para peque\u00f1as y medianas empresas que requieren un sistema fiable, potente y escalable. Equipado con un procesador Intel Xeon E3-1220 V6 Quad Core a 3.0 GHz y 32 GB de memoria DDR4 RAM, ofrece un rendimiento eficiente para aplicaciones empresariales, bases de datos y almacenamiento en red.<br \/>Su sistema de almacenamiento incluye 2 discos SAS de 2.5\u201d y 2 TB cada uno a 10,000 rpm, proporcionando velocidad y seguridad en la gesti\u00f3n de datos. <br \/>Incorpora el controlador HPE Smart Array P440, que optimiza el rendimiento y la protecci\u00f3n de datos mediante avanzadas funciones RAID. Adem\u00e1s, su capacidad de expansi\u00f3n con 1 ranura PCIe X16, 1 PCIe X4 y 2 PCIe X1 permite la integraci\u00f3n de tarjetas adicionales para mejorar su funcionalidad.<br \/>El HP ProLiant ML30 G9 combina potencia, fiabilidad y escalabilidad en un dise\u00f1o compacto, siendo una soluci\u00f3n ideal para empresas que buscan un servidor eficiente y preparado para el futuro.<br \/>Buen aspecto exterior. Presenta marcas de uso en carcasa. Mira en \u201c+ Fotos\u201d y &#8220;Video&#8221; y si tienes alguna duda ll\u00e1manos o usa nuestro chat para ampliar la informaci\u00f3n\u00a0 o para solicitar mas detalles.<br \/><strong>Comentarios<\/strong><br \/><u>HPE Smart Array P440 Controller &#8211; 1xPCIe X16 \/ 1xPCIe X4 \/ 2xPCIe X1<\/u><\/p>\n","protected":false},"excerpt":{"rendered":"<p>Intel Xeon Quad Core E3-1220 V6 3 GHz. \u00b7 32 Gb. DDR4 RAM \u00b7 4 bah\u00edas (0 vac\u00edas ) \u00b7 2x 2.00 Tb. SAS 2.5&#8221; 10000rpm \u00b7 8 bah\u00edas (6 vac\u00edas ) \u00b7 DVD \u00b7 <u>HPE Smart Array P440 Controller &#8211; 1xPCIe X16 \/ 1xPCIe X4 \/ 2xPCIe X1<\/u><\/p>\n","protected":false},"featured_media":126955,"template":"","meta":[],"product_brand":[3453],"product_cat":[2337,2346],"product_tag":[],"class_list":{"0":"post-126954","1":"product","2":"type-product","3":"status-publish","4":"has-post-thumbnail","6":"product_brand-hp","7":"product_cat-servidores-es","8":"product_cat-servidores-torre-es","10":"first","11":"outofstock","12":"taxable","13":"shipping-taxable","14":"purchasable","15":"product-type-simple"},"bundled_by":[],"bundle_stock_status":"outofstock","bundle_stock_quantity":0,"bundle_virtual":false,"bundle_layout":"","bundle_add_to_cart_form_location":"","bundle_editable_in_cart":false,"bundle_sold_individually_context":"","bundle_item_grouping":"","bundle_min_size":"","bundle_max_size":"","bundle_price":[],"bundled_items":[],"bundle_sell_ids":[],"exclude_global_add_ons":true,"addons":{"ram-memory-upgrades":{"name":"Ampliaci\u00f3n RAM","type":"multiple_choice","position":0,"required":false,"title_format":"heading","default":"","description_enable":false,"description":"","placeholder_enable":false,"placeholder":"","display":"radiobutton","restrictions_type":"any_text","adjust_price":false,"price":"","price_type":"quantity_based","restrictions":false,"min":"0","max":"0","options":[{"label":"Ampliaci\u00f3n 64 Gb RAM DDR4 ECC [AMP00134]","price":"110.0000","price_type":"quantity_based","image":0,"visibility":true}]},"hdd-upgrades":{"name":"Ampliaci\u00f3n disco duro","type":"multiple_choice","position":0,"required":false,"title_format":"heading","default":"","description_enable":false,"description":"","placeholder_enable":false,"placeholder":"","display":"radiobutton","restrictions_type":"any_text","adjust_price":false,"price":"","price_type":"quantity_based","restrictions":false,"min":"0","max":"0","options":[{"label":"2x Disco SSD 240 Gb. Adiccional [AMP00058]","price":"100.0000","price_type":"quantity_based","image":0,"visibility":true},{"label":"2x Disco SSD 480 Gb. [AMP00059]","price":"200.0000","price_type":"quantity_based","image":0,"visibility":true}]}},"df_price":831.39,"df_sale_price":"","df_regular_price":831.39,"df_image_link":"https:\/\/zoca.es\/wp-content\/uploads\/images\/product\/13267\/hp02890_01-300x225.jpg","_links":{"self":[{"href":"https:\/\/zoca.es\/it\/wp-json\/wp\/v2\/product\/126954","targetHints":{"allow":["GET"]}}],"collection":[{"href":"https:\/\/zoca.es\/it\/wp-json\/wp\/v2\/product"}],"about":[{"href":"https:\/\/zoca.es\/it\/wp-json\/wp\/v2\/types\/product"}],"wp:featuredmedia":[{"embeddable":true,"href":"https:\/\/zoca.es\/it\/wp-json\/wp\/v2\/media\/126955"}],"wp:attachment":[{"href":"https:\/\/zoca.es\/it\/wp-json\/wp\/v2\/media?parent=126954"}],"wp:term":[{"taxonomy":"product_brand","embeddable":true,"href":"https:\/\/zoca.es\/it\/wp-json\/wp\/v2\/product_brand?post=126954"},{"taxonomy":"product_cat","embeddable":true,"href":"https:\/\/zoca.es\/it\/wp-json\/wp\/v2\/product_cat?post=126954"},{"taxonomy":"product_tag","embeddable":true,"href":"https:\/\/zoca.es\/it\/wp-json\/wp\/v2\/product_tag?post=126954"}],"curies":[{"name":"wp","href":"https:\/\/api.w.org\/{rel}","templated":true}]}}