{"id":113008,"date":"2024-08-13T17:10:17","date_gmt":"2024-08-13T16:10:17","guid":{"rendered":"https:\/\/zoca.es\/producto\/dell-poweredge-r720-2u-rack-reacondicionado-xeon-octa-core-27ghz-256-gb-ram-sas-es-12645\/"},"modified":"2025-08-12T09:20:08","modified_gmt":"2025-08-12T08:20:08","slug":"dell-poweredge-r720-2u-rack-reacondicionado-xeon-octa-core-27ghz-256-gb-ram-sas-es-12645","status":"publish","type":"product","link":"https:\/\/zoca.es\/it\/producto\/dell-poweredge-r720-2u-rack-reacondicionado-xeon-octa-core-27ghz-256-gb-ram-sas-es-12645\/","title":{"rendered":"Dell Armario Rack con ra\u00edles PowerEdge 2550\/2650\/2850"},"content":{"rendered":"<p><strong>Procesador<\/strong><br \/>2x Intel Xeon Octa Core E5-2680 2.7 GHz.<br \/><strong>Formato<\/strong><br \/>Rack  (2U)<br \/><strong>Memoria RAM<\/strong><br \/>256 Gb. DDR3 ECC RAM<br \/>24 bah\u00edas  (0 vac\u00edas )<br \/><strong>Disco duro<\/strong><br \/>SAS 2.5&#8221;<br \/>15 bah\u00edas<br \/><strong>Unidad \u00f3ptica<\/strong><br \/>DVD<br \/><strong>Tarjetas<\/strong><br \/>Gr\u00e1fica: intel HD Graphics<br \/>Sonido: HD Audio<br \/>Red: Broadcom 5720<br \/><strong>Sistema operativo<\/strong><br \/>&#8211; Sin sistema operativo &#8211;<br \/><strong>Puertos<\/strong><br \/>1x Serie<br \/>4x USB 2.0<br \/><strong>Multimedia<\/strong><br \/>Lector SD<br \/><strong>Conectividad<\/strong><br \/>4x RJ-45<br \/><strong>Alimentaci\u00f3n<\/strong><br \/>2x Fuentes de alimentaci\u00f3n (Hotplug)<br \/><strong>Otros<\/strong><br \/>Gu\u00edas inclu\u00eddas<br \/>Embalaje hR<br \/><strong>Dimensiones<\/strong><br \/>44.4&#215;71.6&#215;8.7 cm.<br \/><strong>Peso<\/strong><br \/>20.00 Kg.<br \/><strong>Especificaciones adicionales<\/strong><br \/>\u00bfBuscas un servidor que puedas personalizar seg\u00fan tus necesidades? \u00a1Mira nuestro servidor barebone! Al adquirirlo, recibir\u00e1s una base con 256 Gb. de memoria RAM y sin discos duros o SSD, para que puedas a\u00f1adir los que m\u00e1s te convengan. Adem\u00e1s, cuenta con un aspecto exterior muy cuidado. Si tienes alguna duda o quieres obtener m\u00e1s informaci\u00f3n, no dudes en llamarnos o utilizar nuestro chat. Estaremos encantados de ayudarte a elegir el servidor que mejor se adapte a tus necesidades.<\/p>\n<p><strong>Comentarios<\/strong><br \/><u>1xiLO \u2013 1xPerc H710<\/u><\/p>\n","protected":false},"excerpt":{"rendered":"<p>Hazte con este armario rack Dell reacondicionado con ra\u00edles incluidos. Ideal para quienes buscan montar servidores PowerEdge con estructura s\u00f3lida y ventilaci\u00f3n eficaz.<\/p>\n","protected":false},"featured_media":113009,"template":"","meta":[],"product_brand":[3445],"product_cat":[2337,2343],"product_tag":[],"class_list":{"0":"post-113008","1":"product","2":"type-product","3":"status-publish","4":"has-post-thumbnail","6":"product_brand-dell","7":"product_cat-servidores-es","8":"product_cat-servidores-rack-es","10":"first","11":"outofstock","12":"taxable","13":"shipping-taxable","14":"purchasable","15":"product-type-simple"},"bundled_by":[],"bundle_stock_status":"outofstock","bundle_stock_quantity":0,"bundle_virtual":false,"bundle_layout":"","bundle_add_to_cart_form_location":"","bundle_editable_in_cart":false,"bundle_sold_individually_context":"","bundle_item_grouping":"","bundle_min_size":"","bundle_max_size":"","bundle_price":[],"bundled_items":[],"bundle_sell_ids":[],"exclude_global_add_ons":[],"addons":[],"df_price":1430.7,"df_sale_price":"","df_regular_price":1430.7,"df_image_link":"https:\/\/zoca.es\/wp-content\/uploads\/images\/product\/12645\/dell01315_01-300x225.jpg","_links":{"self":[{"href":"https:\/\/zoca.es\/it\/wp-json\/wp\/v2\/product\/113008","targetHints":{"allow":["GET"]}}],"collection":[{"href":"https:\/\/zoca.es\/it\/wp-json\/wp\/v2\/product"}],"about":[{"href":"https:\/\/zoca.es\/it\/wp-json\/wp\/v2\/types\/product"}],"wp:featuredmedia":[{"embeddable":true,"href":"https:\/\/zoca.es\/it\/wp-json\/wp\/v2\/media\/113009"}],"wp:attachment":[{"href":"https:\/\/zoca.es\/it\/wp-json\/wp\/v2\/media?parent=113008"}],"wp:term":[{"taxonomy":"product_brand","embeddable":true,"href":"https:\/\/zoca.es\/it\/wp-json\/wp\/v2\/product_brand?post=113008"},{"taxonomy":"product_cat","embeddable":true,"href":"https:\/\/zoca.es\/it\/wp-json\/wp\/v2\/product_cat?post=113008"},{"taxonomy":"product_tag","embeddable":true,"href":"https:\/\/zoca.es\/it\/wp-json\/wp\/v2\/product_tag?post=113008"}],"curies":[{"name":"wp","href":"https:\/\/api.w.org\/{rel}","templated":true}]}}