{"id":103726,"date":"2024-04-23T09:34:44","date_gmt":"2024-04-23T08:34:44","guid":{"rendered":"https:\/\/zoca.es\/producto\/punto-de-acceso-clonico-aerohive-ap130-reacondicionado-es-11840\/"},"modified":"2026-01-29T09:50:47","modified_gmt":"2026-01-29T08:50:47","slug":"punto-de-acceso-clonico-aerohive-ap130-reacondicionado-es-11840","status":"publish","type":"product","link":"https:\/\/zoca.es\/it\/producto\/punto-de-acceso-clonico-aerohive-ap130-reacondicionado-es-11840\/","title":{"rendered":"Cl\u00f3nico Aerohive AP130 Punto de Acceso WiFi"},"content":{"rendered":"<p><strong>General impresora<\/strong><br \/>Punto de acceso<br \/><strong>Puertos de red<\/strong><br \/>1x Ethernet 1000 Mbps.<br \/><strong>Dimensiones<\/strong><br \/>20x20x4 cm.<br \/><strong>Peso<\/strong><br \/>1.00 Kg.<br \/><strong>Especificaciones adicionales<\/strong><br \/>Buen aspecto exterior. Si tienes alguna duda ll\u00e1manos o usa nuestro chat para ampliar la informaci\u00f3n&nbsp; o para solicitar mas detalles.<\/p>\n<p><strong>Comentarios<\/strong><br \/><u>2,4\/5 GHz. \u2013 PoE \u2013 1xGigabit Ethernet \u2013 4 antenas Dual Band \u2013 Wi-FI a\/b\/g\/n\/ac \u2013 Interior<\/u><\/p>\n","protected":false},"excerpt":{"rendered":"<p>Ampl\u00eda tu red con el Aerohive AP130 cl\u00f3nico reacondicionado, un punto de acceso WiFi vers\u00e1til y fiable para entornos exigentes.<\/p>\n","protected":false},"featured_media":103727,"template":"","meta":[],"product_brand":[3482],"product_cat":[3215,78],"product_tag":[],"class_list":{"0":"post-103726","1":"product","2":"type-product","3":"status-publish","4":"has-post-thumbnail","6":"product_brand-clonico","7":"product_cat-networking-wireless-es","8":"product_cat-networking-es","10":"first","11":"outofstock","12":"taxable","13":"shipping-taxable","14":"purchasable","15":"product-type-simple"},"bundled_by":[],"bundle_stock_status":"outofstock","bundle_stock_quantity":0,"bundle_virtual":false,"bundle_layout":"","bundle_add_to_cart_form_location":"","bundle_editable_in_cart":false,"bundle_sold_individually_context":"","bundle_item_grouping":"","bundle_min_size":"","bundle_max_size":"","bundle_price":[],"bundled_items":[],"bundle_sell_ids":[],"exclude_global_add_ons":[],"addons":[],"df_price":188.03,"df_sale_price":"","df_regular_price":188.03,"df_image_link":"https:\/\/zoca.es\/wp-content\/uploads\/images\/product\/11840\/clon00109_01-300x225.jpg","_links":{"self":[{"href":"https:\/\/zoca.es\/it\/wp-json\/wp\/v2\/product\/103726","targetHints":{"allow":["GET"]}}],"collection":[{"href":"https:\/\/zoca.es\/it\/wp-json\/wp\/v2\/product"}],"about":[{"href":"https:\/\/zoca.es\/it\/wp-json\/wp\/v2\/types\/product"}],"wp:featuredmedia":[{"embeddable":true,"href":"https:\/\/zoca.es\/it\/wp-json\/wp\/v2\/media\/103727"}],"wp:attachment":[{"href":"https:\/\/zoca.es\/it\/wp-json\/wp\/v2\/media?parent=103726"}],"wp:term":[{"taxonomy":"product_brand","embeddable":true,"href":"https:\/\/zoca.es\/it\/wp-json\/wp\/v2\/product_brand?post=103726"},{"taxonomy":"product_cat","embeddable":true,"href":"https:\/\/zoca.es\/it\/wp-json\/wp\/v2\/product_cat?post=103726"},{"taxonomy":"product_tag","embeddable":true,"href":"https:\/\/zoca.es\/it\/wp-json\/wp\/v2\/product_tag?post=103726"}],"curies":[{"name":"wp","href":"https:\/\/api.w.org\/{rel}","templated":true}]}}