{"id":162731,"date":"2026-02-20T09:42:53","date_gmt":"2026-02-20T08:42:53","guid":{"rendered":"https:\/\/zoca.es\/televisione\/"},"modified":"2026-02-20T09:42:53","modified_gmt":"2026-02-20T08:42:53","slug":"televisione","status":"publish","type":"page","link":"https:\/\/zoca.es\/it\/televisione\/","title":{"rendered":"Televisione"},"content":{"rendered":"","protected":false},"excerpt":{"rendered":"","protected":false},"author":623,"featured_media":0,"parent":0,"menu_order":0,"comment_status":"closed","ping_status":"closed","template":"template-new-categories.php","meta":{"zoca_cat_short_desc":"Monitor televisivi ricondizionati. Schermi con sintonizzatore TV integrato, ideali per un uso doppio come monitor per PC e televisore. Monitor con un\u2019ottima qualit\u00e0 dell\u2019immagine in rapporto qualit\u00e0-prezzo. Garanzia di qualit\u00e0 e ottima risoluzione nei nostri schermi TV, inclusi i nostri modelli 4K di qualit\u00e0 premium.","footnotes":""},"class_list":["post-162731","page","type-page","status-publish","hentry"],"_links":{"self":[{"href":"https:\/\/zoca.es\/it\/wp-json\/wp\/v2\/pages\/162731","targetHints":{"allow":["GET"]}}],"collection":[{"href":"https:\/\/zoca.es\/it\/wp-json\/wp\/v2\/pages"}],"about":[{"href":"https:\/\/zoca.es\/it\/wp-json\/wp\/v2\/types\/page"}],"author":[{"embeddable":true,"href":"https:\/\/zoca.es\/it\/wp-json\/wp\/v2\/users\/623"}],"replies":[{"embeddable":true,"href":"https:\/\/zoca.es\/it\/wp-json\/wp\/v2\/comments?post=162731"}],"version-history":[{"count":0,"href":"https:\/\/zoca.es\/it\/wp-json\/wp\/v2\/pages\/162731\/revisions"}],"wp:attachment":[{"href":"https:\/\/zoca.es\/it\/wp-json\/wp\/v2\/media?parent=162731"}],"curies":[{"name":"wp","href":"https:\/\/api.w.org\/{rel}","templated":true}]}}