{"id":162725,"date":"2026-02-20T09:38:18","date_gmt":"2026-02-20T08:38:18","guid":{"rendered":"https:\/\/zoca.es\/reti\/ripetitore-estensore-wifi\/"},"modified":"2026-02-20T09:38:18","modified_gmt":"2026-02-20T08:38:18","slug":"ripetitore-estensore-wifi","status":"publish","type":"page","link":"https:\/\/zoca.es\/it\/reti\/ripetitore-estensore-wifi\/","title":{"rendered":"Ripetitore \/ Estensore WiFi"},"content":{"rendered":"","protected":false},"excerpt":{"rendered":"","protected":false},"author":623,"featured_media":0,"parent":162723,"menu_order":0,"comment_status":"closed","ping_status":"closed","template":"template-new-categories.php","meta":{"zoca_cat_short_desc":"Hai bisogno di ampliare la copertura della tua rete? Estendi la copertura della tua rete Wi-Fi con i nostri ripetitori con garanzia di buon funzionamento. Ideali per grandi spazi o aree in cui il router \u00e8 molto lontano, offrendo connettivit\u00e0 wireless ad alta velocit\u00e0.","footnotes":""},"class_list":["post-162725","page","type-page","status-publish","hentry"],"_links":{"self":[{"href":"https:\/\/zoca.es\/it\/wp-json\/wp\/v2\/pages\/162725","targetHints":{"allow":["GET"]}}],"collection":[{"href":"https:\/\/zoca.es\/it\/wp-json\/wp\/v2\/pages"}],"about":[{"href":"https:\/\/zoca.es\/it\/wp-json\/wp\/v2\/types\/page"}],"author":[{"embeddable":true,"href":"https:\/\/zoca.es\/it\/wp-json\/wp\/v2\/users\/623"}],"replies":[{"embeddable":true,"href":"https:\/\/zoca.es\/it\/wp-json\/wp\/v2\/comments?post=162725"}],"version-history":[{"count":0,"href":"https:\/\/zoca.es\/it\/wp-json\/wp\/v2\/pages\/162725\/revisions"}],"up":[{"embeddable":true,"href":"https:\/\/zoca.es\/it\/wp-json\/wp\/v2\/pages\/162723"}],"wp:attachment":[{"href":"https:\/\/zoca.es\/it\/wp-json\/wp\/v2\/media?parent=162725"}],"curies":[{"name":"wp","href":"https:\/\/api.w.org\/{rel}","templated":true}]}}