{"id":161967,"date":"2026-02-19T12:50:56","date_gmt":"2026-02-19T11:50:56","guid":{"rendered":"https:\/\/zoca.es\/stampanti\/stampanti-ad-aghi\/"},"modified":"2026-02-19T12:50:56","modified_gmt":"2026-02-19T11:50:56","slug":"stampanti-ad-aghi","status":"publish","type":"page","link":"https:\/\/zoca.es\/it\/stampanti\/stampanti-ad-aghi\/","title":{"rendered":"Stampanti ad Aghi"},"content":{"rendered":"","protected":false},"excerpt":{"rendered":"","protected":false},"author":623,"featured_media":0,"parent":161962,"menu_order":0,"comment_status":"closed","ping_status":"closed","template":"template-new-categories.php","meta":{"zoca_cat_short_desc":"Esplora la nostra gamma di stampanti ad aghi ricondizionate che funzionano come nuove. Le stampanti ad aghi si distinguono per i costi minimi e la precisione che garantiscono qualit\u00e0. Anche se la loro velocit\u00e0 \u00e8 inferiore rispetto ad altre stampanti, il loro valore supera ampiamente il prezzo a cui le proponiamo. Ottieni stampanti ad aghi di marchi riconosciuti a prezzi molto bassi.","footnotes":""},"class_list":["post-161967","page","type-page","status-publish","hentry"],"_links":{"self":[{"href":"https:\/\/zoca.es\/it\/wp-json\/wp\/v2\/pages\/161967","targetHints":{"allow":["GET"]}}],"collection":[{"href":"https:\/\/zoca.es\/it\/wp-json\/wp\/v2\/pages"}],"about":[{"href":"https:\/\/zoca.es\/it\/wp-json\/wp\/v2\/types\/page"}],"author":[{"embeddable":true,"href":"https:\/\/zoca.es\/it\/wp-json\/wp\/v2\/users\/623"}],"replies":[{"embeddable":true,"href":"https:\/\/zoca.es\/it\/wp-json\/wp\/v2\/comments?post=161967"}],"version-history":[{"count":0,"href":"https:\/\/zoca.es\/it\/wp-json\/wp\/v2\/pages\/161967\/revisions"}],"up":[{"embeddable":true,"href":"https:\/\/zoca.es\/it\/wp-json\/wp\/v2\/pages\/161962"}],"wp:attachment":[{"href":"https:\/\/zoca.es\/it\/wp-json\/wp\/v2\/media?parent=161967"}],"curies":[{"name":"wp","href":"https:\/\/api.w.org\/{rel}","templated":true}]}}