{"id":161936,"date":"2026-02-19T11:54:56","date_gmt":"2026-02-19T10:54:56","guid":{"rendered":"https:\/\/zoca.es\/portatili-ricondizionati\/convertibili\/"},"modified":"2026-02-19T11:54:56","modified_gmt":"2026-02-19T10:54:56","slug":"convertibili","status":"publish","type":"page","link":"https:\/\/zoca.es\/it\/portatili-ricondizionati\/convertibili\/","title":{"rendered":"Convertibili"},"content":{"rendered":"","protected":false},"excerpt":{"rendered":"","protected":false},"author":623,"featured_media":0,"parent":161935,"menu_order":0,"comment_status":"closed","ping_status":"closed","template":"template-new-categories.php","meta":{"zoca_cat_short_desc":"Su Zoca mettiamo a disposizione dei nostri clienti portatili 2-in-1 con schermo touch e modalit\u00e0 tablet. Flessibilit\u00e0 e versatilit\u00e0 per divertirti o studiare ovunque con i nostri portatili convertibili ricondizionati.","footnotes":""},"class_list":["post-161936","page","type-page","status-publish","hentry"],"_links":{"self":[{"href":"https:\/\/zoca.es\/it\/wp-json\/wp\/v2\/pages\/161936","targetHints":{"allow":["GET"]}}],"collection":[{"href":"https:\/\/zoca.es\/it\/wp-json\/wp\/v2\/pages"}],"about":[{"href":"https:\/\/zoca.es\/it\/wp-json\/wp\/v2\/types\/page"}],"author":[{"embeddable":true,"href":"https:\/\/zoca.es\/it\/wp-json\/wp\/v2\/users\/623"}],"replies":[{"embeddable":true,"href":"https:\/\/zoca.es\/it\/wp-json\/wp\/v2\/comments?post=161936"}],"version-history":[{"count":0,"href":"https:\/\/zoca.es\/it\/wp-json\/wp\/v2\/pages\/161936\/revisions"}],"up":[{"embeddable":true,"href":"https:\/\/zoca.es\/it\/wp-json\/wp\/v2\/pages\/161935"}],"wp:attachment":[{"href":"https:\/\/zoca.es\/it\/wp-json\/wp\/v2\/media?parent=161936"}],"curies":[{"name":"wp","href":"https:\/\/api.w.org\/{rel}","templated":true}]}}