{"id":99112,"date":"2024-02-22T16:37:37","date_gmt":"2024-02-22T15:37:37","guid":{"rendered":"https:\/\/zoca.es\/producto\/switch-hp-procurve-2620-24-j9625a-reconditionne-fr-11620\/"},"modified":"2026-02-25T10:06:14","modified_gmt":"2026-02-25T09:06:14","slug":"switch-hp-procurve-2620-24-j9625a-reconditionne-fr-11620","status":"publish","type":"product","link":"https:\/\/zoca.es\/fr\/produit\/switch-hp-procurve-2620-24-j9625a-reconditionne-fr-11620\/","title":{"rendered":"Switch HP Procurve 2620-24 (J9625A) | Reconditionn\u00e9"},"content":{"rendered":"<p><strong>G\u00e9n\u00e9rale imprimante<\/strong><br \/>Switch<br \/><strong>Ports r\u00e9seau<\/strong><br \/>24x Ethernet 100 Mbps.<br \/>2x Ethernet 1000 Mbps.<br \/><strong>Dimensions<\/strong><br \/>44.5x37x4.5 cm.<br \/><strong>Poids<\/strong><br \/>5.00 Kg.<br \/><strong>Sp\u00e9cifications suppl\u00e9mentaires<\/strong><br \/>Bon aspect ext\u00e9rieur. Si vous avez des questions, appelez-nous ou utilisez notre chat pour plus d&rsquo;informations ou pour demander plus de d\u00e9tails.<\/p>\n","protected":false},"excerpt":{"rendered":"<p>Switch \u00b7 24x Ethernet 100 Mbps. \u00b7 2x Ethernet 1000 Mbps. \u00b7 PoE \u00b7 Montage en rack<\/p>\n","protected":false},"featured_media":99108,"template":"","meta":[],"product_brand":[3453],"product_cat":[3211,80],"product_tag":[],"class_list":{"0":"post-99112","1":"product","2":"type-product","3":"status-publish","4":"has-post-thumbnail","6":"product_brand-hp","7":"product_cat-networking-switches-fr","8":"product_cat-networking-fr","10":"first","11":"instock","12":"taxable","13":"shipping-taxable","14":"purchasable","15":"product-type-simple"},"bundled_by":[],"bundle_stock_status":"instock","bundle_stock_quantity":1,"bundle_virtual":false,"bundle_layout":"","bundle_add_to_cart_form_location":"","bundle_editable_in_cart":false,"bundle_sold_individually_context":"","bundle_item_grouping":"","bundle_min_size":"","bundle_max_size":"","bundle_price":[],"bundled_items":[],"bundle_sell_ids":[],"exclude_global_add_ons":[],"addons":[],"df_price":65.34,"df_sale_price":"","df_regular_price":65.34,"df_image_link":"https:\/\/zoca.es\/wp-content\/uploads\/images\/product\/11620\/hp02392_01-300x225.jpg","_links":{"self":[{"href":"https:\/\/zoca.es\/fr\/wp-json\/wp\/v2\/product\/99112","targetHints":{"allow":["GET"]}}],"collection":[{"href":"https:\/\/zoca.es\/fr\/wp-json\/wp\/v2\/product"}],"about":[{"href":"https:\/\/zoca.es\/fr\/wp-json\/wp\/v2\/types\/product"}],"wp:featuredmedia":[{"embeddable":true,"href":"https:\/\/zoca.es\/fr\/wp-json\/wp\/v2\/media\/99108"}],"wp:attachment":[{"href":"https:\/\/zoca.es\/fr\/wp-json\/wp\/v2\/media?parent=99112"}],"wp:term":[{"taxonomy":"product_brand","embeddable":true,"href":"https:\/\/zoca.es\/fr\/wp-json\/wp\/v2\/product_brand?post=99112"},{"taxonomy":"product_cat","embeddable":true,"href":"https:\/\/zoca.es\/fr\/wp-json\/wp\/v2\/product_cat?post=99112"},{"taxonomy":"product_tag","embeddable":true,"href":"https:\/\/zoca.es\/fr\/wp-json\/wp\/v2\/product_tag?post=99112"}],"curies":[{"name":"wp","href":"https:\/\/api.w.org\/{rel}","templated":true}]}}