{"id":95629,"date":"2024-01-03T13:09:24","date_gmt":"2024-01-03T12:09:24","guid":{"rendered":"https:\/\/zoca.es\/producto\/imprimante-thermique-pos-zebra-z4m-plus-reconditionne-fr-11561\/"},"modified":"2026-02-25T09:48:38","modified_gmt":"2026-02-25T08:48:38","slug":"imprimante-thermique-pos-zebra-z4m-plus-reconditionne-fr-11561","status":"publish","type":"product","link":"https:\/\/zoca.es\/fr\/produit\/imprimante-thermique-pos-zebra-z4m-plus-reconditionne-fr-11561\/","title":{"rendered":"Imprimante thermique POS Zebra Z4M Plus Reconditionn\u00e9"},"content":{"rendered":"<p><strong>Technologie<\/strong><br \/>Thermique<br \/><strong>Copies<\/strong><br \/>Vitesse d&rsquo;imprimante 254 mm\/s<br \/>Caract\u00e8res par pouce 203<br \/><strong>Gestion du papier<\/strong><br \/>Largeur de papier 104mm<br \/>Couper automatique<br \/><strong>Connectivit\u00e9 imprimante<\/strong><br \/>S\u00e9rie, Parall\u00e8le<br \/><strong>Bo\u00eetier<\/strong><br \/>Couleur noir<br \/><strong>Dimensions<\/strong><br \/>27.8&#215;47.5&#215;33.8 cm.<br \/><strong>Poids<\/strong><br \/>15.00 Kg.<br \/><strong>Sp\u00e9cifications suppl\u00e9mentaires<\/strong><br \/>Une technologie \u00e9prouv\u00e9e et leader sur le march\u00e9 qui offre facilit\u00e9 d&rsquo;utilisation, fiabilit\u00e9 et co\u00fbt total de maintenance le plus bas.\u00a0Des vitesses d&rsquo;impression plus rapides et le meilleur rapport prix\/productivit\u00e9.Robuste et durable avec un bo\u00eetier m\u00e9tallique solide, mais incroyablement intuitif \u00e0 utiliser. Bon aspect ext\u00e9rieur. Si vous avez des questions, appelez-nous ou utilisez notre chat pour plus d&rsquo;informations ou pour demander plus de d\u00e9tails.<br \/><strong>Commentaires<\/strong><br \/><u>4 Mb. Flash \/ 8 Mb. DRAM \/ Jusqu&rsquo;\u00e0 32 Mb. avec PCMCIA Flash<\/u><\/p>\n","protected":false},"excerpt":{"rendered":"<p>Thermique \u00b7 Largeur de papier 104mm \u00b7 Couper automatique \u00b7 Vitesse d&rsquo;imprimante 254 mm\/s \u00b7 Caract\u00e8res par pouce 203 \u00b7 S\u00e9rie, Parall\u00e8le \u00b7 Bo\u00eetier couleur noir \u00b7 <u>4 Mb. Flash \/ 8 Mb. DRAM \/ Jusqu&rsquo;\u00e0 32 Mb. avec PCMCIA Flash<\/u><\/p>\n","protected":false},"featured_media":95625,"template":"","meta":[],"product_brand":[3468],"product_cat":[2312,2363,3118,2390],"product_tag":[],"class_list":{"0":"post-95629","1":"product","2":"type-product","3":"status-publish","4":"has-post-thumbnail","6":"product_brand-zebra","7":"product_cat-tpv-fr","8":"product_cat-imprimantes-fr","9":"product_cat-tpv-imprimantes-fr","10":"product_cat-imprimantes-tpv-fr","12":"first","13":"instock","14":"taxable","15":"shipping-taxable","16":"purchasable","17":"product-type-simple"},"bundled_by":[],"bundle_stock_status":"instock","bundle_stock_quantity":11,"bundle_virtual":false,"bundle_layout":"","bundle_add_to_cart_form_location":"","bundle_editable_in_cart":false,"bundle_sold_individually_context":"","bundle_item_grouping":"","bundle_min_size":"","bundle_max_size":"","bundle_price":[],"bundled_items":[],"bundle_sell_ids":[],"exclude_global_add_ons":[],"addons":[],"df_price":312.18,"df_sale_price":"","df_regular_price":312.18,"df_image_link":"https:\/\/zoca.es\/wp-content\/uploads\/images\/product\/11561\/zebr00018_01-300x225.jpg","_links":{"self":[{"href":"https:\/\/zoca.es\/fr\/wp-json\/wp\/v2\/product\/95629","targetHints":{"allow":["GET"]}}],"collection":[{"href":"https:\/\/zoca.es\/fr\/wp-json\/wp\/v2\/product"}],"about":[{"href":"https:\/\/zoca.es\/fr\/wp-json\/wp\/v2\/types\/product"}],"wp:featuredmedia":[{"embeddable":true,"href":"https:\/\/zoca.es\/fr\/wp-json\/wp\/v2\/media\/95625"}],"wp:attachment":[{"href":"https:\/\/zoca.es\/fr\/wp-json\/wp\/v2\/media?parent=95629"}],"wp:term":[{"taxonomy":"product_brand","embeddable":true,"href":"https:\/\/zoca.es\/fr\/wp-json\/wp\/v2\/product_brand?post=95629"},{"taxonomy":"product_cat","embeddable":true,"href":"https:\/\/zoca.es\/fr\/wp-json\/wp\/v2\/product_cat?post=95629"},{"taxonomy":"product_tag","embeddable":true,"href":"https:\/\/zoca.es\/fr\/wp-json\/wp\/v2\/product_tag?post=95629"}],"curies":[{"name":"wp","href":"https:\/\/api.w.org\/{rel}","templated":true}]}}