{"id":92204,"date":"2023-10-31T13:15:18","date_gmt":"2023-10-31T12:15:18","guid":{"rendered":"https:\/\/zoca.es\/producto\/options-moniteur-peana-doble-humanscale-reconditionne-fr-8920\/"},"modified":"2026-02-25T09:35:05","modified_gmt":"2026-02-25T08:35:05","slug":"options-moniteur-peana-doble-humanscale-reconditionne-fr-8920","status":"publish","type":"product","link":"https:\/\/zoca.es\/fr\/produit\/options-moniteur-peana-doble-humanscale-reconditionne-fr-8920\/","title":{"rendered":"Options Moniteur  Peana Doble Humanscale Reconditionn\u00e9"},"content":{"rendered":"<p>Bras de moniteur \u00e9l\u00e9gant, durable et facile \u00e0 utiliser. Une solution parfaite pour tout besoin d\u2019espace et de support de moniteur. Sa construction en acier poli lui conf\u00e8re un design et une fonctionnalit\u00e9 unique sur le march\u00e9. Ils offrent une adaptabilit\u00e9 sans pr\u00e9c\u00e9dent dans les espaces de travail dynamiques d&rsquo;aujourd&rsquo;hui, am\u00e9liorant instantan\u00e9ment le confort, la sant\u00e9 et la productivit\u00e9 dans n&rsquo;importe quel environnement de travail. Regardez dans \u00ab + Photos \u00bb et si vous avez des questions, appelez-nous ou utilisez notre chat pour plus d&rsquo;informations ou pour demander plus de d\u00e9tails.<\/p>\n","protected":false},"excerpt":{"rendered":"<p>Support double en acier poli pour 2 moniteurs jusqu&rsquo;\u00e0 32&quot;. Plusieurs configurations de r\u00e9glage. N\u00e9cessite une installation pour se fixer \u00e0 la table.<\/p>\n","protected":false},"featured_media":92170,"template":"","meta":[],"product_brand":[3465],"product_cat":[2237,3106],"product_tag":[],"class_list":{"0":"post-92204","1":"product","2":"type-product","3":"status-publish","4":"has-post-thumbnail","6":"product_brand-generic","7":"product_cat-moniteurs-fr","8":"product_cat-moniteurs-options-fr","10":"first","11":"outofstock","12":"taxable","13":"shipping-taxable","14":"purchasable","15":"product-type-simple"},"bundled_by":[],"bundle_stock_status":"outofstock","bundle_stock_quantity":0,"bundle_virtual":false,"bundle_layout":"","bundle_add_to_cart_form_location":"","bundle_editable_in_cart":false,"bundle_sold_individually_context":"","bundle_item_grouping":"","bundle_min_size":"","bundle_max_size":"","bundle_price":[],"bundled_items":[],"bundle_sell_ids":[],"exclude_global_add_ons":[],"addons":[],"df_price":133.1,"df_sale_price":"","df_regular_price":133.1,"df_image_link":"https:\/\/zoca.es\/wp-content\/uploads\/images\/product\/8920\/gene00246_01-300x225.jpg","_links":{"self":[{"href":"https:\/\/zoca.es\/fr\/wp-json\/wp\/v2\/product\/92204","targetHints":{"allow":["GET"]}}],"collection":[{"href":"https:\/\/zoca.es\/fr\/wp-json\/wp\/v2\/product"}],"about":[{"href":"https:\/\/zoca.es\/fr\/wp-json\/wp\/v2\/types\/product"}],"wp:featuredmedia":[{"embeddable":true,"href":"https:\/\/zoca.es\/fr\/wp-json\/wp\/v2\/media\/92170"}],"wp:attachment":[{"href":"https:\/\/zoca.es\/fr\/wp-json\/wp\/v2\/media?parent=92204"}],"wp:term":[{"taxonomy":"product_brand","embeddable":true,"href":"https:\/\/zoca.es\/fr\/wp-json\/wp\/v2\/product_brand?post=92204"},{"taxonomy":"product_cat","embeddable":true,"href":"https:\/\/zoca.es\/fr\/wp-json\/wp\/v2\/product_cat?post=92204"},{"taxonomy":"product_tag","embeddable":true,"href":"https:\/\/zoca.es\/fr\/wp-json\/wp\/v2\/product_tag?post=92204"}],"curies":[{"name":"wp","href":"https:\/\/api.w.org\/{rel}","templated":true}]}}