{"id":90347,"date":"2023-10-04T11:49:13","date_gmt":"2023-10-04T10:49:13","guid":{"rendered":"https:\/\/zoca.es\/producto\/imprimante-thermique-pos-epson-tm-t88v-usb-paralelo-reconditionne-fr-8451\/"},"modified":"2026-04-27T12:17:50","modified_gmt":"2026-04-27T11:17:50","slug":"imprimante-thermique-pos-epson-tm-t88v-usb-paralelo-reconditionne-fr-8451","status":"publish","type":"product","link":"https:\/\/zoca.es\/fr\/produit\/imprimante-thermique-pos-epson-tm-t88v-usb-paralelo-reconditionne-fr-8451\/","title":{"rendered":"Imprimante thermique POS Epson TM-T88V USB\/PARALELO | Reconditionn\u00e9"},"content":{"rendered":"<p><strong>Technologie<\/strong><br \/>Thermique<br \/><strong>Copies<\/strong><br \/>Vitesse d&rsquo;imprimante 300 mm\/s<br \/>Caract\u00e8res par pouce 20<br \/><strong>Gestion du papier<\/strong><br \/>Largeur de papier 83mm<br \/>Couper automatique<br \/><strong>Connectivit\u00e9 imprimante<\/strong><br \/>Parall\u00e8le, USB, Ouverture de tiroir<br \/><strong>Autres<\/strong><br \/>hR emballage<br \/><strong>Dimensions<\/strong><br \/>19&#215;14.5&#215;15 cm.<br \/><strong>Poids<\/strong><br \/>1.50 Kg.<br \/><strong>Sp\u00e9cifications suppl\u00e9mentaires<\/strong><br \/>L\u2019Epson TM-T88V est une imprimante thermique professionnelle con\u00e7ue pour les environnements de point de vente o\u00f9 chaque seconde compte. Pens\u00e9e pour le commerce, la restauration et les entreprises avec un volume \u00e9lev\u00e9 de tickets, elle combine rapidit\u00e9, pr\u00e9cision et fiabilit\u00e9 \u00e9prouv\u00e9e pour garantir un fonctionnement continu sans interruption. Son design compact en noir s\u2019int\u00e8gre parfaitement sur tout comptoir, apportant une image moderne et professionnelle.<br \/>Dot\u00e9e d\u2019une vitesse d\u2019impression pouvant atteindre 300 mm\/s, elle permet de fluidifier le travail lors des p\u00e9riodes de forte affluence, r\u00e9duisant les files d\u2019attente et am\u00e9liorant l\u2019exp\u00e9rience client. Son syst\u00e8me d\u2019impression thermique \u00e9limine le besoin de consommables comme l\u2019encre, r\u00e9duisant ainsi les co\u00fbts d\u2019exploitation et de maintenance. Elle accepte du papier jusqu\u2019\u00e0 83 mm de largeur, offrant des tickets clairs et bien structur\u00e9s, et dispose d\u2019un coupeur automatique pour une finition propre et professionnelle \u00e0 chaque impression. De plus, elle int\u00e8gre une connectivit\u00e9 USB et parall\u00e8le, ainsi qu\u2019une ouverture de tiroir-caisse, facilitant son int\u00e9gration dans tout syst\u00e8me de point de vente.<br \/>En r\u00e9sum\u00e9, cette imprimante de tickets Epson est un choix s\u00fbr pour ceux qui recherchent une solution POS rapide, fiable et rentable \u00e0 long terme. Id\u00e9ale comme imprimante thermique pour le commerce ou la restauration, elle se distingue par sa durabilit\u00e9, son faible co\u00fbt d\u2019utilisation et ses excellentes performances quotidiennes, devenant un \u00e9l\u00e9ment cl\u00e9 pour optimiser la gestion de tout \u00e9tablissement.<br \/>Bon \u00e9tat ext\u00e9rieur. Consultez \u201c+ Photos\u201d et, si vous avez des questions, appelez-nous ou utilisez notre chat pour obtenir plus d\u2019informations ou demander plus de d\u00e9tails.<\/p>\n","protected":false},"excerpt":{"rendered":"<p>Thermique \u00b7 Largeur de papier 83mm \u00b7 Couper automatique \u00b7 Vitesse d&rsquo;imprimante 300 mm\/s \u00b7 Caract\u00e8res par pouce 20 \u00b7 Parall\u00e8le, USB, Ouverture de tiroir \u00b7 Bo\u00eetier couleur noir<\/p>\n","protected":false},"featured_media":90331,"template":"","meta":[],"product_brand":[3472],"product_cat":[2312,2363,3118,2390],"product_tag":[],"class_list":{"0":"post-90347","1":"product","2":"type-product","3":"status-publish","4":"has-post-thumbnail","6":"product_brand-epson","7":"product_cat-tpv-fr","8":"product_cat-imprimantes-fr","9":"product_cat-tpv-imprimantes-fr","10":"product_cat-imprimantes-tpv-fr","12":"first","13":"instock","14":"taxable","15":"shipping-taxable","16":"purchasable","17":"product-type-simple"},"bundled_by":[],"bundle_stock_status":"instock","bundle_stock_quantity":40,"bundle_virtual":false,"bundle_layout":"","bundle_add_to_cart_form_location":"","bundle_editable_in_cart":false,"bundle_sold_individually_context":"","bundle_item_grouping":"","bundle_min_size":"","bundle_max_size":"","bundle_price":[],"bundled_items":[],"bundle_sell_ids":[],"exclude_global_add_ons":[],"addons":[],"df_price":108.9,"df_sale_price":"","df_regular_price":108.9,"df_image_link":"https:\/\/zoca.es\/wp-content\/uploads\/images\/product\/8451\/epso00031_01-300x225.jpg","_links":{"self":[{"href":"https:\/\/zoca.es\/fr\/wp-json\/wp\/v2\/product\/90347","targetHints":{"allow":["GET"]}}],"collection":[{"href":"https:\/\/zoca.es\/fr\/wp-json\/wp\/v2\/product"}],"about":[{"href":"https:\/\/zoca.es\/fr\/wp-json\/wp\/v2\/types\/product"}],"wp:featuredmedia":[{"embeddable":true,"href":"https:\/\/zoca.es\/fr\/wp-json\/wp\/v2\/media\/90331"}],"wp:attachment":[{"href":"https:\/\/zoca.es\/fr\/wp-json\/wp\/v2\/media?parent=90347"}],"wp:term":[{"taxonomy":"product_brand","embeddable":true,"href":"https:\/\/zoca.es\/fr\/wp-json\/wp\/v2\/product_brand?post=90347"},{"taxonomy":"product_cat","embeddable":true,"href":"https:\/\/zoca.es\/fr\/wp-json\/wp\/v2\/product_cat?post=90347"},{"taxonomy":"product_tag","embeddable":true,"href":"https:\/\/zoca.es\/fr\/wp-json\/wp\/v2\/product_tag?post=90347"}],"curies":[{"name":"wp","href":"https:\/\/api.w.org\/{rel}","templated":true}]}}