{"id":89773,"date":"2023-09-25T12:42:04","date_gmt":"2023-09-25T11:42:04","guid":{"rendered":"https:\/\/zoca.es\/producto\/lenovo-thinkvision-t23i-10-238-ips-169-reconditionne-1920x1080-fr-11267\/"},"modified":"2026-04-14T16:22:08","modified_gmt":"2026-04-14T15:22:08","slug":"lenovo-thinkvision-t23i-10-238-ips-169-reconditionne-1920x1080-fr-11267","status":"publish","type":"product","link":"https:\/\/zoca.es\/fr\/produit\/lenovo-thinkvision-t23i-10-238-ips-169-reconditionne-1920x1080-fr-11267\/","title":{"rendered":"Lenovo ThinkVision T23i-10 23.8\u00a0\u00bb IPS 16:9 | Reconditionn\u00e9 | 1920&#215;1080"},"content":{"rendered":"<p><strong>\u00c9cran<\/strong><br \/>IPS 23.8 \u00a0\u00bb FullHD 16:9  \u00b7 R\u00e9solution 1920&#215;1080<br \/>Dot pitch 0.265 mm<br \/>R\u00e9ponse 4 ms<br \/>Contraste 1000:1<br \/>Luminosit\u00e9 250 cd\/m2<br \/>Angle vision 178\u00b0v\/178\u00b0h<br \/><strong>Ports vid\u00e9o<\/strong><br \/>VGA<br \/>HDMI<br \/>Display Port<br \/><strong>Affichage sp\u00e9cifique<\/strong><br \/>Stand VESA<br \/>Base<br \/>R\u00e9glable en hauteur<br \/><strong>Autres<\/strong><br \/>hR emballage<br \/><strong>Dimensions<\/strong><br \/>52x31x5 cm.<br \/><strong>Poids<\/strong><br \/>3.15 Kg.<br \/><strong>Sp\u00e9cifications suppl\u00e9mentaires<\/strong><br \/>Le Lenovo ThinkVision T23i-10 est un moniteur de 23,8 pouces con\u00e7u pour les professionnels recherchant une image nette, des couleurs pr\u00e9cises et un flux de travail mieux organis\u00e9. Parfait pour les bureaux d\u2019entreprise, les environnements techniques ou le multit\u00e2che, ce moniteur associe qualit\u00e9 d\u2019image et connectivit\u00e9 polyvalente afin d\u2019augmenter la productivit\u00e9 sans complexit\u00e9.<br \/>Sa dalle IPS Full HD de 23,8\u201d avec r\u00e9solution 1920&#215;1080 et format 16:9 offre une image large et d\u00e9taill\u00e9e, avec des angles de vision de 178\u00b0 aussi bien \u00e0 l\u2019horizontale qu\u2019\u00e0 la verticale, garantissant des couleurs constantes quelle que soit la position. Le pas de pixel de 0,265 mm assure des textes nets et des graphismes clairs, tandis que le temps de r\u00e9ponse de 4 ms garantit une utilisation fluide au quotidien et lors des transitions visuelles. Avec un contraste de 1000:1 et une luminosit\u00e9 de 250 cd\/m\u00b2, l\u2019\u00e9cran offre un affichage \u00e9quilibr\u00e9 et confortable, m\u00eame dans des environnements bien \u00e9clair\u00e9s. Les connexions VGA, HDMI et DisplayPort couvrent de multiples besoins, et les quatre ports USB 3.0 int\u00e9gr\u00e9s permettent de connecter directement des p\u00e9riph\u00e9riques au moniteur, contribuant \u00e0 un espace de travail plus ordonn\u00e9.<br \/>Le Lenovo ThinkVision T23i-10 se distingue par son approche pratique et compl\u00e8te : un \u00e9cran qui ne se contente pas d\u2019afficher le contenu avec une excellente qualit\u00e9, mais qui agit \u00e9galement comme un hub de productivit\u00e9. Une solution fiable pour ceux qui recherchent des performances visuelles, une connectivit\u00e9 polyvalente et un flux de travail plus efficace d\u00e8s le premier jour.<br \/>Bon \u00e9tat ext\u00e9rieur. Consultez \u201c+ Photos\u201d et, si vous avez des questions, appelez-nous ou utilisez notre chat pour obtenir plus d\u2019informations ou demander davantage de d\u00e9tails.<br \/><strong>Commentaires<\/strong><br \/><u>C\u00e2ble d&rsquo;alimentation et VGA inclus &#8211; 4xUSB 3.0<\/u><\/p>\n","protected":false},"excerpt":{"rendered":"<p>IPS 23.8 \u00a0\u00bb FullHD 16:9 \u00b7 Dot pitch 0.265 mm \u00b7 R\u00e9ponse 4 ms \u00b7 Contraste 1000:1 \u00b7 Luminosit\u00e9 250 cd\/m2 \u00b7 VGA \u00b7 HDMI \u00b7 Display Port \u00b7<br \/>\n<u>C\u00e2ble d&rsquo;alimentation et VGA inclus &#8211; 4xUSB 3.0<br \/>\n<\/u><\/p>\n","protected":false},"featured_media":89751,"template":"","meta":[],"product_brand":[3452],"product_cat":[2237,3127],"product_tag":[],"class_list":{"0":"post-89773","1":"product","2":"type-product","3":"status-publish","4":"has-post-thumbnail","6":"product_brand-lenovo","7":"product_cat-moniteurs-fr","8":"product_cat-moniteurs-moniteurs-fr","10":"first","11":"instock","12":"taxable","13":"shipping-taxable","14":"purchasable","15":"product-type-simple"},"bundled_by":[],"bundle_stock_status":"instock","bundle_stock_quantity":10,"bundle_virtual":false,"bundle_layout":"","bundle_add_to_cart_form_location":"","bundle_editable_in_cart":false,"bundle_sold_individually_context":"","bundle_item_grouping":"","bundle_min_size":"","bundle_max_size":"","bundle_price":[],"bundled_items":[],"bundle_sell_ids":[],"exclude_global_add_ons":true,"addons":{"webcam-upgrades":{"name":"Extension Webcam","type":"multiple_choice","position":0,"required":false,"title_format":"heading","default":"","description_enable":false,"description":"","placeholder_enable":false,"placeholder":"","display":"radiobutton","restrictions_type":"any_text","adjust_price":false,"price":"","price_type":"quantity_based","restrictions":false,"min":"0","max":"0","options":[{"label":"Conceptronic AMDIS FullHD [AMP00085]","price":"29.0000","price_type":"quantity_based","image":0,"visibility":true}]},"hdmi-upgrades":{"name":"Extension c\u00e2ble","type":"multiple_choice","position":0,"required":false,"title_format":"heading","default":"","description_enable":false,"description":"","placeholder_enable":false,"placeholder":"","display":"radiobutton","restrictions_type":"any_text","adjust_price":false,"price":"","price_type":"quantity_based","restrictions":false,"min":"0","max":"0","options":[{"label":"C\u00e2ble DisplayPort vers DisplayPort 1,8 mts. [AMP00103]","price":"8.0000","price_type":"quantity_based","image":0,"visibility":true},{"label":"C\u00e2ble HDMI 2 mts. [AMP00104]","price":"6.0000","price_type":"quantity_based","image":0,"visibility":true}]}},"df_price":113.74,"df_sale_price":"","df_regular_price":113.74,"df_image_link":"https:\/\/zoca.es\/wp-content\/uploads\/images\/product\/11267\/leno00799_01-300x225.jpg","_links":{"self":[{"href":"https:\/\/zoca.es\/fr\/wp-json\/wp\/v2\/product\/89773","targetHints":{"allow":["GET"]}}],"collection":[{"href":"https:\/\/zoca.es\/fr\/wp-json\/wp\/v2\/product"}],"about":[{"href":"https:\/\/zoca.es\/fr\/wp-json\/wp\/v2\/types\/product"}],"wp:featuredmedia":[{"embeddable":true,"href":"https:\/\/zoca.es\/fr\/wp-json\/wp\/v2\/media\/89751"}],"wp:attachment":[{"href":"https:\/\/zoca.es\/fr\/wp-json\/wp\/v2\/media?parent=89773"}],"wp:term":[{"taxonomy":"product_brand","embeddable":true,"href":"https:\/\/zoca.es\/fr\/wp-json\/wp\/v2\/product_brand?post=89773"},{"taxonomy":"product_cat","embeddable":true,"href":"https:\/\/zoca.es\/fr\/wp-json\/wp\/v2\/product_cat?post=89773"},{"taxonomy":"product_tag","embeddable":true,"href":"https:\/\/zoca.es\/fr\/wp-json\/wp\/v2\/product_tag?post=89773"}],"curies":[{"name":"wp","href":"https:\/\/api.w.org\/{rel}","templated":true}]}}