{"id":84783,"date":"2023-05-24T15:10:22","date_gmt":"2023-05-24T14:10:22","guid":{"rendered":"https:\/\/zoca.es\/producto\/imprimante-financiere-wincor-nixdorf-4905-n21-fr-1498\/"},"modified":"2026-02-25T10:45:24","modified_gmt":"2026-02-25T09:45:24","slug":"imprimante-financiere-wincor-nixdorf-4905-n21-fr-1498","status":"publish","type":"product","link":"https:\/\/zoca.es\/fr\/produit\/imprimante-financiere-wincor-nixdorf-4905-n21-fr-1498\/","title":{"rendered":"Imprimante financi\u00e8re Wincor Nixdorf 4905-N21 | Reconditionn\u00e9"},"content":{"rendered":"<p><b>Technologie :<\/b><br \/>Matrice \u00e0 24 aiguilles<br \/><b>Vitesse :<\/b><br \/>Jusqu&rsquo;\u00e0 221 cps<br \/><b>Colonnes :<\/b><br \/> 94&lt; br&gt;<b>Connectivit\u00e9 :<\/b><br \/>1xSerial<br \/><b>Gestion du papier :<\/b><br \/>Entr\u00e9e : avant<br \/>Sortie : avant<br \/><b>\u00c9mulations:<\/b><br \/>EPSON LQ 850<br \/><b>Dimensions :<\/b><br \/>380 x 380 x 165 mm.<br \/><b>Poids :<\/b><br \/>12 Kg&lt; br&gt; <b>Contr\u00f4les qualit\u00e9 \/ tests en laboratoire :<\/b><br \/><u>Inspection physique :<\/u> Inspection du ch\u00e2ssis, nettoyage et v\u00e9rification des dommages. <u>Connectivit\u00e9 :<\/u> V\u00e9rification des ports et des connexions (USB, Ethernet, etc.). <u>Test d&rsquo;impression :<\/u> Test de qualit\u00e9 et de rapidit\u00e9, contr\u00f4le d&rsquo;alignement et de lisibilit\u00e9. <u>Gestion du papier :<\/u> Examen du syst\u00e8me d&rsquo;alimentation et d\u00e9tection des bourrages. <u>Test de charge :<\/u> Test de fiabilit\u00e9 en utilisation continue.<br \/><u>Inspection interne :<\/u> V\u00e9rification et nettoyage des composants internes.<\/p>\n","protected":false},"excerpt":{"rendered":"<p>Technologie : Matrice 24 aiguilles &#8211; Vitesse : Jusqu&rsquo;\u00e0 221 cps &#8211; Colonnes : 94 &#8211; Connectivit\u00e9 : 1xSerial &#8211; Poids : 12 Kgs.<\/p>\n","protected":false},"featured_media":84779,"template":"","meta":[],"product_brand":[3524],"product_cat":[2363,2393],"product_tag":[],"class_list":{"0":"post-84783","1":"product","2":"type-product","3":"status-publish","4":"has-post-thumbnail","6":"product_brand-wincor-nixdorf","7":"product_cat-imprimantes-fr","8":"product_cat-imprimantes-financieres-fr","10":"first","11":"instock","12":"taxable","13":"shipping-taxable","14":"purchasable","15":"product-type-simple"},"bundled_by":[],"bundle_stock_status":"instock","bundle_stock_quantity":1,"bundle_virtual":false,"bundle_layout":"","bundle_add_to_cart_form_location":"","bundle_editable_in_cart":false,"bundle_sold_individually_context":"","bundle_item_grouping":"","bundle_min_size":"","bundle_max_size":"","bundle_price":[],"bundled_items":[],"bundle_sell_ids":[],"exclude_global_add_ons":[],"addons":[],"df_price":78.65,"df_sale_price":"","df_regular_price":78.65,"df_image_link":"https:\/\/zoca.es\/wp-content\/uploads\/images\/product\/1498\/winc00003_01-300x225.jpg","_links":{"self":[{"href":"https:\/\/zoca.es\/fr\/wp-json\/wp\/v2\/product\/84783","targetHints":{"allow":["GET"]}}],"collection":[{"href":"https:\/\/zoca.es\/fr\/wp-json\/wp\/v2\/product"}],"about":[{"href":"https:\/\/zoca.es\/fr\/wp-json\/wp\/v2\/types\/product"}],"wp:featuredmedia":[{"embeddable":true,"href":"https:\/\/zoca.es\/fr\/wp-json\/wp\/v2\/media\/84779"}],"wp:attachment":[{"href":"https:\/\/zoca.es\/fr\/wp-json\/wp\/v2\/media?parent=84783"}],"wp:term":[{"taxonomy":"product_brand","embeddable":true,"href":"https:\/\/zoca.es\/fr\/wp-json\/wp\/v2\/product_brand?post=84783"},{"taxonomy":"product_cat","embeddable":true,"href":"https:\/\/zoca.es\/fr\/wp-json\/wp\/v2\/product_cat?post=84783"},{"taxonomy":"product_tag","embeddable":true,"href":"https:\/\/zoca.es\/fr\/wp-json\/wp\/v2\/product_tag?post=84783"}],"curies":[{"name":"wp","href":"https:\/\/api.w.org\/{rel}","templated":true}]}}