{"id":84777,"date":"2023-05-24T15:08:33","date_gmt":"2023-05-24T14:08:33","guid":{"rendered":"https:\/\/zoca.es\/producto\/imprimante-financiere-wincor-nixdorf-nd-77-fr-1406\/"},"modified":"2026-02-25T10:45:20","modified_gmt":"2026-02-25T09:45:20","slug":"imprimante-financiere-wincor-nixdorf-nd-77-fr-1406","status":"publish","type":"product","link":"https:\/\/zoca.es\/fr\/produit\/imprimante-financiere-wincor-nixdorf-nd-77-fr-1406\/","title":{"rendered":"Imprimante financi\u00e8re Wincor Nixdorf ND 77 | Reconditionn\u00e9"},"content":{"rendered":"<p><strong>Technologie :<\/strong><br \/>Matrice \u00e0 9 aiguilles<br \/><strong>Vitesse :<\/strong><br \/>Jusqu&rsquo;\u00e0 6 lignes\/sec.<br \/><strong>Positions d&rsquo;impression :<\/strong><br \/>88<br \/><strong>Connectivit\u00e9 :<\/strong><br \/>Port s\u00e9rie<br \/><strong>Dimensions :<\/strong><br \/>215 x 251 x 280 mm<br \/><strong>Poids :<\/strong><br \/>6 Kgs.<br \/><b>Contr\u00f4les qualit\u00e9\/tests en laboratoire :<\/b> <u>Contr\u00f4le physique :<\/u> Inspection du ch\u00e2ssis, nettoyage et v\u00e9rification des dommages. <u>Connectivit\u00e9 :<\/u> V\u00e9rification des ports et des connexions (USB, Ethernet, etc.). <u>Test d&rsquo;impression :<\/u> Test de qualit\u00e9 et de rapidit\u00e9, contr\u00f4le d&rsquo;alignement et de lisibilit\u00e9. <u>Gestion du papier :<\/u> Examen du syst\u00e8me d&rsquo;alimentation et d\u00e9tection des bourrages. <u>Test de charge :<\/u> Test de fiabilit\u00e9 en utilisation continue.<br \/>Inspection interne : V\u00e9rification et nettoyage des composants internes.<\/p>\n","protected":false},"excerpt":{"rendered":"<p>Technologie : matrice \u00e0 9 aiguilles. Vitesse : jusqu&rsquo;\u00e0 6 lignes\/sec. Positions d&rsquo;impression : 88. Connectivit\u00e9 : Port s\u00e9rie<\/p>\n","protected":false},"featured_media":84773,"template":"","meta":[],"product_brand":[3524],"product_cat":[2363,2390],"product_tag":[],"class_list":{"0":"post-84777","1":"product","2":"type-product","3":"status-publish","4":"has-post-thumbnail","6":"product_brand-wincor-nixdorf","7":"product_cat-imprimantes-fr","8":"product_cat-imprimantes-tpv-fr","10":"first","11":"instock","12":"taxable","13":"shipping-taxable","14":"purchasable","15":"product-type-simple"},"bundled_by":[],"bundle_stock_status":"instock","bundle_stock_quantity":5,"bundle_virtual":false,"bundle_layout":"","bundle_add_to_cart_form_location":"","bundle_editable_in_cart":false,"bundle_sold_individually_context":"","bundle_item_grouping":"","bundle_min_size":"","bundle_max_size":"","bundle_price":[],"bundled_items":[],"bundle_sell_ids":[],"exclude_global_add_ons":[],"addons":[],"df_price":96.8,"df_sale_price":"","df_regular_price":96.8,"df_image_link":"https:\/\/zoca.es\/wp-content\/uploads\/images\/product\/1406\/winc00002_01-300x225.jpg","_links":{"self":[{"href":"https:\/\/zoca.es\/fr\/wp-json\/wp\/v2\/product\/84777","targetHints":{"allow":["GET"]}}],"collection":[{"href":"https:\/\/zoca.es\/fr\/wp-json\/wp\/v2\/product"}],"about":[{"href":"https:\/\/zoca.es\/fr\/wp-json\/wp\/v2\/types\/product"}],"wp:featuredmedia":[{"embeddable":true,"href":"https:\/\/zoca.es\/fr\/wp-json\/wp\/v2\/media\/84773"}],"wp:attachment":[{"href":"https:\/\/zoca.es\/fr\/wp-json\/wp\/v2\/media?parent=84777"}],"wp:term":[{"taxonomy":"product_brand","embeddable":true,"href":"https:\/\/zoca.es\/fr\/wp-json\/wp\/v2\/product_brand?post=84777"},{"taxonomy":"product_cat","embeddable":true,"href":"https:\/\/zoca.es\/fr\/wp-json\/wp\/v2\/product_cat?post=84777"},{"taxonomy":"product_tag","embeddable":true,"href":"https:\/\/zoca.es\/fr\/wp-json\/wp\/v2\/product_tag?post=84777"}],"curies":[{"name":"wp","href":"https:\/\/api.w.org\/{rel}","templated":true}]}}