{"id":84747,"date":"2023-05-24T15:02:18","date_gmt":"2023-05-24T14:02:18","guid":{"rendered":"https:\/\/zoca.es\/producto\/imprimante-matricielle-epson-dfx-8000-reconditionne-fr-5960\/"},"modified":"2026-02-25T10:45:21","modified_gmt":"2026-02-25T09:45:21","slug":"imprimante-matricielle-epson-dfx-8000-reconditionne-fr-5960","status":"publish","type":"product","link":"https:\/\/zoca.es\/fr\/produit\/imprimante-matricielle-epson-dfx-8000-reconditionne-fr-5960\/","title":{"rendered":"Imprimante matricielle Epson DFX-8000 | Reconditionn\u00e9"},"content":{"rendered":"<p><strong>Technologie :<\/strong><br \/>\n\tAiguilles Matrix 9<br \/>\n\t<strong>Vitesse :<\/strong><br \/>\n\tJusqu&rsquo;\u00e0 1 000 ips<br \/>\n\t<strong>Colonnes :<\/strong><br \/>\n\t186 colonnes<br \/>\n\t<strong>M\u00e9moire :<\/strong><br \/>\n\t3 Ko<br \/>\n\t<strong>Copies : <\/strong><br \/>\n\tOriginal + 5 exemplaires<br \/>\n\t<strong>Connectivit\u00e9 : <\/strong><br \/>\n\t1xParall\u00e8le, 1xS\u00e9rie<br \/>\n\t<strong>Mesures :<\/strong><br \/>\n\t369 x 700 x 382 mm<br \/>\n\t<strong>Poids :<\/strong><br \/>\n\t29 kg.<br \/>\n\t<strong>Autres :<\/strong><br \/>\n\t<u>Bo\u00eetier de sortie papier manquant (<\/u>n&rsquo;affecte pas le fonctionnement<u>)<\/u><br \/>\n\t<strong>Exp\u00e9rience :<\/strong><br \/>\n\tImprimante en parfait \u00e9tat de fonctionnement. Il manque le bac de sortie papier situ\u00e9 \u00e0 l&rsquo;arri\u00e8re de la machine. Ce bac de sortie est normalement retir\u00e9 de l&rsquo;imprimante afin de ne pas g\u00eaner la sortie papier.<br \/><b>Contr\u00f4les qualit\u00e9\/tests en laboratoire : <\/b><u>Contr\u00f4le physique :<\/u> Inspection du ch\u00e2ssis, nettoyage et v\u00e9rifier les dommages. <u>Connectivit\u00e9 :<\/u> V\u00e9rification des ports et des connexions (USB, Ethernet, etc.). <u>Test d&rsquo;impression :<\/u> Test de qualit\u00e9 et de rapidit\u00e9, contr\u00f4le d&rsquo;alignement et de lisibilit\u00e9. <u>Gestion du papier :<\/u> Examen du syst\u00e8me d&rsquo;alimentation et d\u00e9tection des bourrages. <u>Test de charge :<\/u> Test de fiabilit\u00e9 en utilisation continue.<br \/><u>Inspection interne :<\/u> V\u00e9rification et nettoyage des composants internes.<br \/>Bon aspect ext\u00e9rieur. Regardez dans \u00ab + Photos \u00bb et si vous avez des questions, appelez-nous ou utilisez notre chat pour plus d&rsquo;informations ou pour demander plus de d\u00e9tails.<\/p>\n","protected":false},"excerpt":{"rendered":"<p>Dot Matrix 9 pin &#8211; 186 columns &#8211; Up to 1000 cps -3 KB &#8211; Original + 5 copies &#8211; 1xParallel, 1xSerial<\/p>\n","protected":false},"featured_media":84737,"template":"","meta":[],"product_brand":[3472],"product_cat":[2363,2384],"product_tag":[],"class_list":{"0":"post-84747","1":"product","2":"type-product","3":"status-publish","4":"has-post-thumbnail","6":"product_brand-epson","7":"product_cat-imprimantes-fr","8":"product_cat-imprimantes-matricielle-fr","10":"first","11":"instock","12":"taxable","13":"shipping-taxable","14":"purchasable","15":"product-type-simple"},"bundled_by":[],"bundle_stock_status":"instock","bundle_stock_quantity":1,"bundle_virtual":false,"bundle_layout":"","bundle_add_to_cart_form_location":"","bundle_editable_in_cart":false,"bundle_sold_individually_context":"","bundle_item_grouping":"","bundle_min_size":"","bundle_max_size":"","bundle_price":[],"bundled_items":[],"bundle_sell_ids":[],"exclude_global_add_ons":[],"addons":[],"df_price":592.9,"df_sale_price":"","df_regular_price":592.9,"df_image_link":"https:\/\/zoca.es\/wp-content\/uploads\/images\/product\/5960\/epso00028_01-300x225.jpg","_links":{"self":[{"href":"https:\/\/zoca.es\/fr\/wp-json\/wp\/v2\/product\/84747","targetHints":{"allow":["GET"]}}],"collection":[{"href":"https:\/\/zoca.es\/fr\/wp-json\/wp\/v2\/product"}],"about":[{"href":"https:\/\/zoca.es\/fr\/wp-json\/wp\/v2\/types\/product"}],"wp:featuredmedia":[{"embeddable":true,"href":"https:\/\/zoca.es\/fr\/wp-json\/wp\/v2\/media\/84737"}],"wp:attachment":[{"href":"https:\/\/zoca.es\/fr\/wp-json\/wp\/v2\/media?parent=84747"}],"wp:term":[{"taxonomy":"product_brand","embeddable":true,"href":"https:\/\/zoca.es\/fr\/wp-json\/wp\/v2\/product_brand?post=84747"},{"taxonomy":"product_cat","embeddable":true,"href":"https:\/\/zoca.es\/fr\/wp-json\/wp\/v2\/product_cat?post=84747"},{"taxonomy":"product_tag","embeddable":true,"href":"https:\/\/zoca.es\/fr\/wp-json\/wp\/v2\/product_tag?post=84747"}],"curies":[{"name":"wp","href":"https:\/\/api.w.org\/{rel}","templated":true}]}}