{"id":80839,"date":"2023-03-24T13:02:32","date_gmt":"2023-03-24T12:02:32","guid":{"rendered":"https:\/\/zoca.es\/producto\/imprimante-matricielle-olivetti-pr2e-reconditionne-fr-10478\/"},"modified":"2026-02-25T10:44:02","modified_gmt":"2026-02-25T09:44:02","slug":"imprimante-matricielle-olivetti-pr2e-reconditionne-fr-10478","status":"publish","type":"product","link":"https:\/\/zoca.es\/fr\/produit\/imprimante-matricielle-olivetti-pr2e-reconditionne-fr-10478\/","title":{"rendered":"Imprimante matricielle Olivetti PR2E | Reconditionn\u00e9"},"content":{"rendered":"<p><strong>G\u00e9n\u00e9rale imprimante<\/strong><br \/>Chariot Estrecho<br \/>Colonnes 80<br \/>\u00c9pingles 24<br \/><strong>Copies<\/strong><br \/>Vitesse 370 cps<br \/>Nombre de copies Original + 6 Copias<br \/>\u00c9mulation Olivetti Standard + IBM PP + X24<br \/><strong>Connectivit\u00e9 imprimante<\/strong><br \/>S\u00e9rie, Parall\u00e8le, USB<br \/><strong>Format papier<\/strong><br \/>Feuilles simples<br \/><strong>Autres<\/strong><br \/>hR emballage<br \/><strong>Dimensions<\/strong><br \/>38.4&#215;29.6&#215;20.4 cm.<br \/><strong>Poids<\/strong><br \/>10.50 Kg.<br \/><strong>Sp\u00e9cifications suppl\u00e9mentaires<\/strong><br \/><b>Contr\u00f4les qualit\u00e9\/tests en laboratoire :<\/b> <u>Inspection physique :<\/u> Inspection du ch\u00e2ssis, nettoyage et v\u00e9rification des dommages. <u>Connectivit\u00e9 :<\/u> V\u00e9rification des ports et des connexions (USB, Ethernet, etc.). <u>Test d&rsquo;impression :<\/u> Test de qualit\u00e9 et de rapidit\u00e9, contr\u00f4le d&rsquo;alignement et de lisibilit\u00e9. <u>Gestion du papier :<\/u> Examen du syst\u00e8me d&rsquo;alimentation et d\u00e9tection des bourrages. <u>Test de charge :<\/u> Test de fiabilit\u00e9 en utilisation continue.<br \/><u>Inspection interne :<\/u> V\u00e9rification et nettoyage des composants internes.<br \/>Bon aspect ext\u00e9rieur. Si vous avez des questions, appelez-nous ou utilisez notre chat pour plus d&rsquo;informations ou pour demander plus de d\u00e9tails.<\/p>\n","protected":false},"excerpt":{"rendered":"<p>Colonnes 80 \u00b7 \u00c9pingles 24 \u00b7 Chariot Estrecho \u00b7 Vitesse 370 cps \u00b7 Nombre de copies Original + 6 Copias \u00b7 S\u00e9rie, Parall\u00e8le, USB \u00b7 Feuilles simples<\/p>\n","protected":false},"featured_media":80835,"template":"","meta":[],"product_brand":[3486],"product_cat":[2363,2393],"product_tag":[],"class_list":{"0":"post-80839","1":"product","2":"type-product","3":"status-publish","4":"has-post-thumbnail","6":"product_brand-olivetti","7":"product_cat-imprimantes-fr","8":"product_cat-imprimantes-financieres-fr","10":"first","11":"instock","12":"taxable","13":"shipping-taxable","14":"purchasable","15":"product-type-simple"},"bundled_by":[],"bundle_stock_status":"instock","bundle_stock_quantity":19,"bundle_virtual":false,"bundle_layout":"","bundle_add_to_cart_form_location":"","bundle_editable_in_cart":false,"bundle_sold_individually_context":"","bundle_item_grouping":"","bundle_min_size":"","bundle_max_size":"","bundle_price":[],"bundled_items":[],"bundle_sell_ids":[],"exclude_global_add_ons":[],"addons":[],"df_price":113.74,"df_sale_price":"","df_regular_price":113.74,"df_image_link":"https:\/\/zoca.es\/wp-content\/uploads\/images\/product\/10478\/oliv00004_01-300x225.jpg","_links":{"self":[{"href":"https:\/\/zoca.es\/fr\/wp-json\/wp\/v2\/product\/80839","targetHints":{"allow":["GET"]}}],"collection":[{"href":"https:\/\/zoca.es\/fr\/wp-json\/wp\/v2\/product"}],"about":[{"href":"https:\/\/zoca.es\/fr\/wp-json\/wp\/v2\/types\/product"}],"wp:featuredmedia":[{"embeddable":true,"href":"https:\/\/zoca.es\/fr\/wp-json\/wp\/v2\/media\/80835"}],"wp:attachment":[{"href":"https:\/\/zoca.es\/fr\/wp-json\/wp\/v2\/media?parent=80839"}],"wp:term":[{"taxonomy":"product_brand","embeddable":true,"href":"https:\/\/zoca.es\/fr\/wp-json\/wp\/v2\/product_brand?post=80839"},{"taxonomy":"product_cat","embeddable":true,"href":"https:\/\/zoca.es\/fr\/wp-json\/wp\/v2\/product_cat?post=80839"},{"taxonomy":"product_tag","embeddable":true,"href":"https:\/\/zoca.es\/fr\/wp-json\/wp\/v2\/product_tag?post=80839"}],"curies":[{"name":"wp","href":"https:\/\/api.w.org\/{rel}","templated":true}]}}