{"id":70737,"date":"2022-10-05T12:35:55","date_gmt":"2022-10-05T11:35:55","guid":{"rendered":"https:\/\/zoca.es\/producto\/panasonic-toughbook-cf-54-14-reconditionne-core-i5-23ghz-8-gb-ram-256-gb-ssd-1366x768-fr-10018\/"},"modified":"2026-03-05T12:18:48","modified_gmt":"2026-03-05T11:18:48","slug":"panasonic-toughbook-cf-54-14-reconditionne-core-i5-23ghz-8-gb-ram-256-gb-ssd-1366x768-fr-10018","status":"publish","type":"product","link":"https:\/\/zoca.es\/fr\/produit\/panasonic-toughbook-cf-54-14-reconditionne-core-i5-23ghz-8-gb-ram-256-gb-ssd-1366x768-fr-10018\/","title":{"rendered":"Panasonic Toughbook CF-54-Impecable 14\u00a0\u00bb | Reconditionn\u00e9 | Core i5 2.3GHz | 8 GB RAM | 256 GB SSD 1366&#215;768"},"content":{"rendered":"<p><strong>Processeur<\/strong><br \/>Intel Core i5 5300U 2.3 GHz.<br \/><strong>M\u00e9moire RAM<\/strong><br \/>8 Gb. SO-DDR3 RAM<br \/><strong>Disque dur<\/strong><br \/>256 Gb. SSD<br \/><strong>Cartes<\/strong><br \/>Graphique: HD Graphics 5500<br \/>Son: High Definition Audio<br \/>R\u00e9seau: L218M<br \/><strong>Syst\u00e8me op\u00e9ratif<\/strong><br \/>Windows 10 Pro<br \/><strong>Ports<\/strong><br \/>3x USB 3.0<br \/><strong>\u00c9cran<\/strong><br \/>Led 14 \u00a0\u00bb HD 16:9  \u00b7 R\u00e9solution 1366&#215;768<br \/><strong>Ports vid\u00e9o<\/strong><br \/>HDMI<br \/><strong>Multim\u00e9dias<\/strong><br \/>Lecteur SD<br \/><strong>Connectivit\u00e9<\/strong><br \/>RJ-45<br \/>WIFI<br \/>Bluetooth<br \/><strong>Notebook sp\u00e9cifique<\/strong><br \/>Langue du clavier International (autocollants espagnols)<br \/><strong>Autres<\/strong><br \/>hR emballage<br \/><strong>Dimensions<\/strong><br \/>34x27x3 cm.<br \/><strong>Poids<\/strong><br \/>2.00 Kg.<br \/><strong>Sp\u00e9cifications suppl\u00e9mentaires<\/strong><br \/>Apparence ext\u00e9rieure impeccable. Ordinateur portable con\u00e7u pour fonctionner dans des environnements<br \/>\navec la poussi\u00e8re, les entrep\u00f4ts, la salet\u00e9, les travaux ext\u00e9rieurs et sur le terrain. Ce<br \/>\nEnti\u00e8rement robuste et prot\u00e9g\u00e9 contre les chocs et les \u00e9claboussures.<br \/><b>Caract\u00e9ristiques robustes :<\/b><br \/><u>Conception semi-robuste :<\/u> R\u00e9sistant aux chutes, aux vibrations, \u00e0 la poussi\u00e8re et aux \u00e9claboussures. Id\u00e9al pour les environnements exigeants sans \u00eatre extr\u00eame.<br \/><u>Ch\u00e2ssis renforc\u00e9 :<\/u> Bo\u00eetier en magn\u00e9sium qui absorbe les chocs.<br \/><u>Protection du disque dur :<\/u> Amorti pour prot\u00e9ger en cas de chocs.<br \/><u>R\u00e9sistance environnementale :<\/u> R\u00e9siste aux temp\u00e9ratures et \u00e0 l&rsquo;humidit\u00e9 extr\u00eames, avec certification militaire MIL-STD-810G.<br \/><b>Certifications robustes :<\/b><br \/><u>MIL -STD- 810G : <\/u>R\u00e9sistance aux chutes, aux vibrations, \u00e0 l&rsquo;humidit\u00e9, \u00e0 l&rsquo;altitude et aux temp\u00e9ratures extr\u00eames.<br \/><u>IP5X : <\/u>Protection contre la poussi\u00e8re pour fonctionner dans des environnements contenant des particules.<br \/>Regardez<br \/>\n dans \u00ab + Photos \u00bb et \u00ab Vid\u00e9o \u00bb et si vous avez des questions appelez-nous ou utilisez notre<br \/>\ndiscuter pour d\u00e9velopper les informations ou pour demander plus de d\u00e9tails.<\/p>\n","protected":false},"excerpt":{"rendered":"<p>Intel Core i5 5300U 2,3 GHz [TPM non disponible] \u00b7 8 Go de RAM SO-DDR3 \u00b7 256.<br \/>\nGb. SSD \u00b7<u>Clavier international avec autocollants en espagnol<\/u> \u00b7 LED 14&Prime; HD 16:9 \u00b7 R\u00e9solution 1366&#215;768 \u00b7<br \/>\nLecteur SD<\/p>\n","protected":false},"featured_media":70703,"template":"","meta":[],"product_brand":[3467],"product_cat":[2254,3068,3121,2275],"product_tag":[3291],"class_list":{"0":"post-70737","1":"product","2":"type-product","3":"status-publish","4":"has-post-thumbnail","6":"product_brand-panasonic","7":"product_cat-notebooks-fr","8":"product_cat-ruggerized-fr","9":"product_cat-notebooks-notebooks-fr","10":"product_cat-notebooks-ruggerized-fr","11":"product_tag-oferta-permanente","13":"first","14":"instock","15":"sale","16":"taxable","17":"shipping-taxable","18":"purchasable","19":"product-type-simple"},"bundled_by":[],"bundle_stock_status":"instock","bundle_stock_quantity":7,"bundle_virtual":false,"bundle_layout":"","bundle_add_to_cart_form_location":"","bundle_editable_in_cart":false,"bundle_sold_individually_context":"","bundle_item_grouping":"","bundle_min_size":"","bundle_max_size":"","bundle_price":[],"bundled_items":[],"bundle_sell_ids":[],"exclude_global_add_ons":true,"addons":{"keyboard-iso-upgrades":{"name":"Choisir langue du clavier","type":"multiple_choice","position":0,"required":false,"title_format":"heading","default":"","description_enable":false,"description":"","placeholder_enable":false,"placeholder":"","display":"radiobutton","restrictions_type":"any_text","adjust_price":false,"price":"","price_type":"quantity_based","restrictions":false,"min":"0","max":"0","options":[{"label":"Autocollants espagnols [AMP00082]","price":"0.0000","price_type":"quantity_based","image":0,"visibility":true},{"label":"Autocollants fran\u00e7ais [AMP00084]","price":"0.0000","price_type":"quantity_based","image":0,"visibility":true},{"label":"Autocollants portugais [AMP00083]","price":"0.0000","price_type":"quantity_based","image":0,"visibility":true}]},"webcam-upgrades":{"name":"Extension Webcam","type":"multiple_choice","position":0,"required":false,"title_format":"heading","default":"","description_enable":false,"description":"","placeholder_enable":false,"placeholder":"","display":"radiobutton","restrictions_type":"any_text","adjust_price":false,"price":"","price_type":"quantity_based","restrictions":false,"min":"0","max":"0","options":[{"label":"Conceptronic AMDIS FullHD [AMP00085]","price":"29.0000","price_type":"quantity_based","image":0,"visibility":true}]},"ram-memory-upgrades":{"name":"Extension RAM","type":"multiple_choice","position":0,"required":false,"title_format":"heading","default":"","description_enable":false,"description":"","placeholder_enable":false,"placeholder":"","display":"radiobutton","restrictions_type":"any_text","adjust_price":false,"price":"","price_type":"quantity_based","restrictions":false,"min":"0","max":"0","options":[{"label":"Extension de 16 Gb de RAM SODIMM DDR3 [AMP00004]","price":"50.0000","price_type":"quantity_based","image":0,"visibility":true}]},"hdd-upgrades":{"name":"Extension disque dur","type":"multiple_choice","position":0,"required":false,"title_format":"heading","default":"","description_enable":false,"description":"","placeholder_enable":false,"placeholder":"","display":"radiobutton","restrictions_type":"any_text","adjust_price":false,"price":"","price_type":"quantity_based","restrictions":false,"min":"0","max":"0","options":[{"label":"Passez au disque SSD de 480 Gb. [AMP00014]","price":"59.0000","price_type":"quantity_based","image":0,"visibility":true},{"label":"Passez au disque SSD 1 Tb. [AMP00071]","price":"95.0000","price_type":"quantity_based","image":0,"visibility":true}]},"os-upgrades":{"name":"Expansion SO","type":"multiple_choice","position":0,"required":false,"title_format":"heading","default":"","description_enable":false,"description":"","placeholder_enable":false,"placeholder":"","display":"radiobutton","restrictions_type":"any_text","adjust_price":false,"price":"","price_type":"quantity_based","restrictions":false,"min":"0","max":"0","options":[{"label":"Changer la langue en anglais [AMP00008]","price":"0.0000","price_type":"quantity_based","image":0,"visibility":true},{"label":"Changer la langue en portugais [AMP00009]","price":"0.0000","price_type":"quantity_based","image":0,"visibility":true},{"label":"Passer \u00e0 Windows 32 bits [AMP00005]","price":"10.0000","price_type":"quantity_based","image":0,"visibility":true}]},"briefcase-upgrades":{"name":"Porte-documents","type":"multiple_choice","position":0,"required":false,"title_format":"heading","default":"","description_enable":false,"description":"","placeholder_enable":false,"placeholder":"","display":"radiobutton","restrictions_type":"any_text","adjust_price":false,"price":"","price_type":"quantity_based","restrictions":false,"min":"0","max":"0","options":[{"label":"Mallette Notebook [AMP00041]","price":"5.0000","price_type":"quantity_based","image":0,"visibility":true}]}},"df_price":594.11,"df_sale_price":594.11,"df_regular_price":625.57,"df_image_link":"https:\/\/zoca.es\/wp-content\/uploads\/images\/product\/10018\/pana00077_01-300x225.jpg","_links":{"self":[{"href":"https:\/\/zoca.es\/fr\/wp-json\/wp\/v2\/product\/70737","targetHints":{"allow":["GET"]}}],"collection":[{"href":"https:\/\/zoca.es\/fr\/wp-json\/wp\/v2\/product"}],"about":[{"href":"https:\/\/zoca.es\/fr\/wp-json\/wp\/v2\/types\/product"}],"wp:featuredmedia":[{"embeddable":true,"href":"https:\/\/zoca.es\/fr\/wp-json\/wp\/v2\/media\/70703"}],"wp:attachment":[{"href":"https:\/\/zoca.es\/fr\/wp-json\/wp\/v2\/media?parent=70737"}],"wp:term":[{"taxonomy":"product_brand","embeddable":true,"href":"https:\/\/zoca.es\/fr\/wp-json\/wp\/v2\/product_brand?post=70737"},{"taxonomy":"product_cat","embeddable":true,"href":"https:\/\/zoca.es\/fr\/wp-json\/wp\/v2\/product_cat?post=70737"},{"taxonomy":"product_tag","embeddable":true,"href":"https:\/\/zoca.es\/fr\/wp-json\/wp\/v2\/product_tag?post=70737"}],"curies":[{"name":"wp","href":"https:\/\/api.w.org\/{rel}","templated":true}]}}