{"id":40924,"date":"2021-10-05T12:00:17","date_gmt":"2021-10-05T11:00:17","guid":{"rendered":"https:\/\/zoca.es\/producto\/imprimante-thermique-pos-toshiba-b-ep2dl-gh20-qm-r-reconditionne-fr-8510\/"},"modified":"2026-02-25T09:45:45","modified_gmt":"2026-02-25T08:45:45","slug":"imprimante-thermique-pos-toshiba-b-ep2dl-gh20-qm-r-reconditionne-fr-8510","status":"publish","type":"product","link":"https:\/\/zoca.es\/fr\/produit\/imprimante-thermique-pos-toshiba-b-ep2dl-gh20-qm-r-reconditionne-fr-8510\/","title":{"rendered":"Imprimante thermique POS Toshiba B-EP2DL-GH20-QM-R | Reconditionn\u00e9"},"content":{"rendered":"<p><strong>Technologie<\/strong><br \/>Thermique<br \/><strong>Copies<\/strong><br \/>Vitesse d&rsquo;imprimante 4 mm\/s<br \/>Caract\u00e8res par pouce 203<br \/><strong>Gestion du papier<\/strong><br \/>Couper manuel<br \/><strong>Connectivit\u00e9 imprimante<\/strong><br \/>S\u00e9rie, USB<br \/><strong>Autres<\/strong><br \/>Alimentateur inclus<br \/><strong>Bo\u00eetier<\/strong><br \/>Couleur noir<br \/><strong>Dimensions<\/strong><br \/>11.9&#215;8.8&#215;6.5 cm.<br \/><strong>Poids<\/strong><br \/>1.00 Kg.<br \/><strong>Sp\u00e9cifications suppl\u00e9mentaires<\/strong><br \/>Imprimante de tickets portable avec connexion s\u00e9rie et USB. Id\u00e9al pour les environnements de mobilit\u00e9. Il comprend 2 batteries ce qui lui conf\u00e8re une grande autonomie. <br \/><b>Contr\u00f4les qualit\u00e9\/essais en laboratoire : <\/b><u>Inspection physique :<\/u> Inspection du ch\u00e2ssis, nettoyage et v\u00e9rification des dommages. <u>Connectivit\u00e9 :<\/u> V\u00e9rification des ports et des connexions (USB, Ethernet, etc.). <u>Test d&rsquo;impression :<\/u> Test de qualit\u00e9 et de rapidit\u00e9, contr\u00f4le d&rsquo;alignement et de lisibilit\u00e9. <u>Gestion du papier :<\/u> Examen du syst\u00e8me d&rsquo;alimentation et d\u00e9tection des bourrages. <u>Test de charge :<\/u> Test de fiabilit\u00e9 en utilisation continue.<br \/><u>Inspection interne :<\/u> V\u00e9rification et nettoyage des composants internes.<br \/>Bon aspect ext\u00e9rieur. Il peut y avoir une certaine usure sur les boutons. Regardez dans \u00ab + Photos \u00bb et \u00ab Vid\u00e9o \u00bb et si vous avez des questions, appelez-nous ou utilisez notre chat pour plus d&rsquo;informations ou pour demander plus de d\u00e9tails.<\/p>\n<p><strong>Commentaires<\/strong><br \/><u>Connexion 232C &#8211; 2\u00e8me batterie suppl\u00e9mentaire<\/u><\/p>\n","protected":false},"excerpt":{"rendered":"<p>Thermique \u00b7 Couper manuel \u00b7 Vitesse d&rsquo;imprimante 4 mm\/s \u00b7 Caract\u00e8res par pouce 203 \u00b7 S\u00e9rie, USB \u00b7 Bo\u00eetier couleur noir \u00b7 <u>Connexion 232C &#8211; 2\u00e8me batterie suppl\u00e9mentaire<\/u><\/p>\n","protected":false},"featured_media":59605,"template":"","meta":[],"product_brand":[3444],"product_cat":[2363,2390],"product_tag":[],"class_list":{"0":"post-40924","1":"product","2":"type-product","3":"status-publish","4":"has-post-thumbnail","6":"product_brand-toshiba","7":"product_cat-imprimantes-fr","8":"product_cat-imprimantes-tpv-fr","10":"first","11":"instock","12":"sale","13":"taxable","14":"shipping-taxable","15":"purchasable","16":"product-type-simple"},"bundled_by":[],"bundle_stock_status":"instock","bundle_stock_quantity":53,"bundle_virtual":false,"bundle_layout":"","bundle_add_to_cart_form_location":"","bundle_editable_in_cart":false,"bundle_sold_individually_context":"","bundle_item_grouping":"","bundle_min_size":"","bundle_max_size":"","bundle_price":[],"bundled_items":[],"bundle_sell_ids":[],"exclude_global_add_ons":[],"addons":[],"df_price":36.3,"df_sale_price":36.3,"df_regular_price":60.5,"df_image_link":"https:\/\/zoca.es\/wp-content\/uploads\/images\/product\/8510\/tosh00137_01-300x225.jpg","_links":{"self":[{"href":"https:\/\/zoca.es\/fr\/wp-json\/wp\/v2\/product\/40924","targetHints":{"allow":["GET"]}}],"collection":[{"href":"https:\/\/zoca.es\/fr\/wp-json\/wp\/v2\/product"}],"about":[{"href":"https:\/\/zoca.es\/fr\/wp-json\/wp\/v2\/types\/product"}],"wp:featuredmedia":[{"embeddable":true,"href":"https:\/\/zoca.es\/fr\/wp-json\/wp\/v2\/media\/59605"}],"wp:attachment":[{"href":"https:\/\/zoca.es\/fr\/wp-json\/wp\/v2\/media?parent=40924"}],"wp:term":[{"taxonomy":"product_brand","embeddable":true,"href":"https:\/\/zoca.es\/fr\/wp-json\/wp\/v2\/product_brand?post=40924"},{"taxonomy":"product_cat","embeddable":true,"href":"https:\/\/zoca.es\/fr\/wp-json\/wp\/v2\/product_cat?post=40924"},{"taxonomy":"product_tag","embeddable":true,"href":"https:\/\/zoca.es\/fr\/wp-json\/wp\/v2\/product_tag?post=40924"}],"curies":[{"name":"wp","href":"https:\/\/api.w.org\/{rel}","templated":true}]}}