{"id":38419,"date":"2021-08-12T12:49:35","date_gmt":"2021-08-12T11:49:35","guid":{"rendered":"https:\/\/zoca.es\/producto\/switch-3com-3cr17333-91-reconditionne-fr-8354\/"},"modified":"2026-02-25T10:15:47","modified_gmt":"2026-02-25T09:15:47","slug":"switch-3com-3cr17333-91-reconditionne-fr-8354","status":"publish","type":"product","link":"https:\/\/zoca.es\/fr\/produit\/switch-3com-3cr17333-91-reconditionne-fr-8354\/","title":{"rendered":"Switch 3Com 3CR17333-91 | Reconditionn\u00e9"},"content":{"rendered":"<p><strong>G\u00e9n\u00e9rale imprimante<\/strong><br \/>Switch<br \/><strong>Ports r\u00e9seau<\/strong><br \/>26x Ethernet 100 Mbps.<br \/>2x Ethernet 1000 Mbps.<br \/>2x Fibre 1000 Mbps.<br \/><strong>Dimensions<\/strong><br \/>48.5x16x4.5 cm.<br \/><strong>Poids<\/strong><br \/>2.15 Kg.<\/p>\n","protected":false},"excerpt":{"rendered":"<p>Switch \u00b7 26x Ethernet 100 Mbps. \u00b7 2x Ethernet 1000 Mbps. \u00b7 2x Fibre 1000 Mbps.<\/p>\n","protected":false},"featured_media":62401,"template":"","meta":[],"product_brand":[3473],"product_cat":[3211,80],"product_tag":[],"class_list":{"0":"post-38419","1":"product","2":"type-product","3":"status-publish","4":"has-post-thumbnail","6":"product_brand-3com","7":"product_cat-networking-switches-fr","8":"product_cat-networking-fr","10":"first","11":"instock","12":"taxable","13":"shipping-taxable","14":"purchasable","15":"product-type-simple"},"bundled_by":[],"bundle_stock_status":"instock","bundle_stock_quantity":73,"bundle_virtual":false,"bundle_layout":"","bundle_add_to_cart_form_location":"","bundle_editable_in_cart":false,"bundle_sold_individually_context":"","bundle_item_grouping":"","bundle_min_size":"","bundle_max_size":"","bundle_price":[],"bundled_items":[],"bundle_sell_ids":[],"exclude_global_add_ons":[],"addons":[],"df_price":30.25,"df_sale_price":"","df_regular_price":30.25,"df_image_link":"https:\/\/zoca.es\/wp-content\/uploads\/images\/product\/8354\/3com00007_01-300x225.jpg","_links":{"self":[{"href":"https:\/\/zoca.es\/fr\/wp-json\/wp\/v2\/product\/38419","targetHints":{"allow":["GET"]}}],"collection":[{"href":"https:\/\/zoca.es\/fr\/wp-json\/wp\/v2\/product"}],"about":[{"href":"https:\/\/zoca.es\/fr\/wp-json\/wp\/v2\/types\/product"}],"wp:featuredmedia":[{"embeddable":true,"href":"https:\/\/zoca.es\/fr\/wp-json\/wp\/v2\/media\/62401"}],"wp:attachment":[{"href":"https:\/\/zoca.es\/fr\/wp-json\/wp\/v2\/media?parent=38419"}],"wp:term":[{"taxonomy":"product_brand","embeddable":true,"href":"https:\/\/zoca.es\/fr\/wp-json\/wp\/v2\/product_brand?post=38419"},{"taxonomy":"product_cat","embeddable":true,"href":"https:\/\/zoca.es\/fr\/wp-json\/wp\/v2\/product_cat?post=38419"},{"taxonomy":"product_tag","embeddable":true,"href":"https:\/\/zoca.es\/fr\/wp-json\/wp\/v2\/product_tag?post=38419"}],"curies":[{"name":"wp","href":"https:\/\/api.w.org\/{rel}","templated":true}]}}