{"id":34179,"date":"2021-05-06T11:22:59","date_gmt":"2021-05-06T10:22:59","guid":{"rendered":"https:\/\/zoca.es\/producto\/tablette-graphique-wacom-tablet-digital-stu-520-reconditionne-fr-5544\/"},"modified":"2026-04-15T15:06:00","modified_gmt":"2026-04-15T14:06:00","slug":"tablette-graphique-wacom-tablet-digital-stu-520-reconditionne-fr-5544","status":"publish","type":"product","link":"https:\/\/zoca.es\/fr\/produit\/tablette-graphique-wacom-tablet-digital-stu-520-reconditionne-fr-5544\/","title":{"rendered":"Tablette graphique WACOM STU-520 | Reconditionn\u00e9"},"content":{"rendered":"<p><strong>La technologie:<\/strong>\u00c9cran LCD TFT 4,7 pouces Color<strong>R\u00e9solution:<\/strong>800 X 480<strong>Pas de pixel:<\/strong>0,135 millim\u00e8tre<strong><\/strong><strong>Luminosit\u00e9:<\/strong>168 cd \/ m2<strong><\/strong><strong>Contraste:<\/strong>600: 1<strong><\/strong><strong>Angle de vue:<\/strong>140 \u00b0 v \/ 140 \u00b0 h<strong><\/strong><strong>Interfaces:<\/strong>1xUSB 2.0<strong><\/strong><strong>Dimensions:<\/strong>160 x 177 x 16 mm.<strong><\/strong><strong>Poids:<\/strong>289 Grs.<strong><\/strong><strong>Autres:<\/strong>Stylo pointeur inclus.Bon aspect ext\u00e9rieur. Il peut montrer de l\u00e9g\u00e8res traces d&rsquo;usure sur le bo\u00eetier.Regardez \u00a0\u00bb+ Photos\u00a0\u00bb et \u00a0\u00bbVid\u00e9o\u00a0\u00bb et si vous avez des questions, appelez-nous ou utilisez notre chat pour plus d&rsquo;informations ou pour demander plus de d\u00e9tails.<\/p>\n","protected":false},"excerpt":{"rendered":"<p>Technologie: LCD TFT 4,7\u00a0\u00bb Color &#8211; R\u00e9solution: 800 x 480 &#8211; Pas de pixel: 0,135 mm &#8211; Luminosit\u00e9: 168 cd \/ m2 &#8211; Contraste: 600: 1 &#8211; Angle: 14&rsquo;0 \u00b0 v \/ 140 \u00b0 h. &#8211; Interfaces: 1xUSB 2.0<\/p>\n","protected":false},"featured_media":61351,"template":"","meta":[],"product_brand":[3488],"product_cat":[2336],"product_tag":[],"class_list":{"0":"post-34179","1":"product","2":"type-product","3":"status-publish","4":"has-post-thumbnail","6":"product_brand-wacom","7":"product_cat-wacom-fr","9":"first","10":"instock","11":"featured","12":"taxable","13":"shipping-taxable","14":"purchasable","15":"product-type-simple"},"bundled_by":[],"bundle_stock_status":"instock","bundle_stock_quantity":56,"bundle_virtual":false,"bundle_layout":"","bundle_add_to_cart_form_location":"","bundle_editable_in_cart":false,"bundle_sold_individually_context":"","bundle_item_grouping":"","bundle_min_size":"","bundle_max_size":"","bundle_price":[],"bundled_items":[],"bundle_sell_ids":[],"exclude_global_add_ons":[],"addons":[],"df_price":87.12,"df_sale_price":"","df_regular_price":87.12,"df_image_link":"https:\/\/zoca.es\/wp-content\/uploads\/images\/product\/5544\/wcm00004_01-300x225.jpg","_links":{"self":[{"href":"https:\/\/zoca.es\/fr\/wp-json\/wp\/v2\/product\/34179","targetHints":{"allow":["GET"]}}],"collection":[{"href":"https:\/\/zoca.es\/fr\/wp-json\/wp\/v2\/product"}],"about":[{"href":"https:\/\/zoca.es\/fr\/wp-json\/wp\/v2\/types\/product"}],"wp:featuredmedia":[{"embeddable":true,"href":"https:\/\/zoca.es\/fr\/wp-json\/wp\/v2\/media\/61351"}],"wp:attachment":[{"href":"https:\/\/zoca.es\/fr\/wp-json\/wp\/v2\/media?parent=34179"}],"wp:term":[{"taxonomy":"product_brand","embeddable":true,"href":"https:\/\/zoca.es\/fr\/wp-json\/wp\/v2\/product_brand?post=34179"},{"taxonomy":"product_cat","embeddable":true,"href":"https:\/\/zoca.es\/fr\/wp-json\/wp\/v2\/product_cat?post=34179"},{"taxonomy":"product_tag","embeddable":true,"href":"https:\/\/zoca.es\/fr\/wp-json\/wp\/v2\/product_tag?post=34179"}],"curies":[{"name":"wp","href":"https:\/\/api.w.org\/{rel}","templated":true}]}}