{"id":33282,"date":"2021-04-26T08:11:27","date_gmt":"2021-04-26T07:11:33","guid":{"rendered":"https:\/\/zoca.es\/producto\/dell-optiplex-gx520-sd-reconditionne-pentium-4-28ghz-2-gb-ram-80-gb-hdd-bureau-fr-155\/"},"modified":"2022-11-08T09:14:34","modified_gmt":"2022-11-08T08:14:34","slug":"dell-optiplex-gx520-sd-reconditionne-pentium-4-28ghz-2-gb-ram-80-gb-hdd-bureau-fr-155","status":"publish","type":"product","link":"https:\/\/zoca.es\/fr\/produit\/dell-optiplex-gx520-sd-reconditionne-pentium-4-28ghz-2-gb-ram-80-gb-hdd-bureau-fr-155\/","title":{"rendered":"Dell Optiplex GX520 SD | Reconditionn\u00e9 | Pentium 4 2.8GHz | 2 GB RAM | 80 GB HDD Bureau"},"content":{"rendered":"<p><strong>Processeur<\/strong><br \/>Intel Pentium 4 2.8 GHz.<br \/><strong>Facteur de forme<\/strong><br \/>Bureau<br \/><strong>M\u00e9moire RAM<\/strong><br \/>2 Gb. DDR2 RAM<br \/><strong>Disque dur<\/strong><br \/>80 Gb. SATA<br \/><strong>Lecteur optique<\/strong><br \/>DVD<br \/><strong>Cartes<\/strong><br \/>Graphique: Intel Express Chipset Family<br \/>Son: Sounmax Integrated Digital Audio<br \/>R\u00e9seau: Broadcom Ethernet Gigabit<br \/><strong>Syst\u00e8me op\u00e9ratif<\/strong><br \/>Ubuntu GNU\/Linux<br \/><strong>Ports<\/strong><br \/>1x S\u00e9rie<br \/>1x Parall\u00e8le<br \/>8x USB 2.0<br \/><strong>Ports vid\u00e9o<\/strong><br \/>1x VGA<br \/><strong>Dimensions<\/strong><br \/>35.5&#215;11.0x4.00 cm.<br \/><strong>Poids<\/strong><br \/>9.00 Kg.<br \/><strong>Sp\u00e9cifications suppl\u00e9mentaires<\/strong><br \/>Belle apparence \u00e0 l&rsquo;ext\u00e9rieur. Il peut pr\u00e9senter de l\u00e9g\u00e8res traces d&rsquo;utilisation sur le bo\u00eetier. Si vous avez des questions, appelez-nous ou utilisez notre chat pour d\u00e9velopper les informations ou demander plus de d\u00e9tails.<\/p>\n<p><strong>Commentaires<\/strong><br \/><u>2xPCI<\/u><\/p>\n","protected":false},"excerpt":{"rendered":"<p>Intel Pentium 4 2.8 GHz. \u00b7 2 Gb. DDR2 RAM \u00b7 80 Gb. SATA \u00b7 DVD \u00b7 Ubuntu GNU\/Linux \u00b7 <u>2xPCI<\/u><\/p>\n","protected":false},"featured_media":59296,"template":"","meta":[],"product_brand":[3445],"product_cat":[2219],"product_tag":[],"class_list":{"0":"post-33282","1":"product","2":"type-product","3":"status-publish","4":"has-post-thumbnail","6":"product_brand-dell","7":"product_cat-ordinateurs-fr","9":"first","10":"outofstock","11":"taxable","12":"shipping-taxable","13":"purchasable","14":"product-type-simple"},"bundled_by":[],"bundle_stock_status":"outofstock","bundle_stock_quantity":0,"bundle_virtual":false,"bundle_layout":"","bundle_add_to_cart_form_location":"","bundle_editable_in_cart":false,"bundle_sold_individually_context":"","bundle_item_grouping":"","bundle_min_size":"","bundle_max_size":"","bundle_price":[],"bundled_items":[],"bundle_sell_ids":[],"exclude_global_add_ons":true,"addons":{"webcam-upgrades":{"name":"Extension Webcam","type":"multiple_choice","position":0,"required":false,"title_format":"heading","default":"","description_enable":false,"description":"","placeholder_enable":false,"placeholder":"","display":"radiobutton","restrictions_type":"any_text","adjust_price":false,"price":"","price_type":"quantity_based","restrictions":false,"min":"0","max":"0","options":[{"label":"Conceptronic AMDIS FullHD [AMP00085]","price":"29.0000","price_type":"quantity_based","image":0,"visibility":true}]},"hdd-upgrades":{"name":"Extension disque dur","type":"multiple_choice","position":0,"required":false,"title_format":"heading","default":"","description_enable":false,"description":"","placeholder_enable":false,"placeholder":"","display":"radiobutton","restrictions_type":"any_text","adjust_price":false,"price":"","price_type":"quantity_based","restrictions":false,"min":"0","max":"0","options":[{"label":"Passez au disque SSD de 120 Gb. [AMP00012]","price":"25.0000","price_type":"quantity_based","image":0,"visibility":true},{"label":"Passez au disque SSD de 240 Gb. [AMP00013]","price":"39.0000","price_type":"quantity_based","image":0,"visibility":true},{"label":"Passez au disque SSD de 480 Gb. [AMP00014]","price":"55.0000","price_type":"quantity_based","image":0,"visibility":true},{"label":"Passez au disque SSD 1 Tb. [AMP00071]","price":"95.0000","price_type":"quantity_based","image":0,"visibility":true},{"label":"Passez au disque 1 Tb. SATA [AMP00015]","price":"40.0000","price_type":"quantity_based","image":0,"visibility":true}]},"graphic-card-upgrades":{"name":"Extension carte graphique","type":"multiple_choice","position":0,"required":false,"title_format":"heading","default":"","description_enable":false,"description":"","placeholder_enable":false,"placeholder":"","display":"radiobutton","restrictions_type":"any_text","adjust_price":false,"price":"","price_type":"quantity_based","restrictions":false,"min":"0","max":"0","options":[{"label":"Graphique T. 2 Gb. (1xDVI, 1xHDMI) [AMP00010]","price":"80.0000","price_type":"quantity_based","image":0,"visibility":true}]},"network-card-upgrades":{"name":"Extension WIFI","type":"multiple_choice","position":0,"required":false,"title_format":"heading","default":"","description_enable":false,"description":"","placeholder_enable":false,"placeholder":"","display":"radiobutton","restrictions_type":"any_text","adjust_price":false,"price":"","price_type":"quantity_based","restrictions":false,"min":"0","max":"0","options":[{"label":"Mise \u00e0 niveau de la carte PCI Wi-Fi [AMP00017]","price":"15.0000","price_type":"quantity_based","image":0,"visibility":true},{"label":"Mise \u00e0 niveau nano USB sans fil [AMP00018]","price":"12.0000","price_type":"quantity_based","image":0,"visibility":true}]},"warranty-upgrades":{"name":"Extension garantie","type":"multiple_choice","position":0,"required":false,"title_format":"heading","default":"","description_enable":false,"description":"","placeholder_enable":false,"placeholder":"","display":"radiobutton","restrictions_type":"any_text","adjust_price":false,"price":"","price_type":"quantity_based","restrictions":false,"min":"0","max":"0","options":[{"label":"Extension de garantie \u00e0 2 ans [AMP00019]","price":"10.0000","price_type":"quantity_based","image":0,"visibility":true}]},"os-upgrades":{"name":"Expansion SO","type":"multiple_choice","position":0,"required":false,"title_format":"heading","default":"","description_enable":false,"description":"","placeholder_enable":false,"placeholder":"","display":"radiobutton","restrictions_type":"any_text","adjust_price":false,"price":"","price_type":"quantity_based","restrictions":false,"min":"0","max":"0","options":[{"label":"MAR Windows 10 PRO [AMP00007]","price":"30.0000","price_type":"quantity_based","image":0,"visibility":true},{"label":"MAR Windows 10 Home [AMP00006]","price":"20.0000","price_type":"quantity_based","image":0,"visibility":true},{"label":"Passer \u00e0 Windows 32 bits [AMP00005]","price":"10.0000","price_type":"quantity_based","image":0,"visibility":true},{"label":"Changer la langue en portugais [AMP00009]","price":"0.0000","price_type":"quantity_based","image":0,"visibility":true},{"label":"Changer la langue en anglais [AMP00008]","price":"0.0000","price_type":"quantity_based","image":0,"visibility":true}]},"keyboard-upgrades":{"name":"Extension clavier","type":"multiple_choice","position":0,"required":false,"title_format":"heading","default":"","description_enable":false,"description":"","placeholder_enable":false,"placeholder":"","display":"radiobutton","restrictions_type":"any_text","adjust_price":false,"price":"","price_type":"quantity_based","restrictions":false,"min":"0","max":"0","options":[{"label":"Clavier et souris [AMP00020]","price":"8.0000","price_type":"quantity_based","image":0,"visibility":true},{"label":"Clavier et souris Portuguese New [AMP00088]","price":"15.0000","price_type":"quantity_based","image":0,"visibility":true},{"label":"Clavier et souris USB espagnols (Nouveau) [AMP00068]","price":"12.0000","price_type":"quantity_based","image":0,"visibility":true}]}},"df_price":60.5,"df_sale_price":"","df_regular_price":60.5,"df_image_link":"https:\/\/zoca.es\/wp-content\/uploads\/images\/product\/155\/dell00049_01-300x225.jpg","_links":{"self":[{"href":"https:\/\/zoca.es\/fr\/wp-json\/wp\/v2\/product\/33282","targetHints":{"allow":["GET"]}}],"collection":[{"href":"https:\/\/zoca.es\/fr\/wp-json\/wp\/v2\/product"}],"about":[{"href":"https:\/\/zoca.es\/fr\/wp-json\/wp\/v2\/types\/product"}],"wp:featuredmedia":[{"embeddable":true,"href":"https:\/\/zoca.es\/fr\/wp-json\/wp\/v2\/media\/59296"}],"wp:attachment":[{"href":"https:\/\/zoca.es\/fr\/wp-json\/wp\/v2\/media?parent=33282"}],"wp:term":[{"taxonomy":"product_brand","embeddable":true,"href":"https:\/\/zoca.es\/fr\/wp-json\/wp\/v2\/product_brand?post=33282"},{"taxonomy":"product_cat","embeddable":true,"href":"https:\/\/zoca.es\/fr\/wp-json\/wp\/v2\/product_cat?post=33282"},{"taxonomy":"product_tag","embeddable":true,"href":"https:\/\/zoca.es\/fr\/wp-json\/wp\/v2\/product_tag?post=33282"}],"curies":[{"name":"wp","href":"https:\/\/api.w.org\/{rel}","templated":true}]}}