{"id":32772,"date":"2021-04-15T10:53:12","date_gmt":"2021-04-15T09:53:12","guid":{"rendered":"https:\/\/zoca.es\/producto\/cisco-access-point-cisco-aironet-3602i-ocasion-reconditionne-fr-7286\/"},"modified":"2026-02-25T10:45:36","modified_gmt":"2026-02-25T09:45:36","slug":"cisco-access-point-cisco-aironet-3602i-ocasion-reconditionne-fr-7286","status":"publish","type":"product","link":"https:\/\/zoca.es\/fr\/produit\/cisco-access-point-cisco-aironet-3602i-ocasion-reconditionne-fr-7286\/","title":{"rendered":"CISCO Aironet 3602i | Reconditionn\u00e9"},"content":{"rendered":"<p><strong>Mod\u00e8le:<\/strong><br \/>AIR-CAP3620IEK<br \/><strong>Connectivit\u00e9:<\/strong><br \/>Port Ethernet PoE 10\/100\/1000 Mbps<br \/><strong>Wi-Fi standard:<\/strong><br \/>802.11 a, b, d, g, h, i, n, x<br \/><strong>Bande ISM:<\/strong><br \/>Oui<br \/><strong>Fr\u00e9quence ISM minimale:<\/strong><br \/>2,41 GHz.<br \/><strong>Fr\u00e9quence ISM maximale:<\/strong><br \/>5 GHz.<br \/><strong>Vitesse de transmission des donn\u00e9es:<\/strong><br \/>300 Mbps.<\/p>\n","protected":false},"excerpt":{"rendered":"<p>Mod\u00e8le:AIR-CAP3620IEKConnectivit\u00e9:Port Ethernet PoE 10\/100\/1000 MbpsWi-Fi standard:802.11 a, b, d, g, h, i, n, xBande ISM:OuiFr\u00e9quence ISM minimale:2,41 GHz.Fr\u00e9quence ISM maximale:5 GHz.Vitesse de transmission des donn\u00e9es:300 Mbps.<\/p>\n","protected":false},"featured_media":81056,"template":"","meta":[],"product_brand":[3477],"product_cat":[3217,80],"product_tag":[],"class_list":{"0":"post-32772","1":"product","2":"type-product","3":"status-publish","4":"has-post-thumbnail","6":"product_brand-cisco","7":"product_cat-networking-wireless-fr","8":"product_cat-networking-fr","10":"first","11":"instock","12":"taxable","13":"shipping-taxable","14":"purchasable","15":"product-type-simple"},"bundled_by":[],"bundle_stock_status":"instock","bundle_stock_quantity":18,"bundle_virtual":false,"bundle_layout":"","bundle_add_to_cart_form_location":"","bundle_editable_in_cart":false,"bundle_sold_individually_context":"","bundle_item_grouping":"","bundle_min_size":"","bundle_max_size":"","bundle_price":[],"bundled_items":[],"bundle_sell_ids":[],"exclude_global_add_ons":[],"addons":[],"df_price":102.85,"df_sale_price":"","df_regular_price":102.85,"df_image_link":"https:\/\/zoca.es\/wp-content\/uploads\/images\/product\/7286\/aircap3620iek9_01-300x225.jpg","_links":{"self":[{"href":"https:\/\/zoca.es\/fr\/wp-json\/wp\/v2\/product\/32772","targetHints":{"allow":["GET"]}}],"collection":[{"href":"https:\/\/zoca.es\/fr\/wp-json\/wp\/v2\/product"}],"about":[{"href":"https:\/\/zoca.es\/fr\/wp-json\/wp\/v2\/types\/product"}],"wp:featuredmedia":[{"embeddable":true,"href":"https:\/\/zoca.es\/fr\/wp-json\/wp\/v2\/media\/81056"}],"wp:attachment":[{"href":"https:\/\/zoca.es\/fr\/wp-json\/wp\/v2\/media?parent=32772"}],"wp:term":[{"taxonomy":"product_brand","embeddable":true,"href":"https:\/\/zoca.es\/fr\/wp-json\/wp\/v2\/product_brand?post=32772"},{"taxonomy":"product_cat","embeddable":true,"href":"https:\/\/zoca.es\/fr\/wp-json\/wp\/v2\/product_cat?post=32772"},{"taxonomy":"product_tag","embeddable":true,"href":"https:\/\/zoca.es\/fr\/wp-json\/wp\/v2\/product_tag?post=32772"}],"curies":[{"name":"wp","href":"https:\/\/api.w.org\/{rel}","templated":true}]}}