{"id":242142,"date":"2026-05-12T10:39:50","date_gmt":"2026-05-12T09:39:50","guid":{"rendered":"https:\/\/zoca.es\/producto\/hp-z2-g4-workstation-tour-reconditionne-core-i7-37ghz-32-gb-ram-1024-gb-ssd-m2-fr-11989\/"},"modified":"2026-05-12T10:40:18","modified_gmt":"2026-05-12T09:40:18","slug":"hp-z2-g4-workstation-tour-reconditionne-core-i7-37ghz-32-gb-ram-1024-gb-ssd-m2-fr-11989","status":"publish","type":"product","link":"https:\/\/zoca.es\/fr\/produit\/hp-z2-g4-workstation-tour-reconditionne-core-i7-37ghz-32-gb-ram-1024-gb-ssd-m2-fr-11989\/","title":{"rendered":"HP Z2 G4 Workstation Tour | Reconditionn\u00e9 | Core i7 3.7GHz | 32 GB RAM | 1024 GB SSD M2"},"content":{"rendered":"<p><strong>Processeur<\/strong><br \/>Intel Core i7 8700K 3.7 GHz.<br \/><strong>Facteur de forme<\/strong><br \/>Tour<br \/><strong>M\u00e9moire RAM<\/strong><br \/>32 Gb. DDR4 ECC RAM<br \/><strong>Disque dur<\/strong><br \/>1.00 Tb. SSD M2<br \/><strong>Cartes<\/strong><br \/>Graphique: Intel UHD Graphics 630 \/nVIDIA Quadro P5000 &#8211; 16GB GDDR5<br \/>Son: Nvidia High Definition Audio<br \/>R\u00e9seau: Intel I219-LM<br \/><strong>Syst\u00e8me op\u00e9ratif<\/strong><br \/>Windows 11 Pro<br \/><strong>Ports<\/strong><br \/>2x USB 2.0<br \/>6x USB 3.0<br \/><strong>Ports vid\u00e9o<\/strong><br \/>4x Display Port<br \/>DVI<br \/><strong>Connectivit\u00e9<\/strong><br \/>RJ-45<br \/><strong>Autres<\/strong><br \/>hR emballage<br \/><strong>Dimensions<\/strong><br \/>35.5x17x43.5 cm.<br \/><strong>Poids<\/strong><br \/>8.30 Kg.<br \/><strong>Sp\u00e9cifications suppl\u00e9mentaires<\/strong><br \/>La HP Z2 G4 Workstation dans cette configuration atteint le niveau de performances le plus \u00e9lev\u00e9 disponible sur sa plateforme, combinant le processeur d\u00e9bloqu\u00e9 \u00e0 la fr\u00e9quence la plus haute de la huiti\u00e8me g\u00e9n\u00e9ration Intel avec le GPU professionnel le plus puissant de la gamme Quadro Pascal et une quantit\u00e9 de m\u00e9moire graphique de 16 Go qui place cet \u00e9quipement dans une cat\u00e9gorie historiquement r\u00e9serv\u00e9e aux stations de travail \u00e0 un prix significativement plus \u00e9lev\u00e9. Cette configuration sp\u00e9cifique avec le Core i7-8700K, la Quadro P5000 16 Go et 32 Go de RAM ECC n&rsquo;est pas une station de travail d&rsquo;entr\u00e9e de gamme ni de milieu de gamme : c&rsquo;est une plateforme professionnelle haute performance con\u00e7ue pour les flux de travail les plus exigeants du march\u00e9 en visualisation 3D, production de contenu, conception d&rsquo;ing\u00e9nierie de haute complexit\u00e9, animation, effets visuels, rendu hors ligne et m\u00eame inf\u00e9rence et entra\u00eenement de mod\u00e8les d&rsquo;apprentissage automatique. Son processeur Intel Core i7-8700K \u00e0 3,7 GHz, une puce Coffee Lake de huiti\u00e8me g\u00e9n\u00e9ration \u00e0 six c\u0153urs et douze threads dans sa variante K d\u00e9bloqu\u00e9e \u00e0 la fr\u00e9quence la plus \u00e9lev\u00e9e, offre la combinaison la plus puissante de performances par c\u0153ur et de capacit\u00e9 multithread disponible sur la plateforme Z2 G4, avec des fr\u00e9quences turbo allant jusqu&rsquo;\u00e0 4,7 GHz par c\u0153ur qui le placent au sommet des performances monothread de sa g\u00e9n\u00e9ration et garantissent une r\u00e9ponse extraordinairement rapide dans les applications qui d\u00e9pendent de mani\u00e8re critique de la vitesse par c\u0153ur pour les op\u00e9rations de simulation, compilation, traitement de g\u00e9om\u00e9trie et gestion de sc\u00e8nes complexes. Les 32 Go de RAM DDR4 ECC configurent une plateforme de travail exceptionnelle avec correction automatique des erreurs de bits, indispensable dans les environnements o\u00f9 l&rsquo;int\u00e9grit\u00e9 des donn\u00e9es dans des projets \u00e0 grande \u00e9chelle est une exigence non n\u00e9gociable, et o\u00f9 la quantit\u00e9 de m\u00e9moire disponible d\u00e9termine directement la taille maximale des projets g\u00e9rables sans recourir \u00e0 la pagination ou au stockage temporaire. Le stockage principal est un SSD M.2 de 1 To haute vitesse qui combine la capacit\u00e9 n\u00e9cessaire pour les projets professionnels \u00e0 grand volume avec les temps d&rsquo;acc\u00e8s minimaux qui garantissent un flux de travail fluide et imm\u00e9diat dans tout sc\u00e9nario d&rsquo;utilisation, et l&rsquo;\u00e9quipement dispose \u00e9galement d&rsquo;un emplacement M.2 2280 libre suppl\u00e9mentaire pour \u00e9tendre le stockage de mani\u00e8re native. Le composant vedette et irrempla\u00e7able de cette station de travail est la carte graphique nVidia Quadro P5000 avec 16 Go de m\u00e9moire GDDR5, le GPU de la gamme Pascal Quadro qui d\u00e9finit la r\u00e9f\u00e9rence de performance professionnelle en visualisation avanc\u00e9e, rendu, animation et effets visuels : seize gigaoctets de m\u00e9moire GDDR5 permettent de charger dans le GPU des sc\u00e8nes, textures et g\u00e9om\u00e9tries d&rsquo;une complexit\u00e9 impossible pour toute carte dot\u00e9e d&rsquo;une capacit\u00e9 m\u00e9moire inf\u00e9rieure, tandis que les certifications ISV Quadro garantissent une compatibilit\u00e9 totale, une stabilit\u00e9 des pilotes et une pr\u00e9cision de calcul dans les logiciels les plus critiques du march\u00e9 professionnel tels qu&rsquo;Autodesk 3ds Max, Maya, Revit, SolidWorks, CATIA, Cinema 4D, V-Ray, Arnold et bien d&rsquo;autres. Les slots d&rsquo;extension PCIe avec un slot x16 occup\u00e9 par la Quadro P5000, un slot x16 suppl\u00e9mentaire libre et deux slots x4 disponibles permettent l&rsquo;incorporation de GPU suppl\u00e9mentaires, de cartes r\u00e9seau haute vitesse ou d&rsquo;acc\u00e9l\u00e9rateurs de calcul qui \u00e9tendent les capacit\u00e9s de la plateforme. Le syst\u00e8me d&rsquo;exploitation install\u00e9 est Windows 11 Pro, pr\u00eat pour les environnements d&rsquo;entreprise, la gestion centralis\u00e9e et le d\u00e9ploiement de logiciels professionnels d\u00e8s le premier d\u00e9marrage. Une HP Z2 G4 Workstation reconditionn\u00e9e d&rsquo;un niveau exceptionnel qui combine l&rsquo;i7-8700K d\u00e9bloqu\u00e9, la Quadro P5000 16 Go, 32 Go ECC et 1 To SSD dans la configuration workstation la plus puissante du march\u00e9 reconditionn\u00e9 dans sa gamme de prix.<br \/>Bon aspect ext\u00e9rieur. Peut pr\u00e9senter de l\u00e9g\u00e8res marques d&rsquo;utilisation sur la carcasse. Consultez \u00ab + Photos \u00bb et \u00ab Vid\u00e9o \u00bb et si vous avez des questions, appelez-nous ou utilisez notre chat pour obtenir plus d&rsquo;informations ou demander des d\u00e9tails suppl\u00e9mentaires.<br \/><strong>Commentaires<\/strong><br \/><u>nVIDIA Quadro P5000 16 Go GDDR5 &#8211; 1xM.2 2280 pour le stockage &#8211; 2xPCIe X16 (1 occup\u00e9) \/ 2xPCIe X4<\/u><\/p>\n","protected":false},"excerpt":{"rendered":"<p>Intel Core i7 8700K 3.7 GHz. \u00b7 32 Gb. DDR4 ECC RAM \u00b7 1.00 Tb. SSD M2 \u00b7 <strong>Windows 11 Pro \u00b7<br \/>\nnVIDIA Quadro P5000 16 GB GDDR5<\/strong> &#8211; <u>1xM.2 2280 pour le stockage &#8211; 2xPCIe X16 (1 occup\u00e9) \/ 2xPCIe X4<\/u><\/p>\n","protected":false},"featured_media":242143,"template":"","meta":[],"product_brand":[3453],"product_cat":[3124,2219,2222],"product_tag":[],"class_list":{"0":"post-242142","1":"product","2":"type-product","3":"status-publish","4":"has-post-thumbnail","6":"product_brand-hp","7":"product_cat-ordinateurs-ordinateurs-fr","8":"product_cat-ordinateurs-fr","9":"product_cat-ordinateurs-workstations-fr","11":"first","12":"instock","13":"taxable","14":"shipping-taxable","15":"purchasable","16":"product-type-simple"},"bundled_by":[],"bundle_stock_status":"instock","bundle_stock_quantity":3,"bundle_virtual":false,"bundle_layout":"","bundle_add_to_cart_form_location":"","bundle_editable_in_cart":false,"bundle_sold_individually_context":"","bundle_item_grouping":"","bundle_min_size":"","bundle_max_size":"","bundle_price":[],"bundled_items":[],"bundle_sell_ids":[],"exclude_global_add_ons":true,"addons":{"webcam-upgrades":{"name":"Extension Webcam","type":"multiple_choice","position":0,"required":false,"title_format":"heading","default":"","description_enable":false,"description":"","placeholder_enable":false,"placeholder":"","display":"radiobutton","restrictions_type":"any_text","adjust_price":false,"price":"","price_type":"quantity_based","restrictions":false,"min":"0","max":"0","options":[{"label":"Conceptronic AMDIS FullHD [AMP00085]","price":"29.0000","price_type":"quantity_based","image":0,"visibility":true}]},"hdd-upgrades":{"name":"Extension disque dur","type":"multiple_choice","position":0,"required":false,"title_format":"heading","default":"","description_enable":false,"description":"","placeholder_enable":false,"placeholder":"","display":"radiobutton","restrictions_type":"any_text","adjust_price":false,"price":"","price_type":"quantity_based","restrictions":false,"min":"0","max":"0","options":[{"label":"SSD suppl\u00e9mentaire 500 Gb. M.2 2280 PCIe [AMP00108]","price":"115.0000","price_type":"quantity_based","image":0,"visibility":true},{"label":"Disque SSD de 1 Tb. M.2 2280 PCIe suppl\u00e9mentaire [AMP00109]","price":"170.0000","price_type":"quantity_based","image":0,"visibility":true}]},"network-card-upgrades":{"name":"Extension WIFI","type":"multiple_choice","position":0,"required":false,"title_format":"heading","default":"","description_enable":false,"description":"","placeholder_enable":false,"placeholder":"","display":"radiobutton","restrictions_type":"any_text","adjust_price":false,"price":"","price_type":"quantity_based","restrictions":false,"min":"0","max":"0","options":[{"label":"Mise \u00e0 niveau de la carte PCI Wi-Fi [AMP00017]","price":"15.0000","price_type":"quantity_based","image":0,"visibility":true},{"label":"Mise \u00e0 niveau nano USB sans fil [AMP00018]","price":"15.0000","price_type":"quantity_based","image":0,"visibility":true}]},"os-upgrades":{"name":"Expansion SO","type":"multiple_choice","position":0,"required":false,"title_format":"heading","default":"","description_enable":false,"description":"","placeholder_enable":false,"placeholder":"","display":"radiobutton","restrictions_type":"any_text","adjust_price":false,"price":"","price_type":"quantity_based","restrictions":false,"min":"0","max":"0","options":[{"label":"Changer la langue en fran\u00e7ais [AMP00125]","price":"0.0000","price_type":"quantity_based","image":0,"visibility":true},{"label":"Changer la langue en anglais [AMP00008]","price":"0.0000","price_type":"quantity_based","image":0,"visibility":true},{"label":"Changer la langue en portugais [AMP00009]","price":"0.0000","price_type":"quantity_based","image":0,"visibility":true}]},"keyboard-upgrades":{"name":"Extension clavier","type":"multiple_choice","position":0,"required":false,"title_format":"heading","default":"","description_enable":false,"description":"","placeholder_enable":false,"placeholder":"","display":"radiobutton","restrictions_type":"any_text","adjust_price":false,"price":"","price_type":"quantity_based","restrictions":false,"min":"0","max":"0","options":[{"label":"Clavier et souris [AMP00020]","price":"8.0000","price_type":"quantity_based","image":0,"visibility":true},{"label":"Clavier et souris Portuguese New [AMP00088]","price":"15.0000","price_type":"quantity_based","image":0,"visibility":true},{"label":"Clavier et souris USB espagnols (Nouveau) [AMP00068]","price":"12.0000","price_type":"quantity_based","image":0,"visibility":true}]}},"df_price":1223.31,"df_sale_price":"","df_regular_price":1223.31,"df_image_link":"https:\/\/zoca.es\/wp-content\/uploads\/images\/product\/11989\/hp02516_01-300x225.jpg","_links":{"self":[{"href":"https:\/\/zoca.es\/fr\/wp-json\/wp\/v2\/product\/242142","targetHints":{"allow":["GET"]}}],"collection":[{"href":"https:\/\/zoca.es\/fr\/wp-json\/wp\/v2\/product"}],"about":[{"href":"https:\/\/zoca.es\/fr\/wp-json\/wp\/v2\/types\/product"}],"wp:featuredmedia":[{"embeddable":true,"href":"https:\/\/zoca.es\/fr\/wp-json\/wp\/v2\/media\/242143"}],"wp:attachment":[{"href":"https:\/\/zoca.es\/fr\/wp-json\/wp\/v2\/media?parent=242142"}],"wp:term":[{"taxonomy":"product_brand","embeddable":true,"href":"https:\/\/zoca.es\/fr\/wp-json\/wp\/v2\/product_brand?post=242142"},{"taxonomy":"product_cat","embeddable":true,"href":"https:\/\/zoca.es\/fr\/wp-json\/wp\/v2\/product_cat?post=242142"},{"taxonomy":"product_tag","embeddable":true,"href":"https:\/\/zoca.es\/fr\/wp-json\/wp\/v2\/product_tag?post=242142"}],"curies":[{"name":"wp","href":"https:\/\/api.w.org\/{rel}","templated":true}]}}