{"id":239589,"date":"2026-05-11T10:46:12","date_gmt":"2026-05-11T09:46:12","guid":{"rendered":"https:\/\/zoca.es\/producto\/toshiba-portege-a30-d-bateria-nueva-133-reconditionne-core-i5-25ghz-8-gb-ram-256-gb-ssd-m2-1920x1080-fr-14456\/"},"modified":"2026-05-11T10:46:39","modified_gmt":"2026-05-11T09:46:39","slug":"toshiba-portege-a30-d-bateria-nueva-133-reconditionne-core-i5-25ghz-8-gb-ram-256-gb-ssd-m2-1920x1080-fr-14456","status":"publish","type":"product","link":"https:\/\/zoca.es\/fr\/produit\/toshiba-portege-a30-d-bateria-nueva-133-reconditionne-core-i5-25ghz-8-gb-ram-256-gb-ssd-m2-1920x1080-fr-14456\/","title":{"rendered":"Toshiba Portege A30-D-Bater\u00eda Nueva 13.3\u00a0\u00bb | Reconditionn\u00e9 | Core i5 2.5GHz | 8 GB RAM | 256 GB SSD M2 1920&#215;1080"},"content":{"rendered":"<p><strong>Processeur<\/strong><br \/>Intel Core i5 7200U 2.5 GHz.<br \/><strong>M\u00e9moire RAM<\/strong><br \/>8 Gb. SO-DDR4 RAM<br \/><strong>Disque dur<\/strong><br \/>256 Gb. SSD M2<br \/><strong>Lecteur optique<\/strong><br \/>DVD-RW<br \/><strong>Cartes<\/strong><br \/>Graphique: Intel HD Graphics 620<br \/>Son: High Definition Audio<br \/>R\u00e9seau: Intel Ethernet Connection I219v<br \/><strong>Syst\u00e8me op\u00e9ratif<\/strong><br \/>Windows 10 Pro<br \/><strong>Ports<\/strong><br \/>3x USB 3.0<br \/><strong>\u00c9cran<\/strong><br \/>Led 13.3 \u00a0\u00bb FullHD 16:9 \u00b7 R\u00e9solution 1920&#215;1080<br \/><strong>Ports vid\u00e9o<\/strong><br \/>VGA<br \/>HDMI<br \/><strong>Multim\u00e9dias<\/strong><br \/>Webcam<br \/>Lecteur SD<br \/>Lecteur d&#8217;empreintes<br \/>Lecteur carte d&rsquo;identit\u00e9<br \/><strong>Connectivit\u00e9<\/strong><br \/>RJ-45<br \/>WIFI<br \/>Bluetooth<br \/><strong>Notebook sp\u00e9cifique<\/strong><br \/>Batterie Nouvelle<br \/>Langue du clavier Espagnol<br \/><strong>Dimensions<\/strong><br \/>31.5x23x2.5 cm.<br \/><strong>Poids<\/strong><br \/>1.45 Kg.<br \/><strong>Sp\u00e9cifications suppl\u00e9mentaires<\/strong><br \/>Le Toshiba Portege A30-D est un ordinateur portable professionnel de la gamme Portege de Toshiba, la ligne historiquement orient\u00e9e vers les cadres et les professionnels d&rsquo;entreprise qui exigent un \u00e9quipement compact, l\u00e9ger, robuste et complet dans un format de 13,3 pouces con\u00e7u pour une mobilit\u00e9 maximale sans sacrifier aucune fonction professionnelle essentielle. Le Portege A30-D incarne clairement la philosophie Toshiba en mati\u00e8re de portables d&rsquo;entreprise : une densit\u00e9 maximale de fonctionnalit\u00e9s dans le minimum d&rsquo;espace possible, avec un \u00e9quipement de s\u00e9curit\u00e9, de connectivit\u00e9 et de durabilit\u00e9 qui surpasse largement la plupart des portables de sa taille sur le march\u00e9. Son processeur Intel Core i5-7200U \u00e0 2,5 GHz, une puce Kaby Lake de septi\u00e8me g\u00e9n\u00e9ration \u00e0 deux c\u0153urs et quatre threads \u00e0 profil basse consommation, offre des performances efficaces et constantes pour les t\u00e2ches de bureautique avanc\u00e9e, la gestion documentaire, les communications d&rsquo;entreprise et le multit\u00e2che professionnel quotidien avec une autonomie \u00e9quilibr\u00e9e pour un appareil de ce facteur de forme. Les 8 Go de RAM SO-DDR4 garantissent une gestion fluide et agile de plusieurs applications et outils de travail simultan\u00e9s sans ralentissements perceptibles. Le stockage est assur\u00e9 par un SSD M.2 de 256 Go haute vitesse qui garantit des d\u00e9marrages en quelques secondes et une r\u00e9ponse imm\u00e9diate dans toutes les op\u00e9rations habituelles. L&rsquo;un des \u00e9l\u00e9ments les plus surprenants et distinctifs du Portege A30-D est l&rsquo;int\u00e9gration d&rsquo;un lecteur DVD-RW dans un ch\u00e2ssis de seulement 13,3 pouces, une caract\u00e9ristique vraiment exceptionnelle sur les portables compacts qui a pratiquement disparu du march\u00e9 et qui fait de cet appareil le choix id\u00e9al pour les utilisateurs et les environnements qui n\u00e9cessitent encore la lecture et l&rsquo;\u00e9criture de supports optiques sans recourir \u00e0 des lecteurs externes. L&rsquo;\u00e9cran LED de 13,3 pouces avec une r\u00e9solution FullHD de 1920&#215;1080 pixels et un rapport d&rsquo;aspect 16:9 offre une nettet\u00e9 et une pr\u00e9cision chromatique bien sup\u00e9rieures aux \u00e9crans HD conventionnels de cette taille, avec une surface de travail g\u00e9n\u00e9reuse pour son format, id\u00e9ale pour le travail sur des documents, les pr\u00e9sentations et les outils de gestion. L&rsquo;\u00e9quipement de s\u00e9curit\u00e9 est complet et de niveau entreprise, avec un lecteur d&#8217;empreintes digitales pour une authentification biom\u00e9trique rapide via Windows Hello, un lecteur de carte d&rsquo;identit\u00e9 pour une identification s\u00e9curis\u00e9e \u00e0 deux facteurs avec certificat num\u00e9rique et une webcam int\u00e9gr\u00e9e pour la visioconf\u00e9rence et la communication \u00e0 distance. Le lecteur de cartes SD compl\u00e8te la connectivit\u00e9 de l&rsquo;appareil sans n\u00e9cessiter d&rsquo;adaptateurs. Le syst\u00e8me d&rsquo;exploitation install\u00e9 est Windows 10 Pro avec une prise en charge compl\u00e8te de BitLocker, du Bureau \u00e0 distance, d&rsquo;Active Directory et de la gestion d&rsquo;entreprise centralis\u00e9e. L&rsquo;\u00e9l\u00e9ment qui vient clore et compl\u00e9ter cette excellente configuration est la batterie enti\u00e8rement neuve incluse, qui garantit une autonomie r\u00e9elle et compl\u00e8te d\u00e8s le premier d\u00e9marrage sans les limitations de cycles de charge associ\u00e9es aux ordinateurs portables reconditionn\u00e9s conventionnels. Un Toshiba Portege A30-D reconditionn\u00e9 avec une batterie neuve qui a absolument tout dans le format compact d&rsquo;entreprise le plus complet du march\u00e9.Bon aspect ext\u00e9rieur. Peut pr\u00e9senter de l\u00e9g\u00e8res marques d&rsquo;utilisation sur la carcasse. Consultez \u00ab + Photos \u00bb et si vous avez des questions, appelez-nous ou utilisez notre chat pour obtenir plus d&rsquo;informations ou demander des d\u00e9tails suppl\u00e9mentaires.<br \/><strong>Commentaires<\/strong><br \/><u>Nouvelle batterie<\/u><\/p>\n","protected":false},"excerpt":{"rendered":"<p>Intel Core i5 7200U 2.5 GHz. \u00b7 8 Gb. SO-DDR4 RAM \u00b7 256 Gb. SSD M2 \u00b7 DVD-RW \u00b7 Windows 10 Pro \u00b7 Led 13.3 \u00a0\u00bb FullHD 16:9 \u00b7 Webcam \u00b7<br \/>\n<strong>Nouvelle batterie<\/strong><\/p>\n","protected":false},"featured_media":239590,"template":"","meta":[],"product_brand":[3444],"product_cat":[2254,3121],"product_tag":[],"class_list":{"0":"post-239589","1":"product","2":"type-product","3":"status-publish","4":"has-post-thumbnail","6":"product_brand-toshiba","7":"product_cat-notebooks-fr","8":"product_cat-notebooks-notebooks-fr","10":"first","11":"instock","12":"taxable","13":"shipping-taxable","14":"purchasable","15":"product-type-simple"},"bundled_by":[],"bundle_stock_status":"instock","bundle_stock_quantity":6,"bundle_virtual":false,"bundle_layout":"","bundle_add_to_cart_form_location":"","bundle_editable_in_cart":false,"bundle_sold_individually_context":"","bundle_item_grouping":"","bundle_min_size":"","bundle_max_size":"","bundle_price":[],"bundled_items":[],"bundle_sell_ids":[],"exclude_global_add_ons":true,"addons":{"keyboard-iso-upgrades":{"name":"Choisir langue du clavier","type":"multiple_choice","position":0,"required":false,"title_format":"heading","default":"","description_enable":false,"description":"","placeholder_enable":false,"placeholder":"","display":"radiobutton","restrictions_type":"any_text","adjust_price":false,"price":"","price_type":"quantity_based","restrictions":false,"min":"0","max":"0","options":[{"label":"Autocollants fran\u00e7ais [AMP00084]","price":"0.0000","price_type":"quantity_based","image":0,"visibility":true},{"label":"Autocollants portugais [AMP00083]","price":"0.0000","price_type":"quantity_based","image":0,"visibility":true}]},"ram-memory-upgrades":{"name":"Extension RAM","type":"multiple_choice","position":0,"required":false,"title_format":"heading","default":"","description_enable":false,"description":"","placeholder_enable":false,"placeholder":"","display":"radiobutton","restrictions_type":"any_text","adjust_price":false,"price":"","price_type":"quantity_based","restrictions":false,"min":"0","max":"0","options":[{"label":"Extension de 16 Gb Gb de RAM SO-DIMM DDR4 [AMP00081]","price":"60.0000","price_type":"quantity_based","image":0,"visibility":true}]},"hdd-upgrades":{"name":"Extension disque dur","type":"multiple_choice","position":0,"required":false,"title_format":"heading","default":"","description_enable":false,"description":"","placeholder_enable":false,"placeholder":"","display":"radiobutton","restrictions_type":"any_text","adjust_price":false,"price":"","price_type":"quantity_based","restrictions":false,"min":"0","max":"0","options":[{"label":"Passez au disque SSD de 500 Gb. M.2 2280PCIe [AMP00106]","price":"110.0000","price_type":"quantity_based","image":0,"visibility":true},{"label":"Passez au disque SSD 1 Tb. M.2 2280 PCIe [AMP00107]","price":"165.0000","price_type":"quantity_based","image":0,"visibility":true}]},"os-upgrades":{"name":"Expansion SO","type":"multiple_choice","position":0,"required":false,"title_format":"heading","default":"","description_enable":false,"description":"","placeholder_enable":false,"placeholder":"","display":"radiobutton","restrictions_type":"any_text","adjust_price":false,"price":"","price_type":"quantity_based","restrictions":false,"min":"0","max":"0","options":[{"label":"Changer la langue en fran\u00e7ais [AMP00125]","price":"0.0000","price_type":"quantity_based","image":0,"visibility":true},{"label":"Changer la langue en anglais [AMP00008]","price":"0.0000","price_type":"quantity_based","image":0,"visibility":true},{"label":"Changer la langue en portugais [AMP00009]","price":"0.0000","price_type":"quantity_based","image":0,"visibility":true}]},"briefcase-upgrades":{"name":"Porte-documents","type":"multiple_choice","position":0,"required":false,"title_format":"heading","default":"","description_enable":false,"description":"","placeholder_enable":false,"placeholder":"","display":"radiobutton","restrictions_type":"any_text","adjust_price":false,"price":"","price_type":"quantity_based","restrictions":false,"min":"0","max":"0","options":[{"label":"Mallette Notebook [AMP00041]","price":"5.0000","price_type":"quantity_based","image":0,"visibility":true}]}},"df_price":248.05,"df_sale_price":"","df_regular_price":248.05,"df_image_link":"https:\/\/zoca.es\/wp-content\/uploads\/images\/product\/14456\/tosh00225_01-300x225.jpg","_links":{"self":[{"href":"https:\/\/zoca.es\/fr\/wp-json\/wp\/v2\/product\/239589","targetHints":{"allow":["GET"]}}],"collection":[{"href":"https:\/\/zoca.es\/fr\/wp-json\/wp\/v2\/product"}],"about":[{"href":"https:\/\/zoca.es\/fr\/wp-json\/wp\/v2\/types\/product"}],"wp:featuredmedia":[{"embeddable":true,"href":"https:\/\/zoca.es\/fr\/wp-json\/wp\/v2\/media\/239590"}],"wp:attachment":[{"href":"https:\/\/zoca.es\/fr\/wp-json\/wp\/v2\/media?parent=239589"}],"wp:term":[{"taxonomy":"product_brand","embeddable":true,"href":"https:\/\/zoca.es\/fr\/wp-json\/wp\/v2\/product_brand?post=239589"},{"taxonomy":"product_cat","embeddable":true,"href":"https:\/\/zoca.es\/fr\/wp-json\/wp\/v2\/product_cat?post=239589"},{"taxonomy":"product_tag","embeddable":true,"href":"https:\/\/zoca.es\/fr\/wp-json\/wp\/v2\/product_tag?post=239589"}],"curies":[{"name":"wp","href":"https:\/\/api.w.org\/{rel}","templated":true}]}}