{"id":238595,"date":"2026-05-08T11:18:12","date_gmt":"2026-05-08T10:18:12","guid":{"rendered":"https:\/\/zoca.es\/producto\/zenith-zcm-1420-t2-00-crt-14-crt-43-reconditionne-640x480-fr-15160\/"},"modified":"2026-05-08T11:18:30","modified_gmt":"2026-05-08T10:18:30","slug":"zenith-zcm-1420-t2-00-crt-14-crt-43-reconditionne-640x480-fr-15160","status":"publish","type":"product","link":"https:\/\/zoca.es\/fr\/produit\/zenith-zcm-1420-t2-00-crt-14-crt-43-reconditionne-640x480-fr-15160\/","title":{"rendered":"Zenith ZCM-1420-T2-00 CRT 14\u00a0\u00bb CRT 4:3 | Reconditionn\u00e9 | 640&#215;480"},"content":{"rendered":"<p><strong>\u00c9cran<\/strong><br \/>CRT 14 \u00a0\u00bb 4:3 \u00b7 R\u00e9solution 640&#215;480<br \/>Dot pitch 0.28 mm<br \/><strong>Ports vid\u00e9o<\/strong><br \/>VGA<br \/><strong>Affichage sp\u00e9cifique<\/strong><br \/>Base<br \/><strong>Autres<\/strong><br \/>hR emballage<br \/><strong>Dimensions<\/strong><br \/>36x34x33 cm.<br \/><strong>Poids<\/strong><br \/>12.00 Kg.<br \/><strong>Sp\u00e9cifications suppl\u00e9mentaires<\/strong><br \/>Le Zenith ZCM-1420-T2-00 reconditionn\u00e9 est un moniteur CRT de 14 pouces au format 4:3, sp\u00e9cialement indiqu\u00e9 pour les utilisateurs, entreprises ou environnements techniques n\u00e9cessitant une compatibilit\u00e9 avec des \u00e9quipements anciens, des syst\u00e8mes legacy, de la r\u00e9tro-informatique, des bancs de test ou des configurations sp\u00e9cifiques n\u00e9cessitant une connexion VGA et une technologie \u00e0 tube. Son \u00e9cran CRT de 14 pouces offre une r\u00e9solution de 640&#215;480, adapt\u00e9e aux syst\u00e8mes classiques, terminaux, applications basse r\u00e9solution et \u00e9quipements fonctionnant avec des formats traditionnels. Le format 4:3 en fait une option coh\u00e9rente pour les anciens logiciels, les interfaces non panoramiques et les appareils qui ne sont pas con\u00e7us pour les moniteurs modernes au format large. Il dispose d\u2019un dot pitch de 0.28 mm, offrant un affichage d\u00e9fini dans les caract\u00e9ristiques propres \u00e0 ce type d\u2019\u00e9cran. La connexion VGA facilite son int\u00e9gration avec des ordinateurs, stations de travail, \u00e9quipements industriels ou syst\u00e8mes techniques conservant une sortie analogique. De plus, il inclut un c\u00e2ble d\u2019alimentation et un c\u00e2ble VGA, permettant une mise en service simple avec l\u2019\u00e9quipement compatible correspondant. C\u2019est une solution pratique pour les ateliers, entreprises, collectionneurs, restaurateurs d\u2019\u00e9quipements classiques, utilisateurs de r\u00e9tro-informatique ou environnements professionnels o\u00f9 un moniteur CRT fonctionnel, compact et pr\u00e9par\u00e9 pour un usage sp\u00e9cifique est encore n\u00e9cessaire.<strong>Aspect Ext\u00e9rieur Jauni.<\/strong> Regardez dans \u201c+ Photos\u201d et si vous avez des questions appelez-nous ou utilisez notre chat pour obtenir plus d\u2019informations ou demander plus de d\u00e9tails.<br \/><strong>Commentaires<\/strong><br \/><u>C\u00e2ble d&rsquo;alimentation et VGA inclus<\/u><\/p>\n","protected":false},"excerpt":{"rendered":"<p>CRT 14 \u00a0\u00bb 4:3 \u00b7 R\u00e9solution 640&#215;480 \u00b7 Dot pitch 0.28 mm \u00b7 VGA \u00b7<br \/>\n<u>C\u00e2ble d&rsquo;alimentation et VGA inclus<\/u><\/p>\n","protected":false},"featured_media":238596,"template":"","meta":[],"product_brand":[3503],"product_cat":[2237,2246],"product_tag":[],"class_list":{"0":"post-238595","1":"product","2":"type-product","3":"status-publish","4":"has-post-thumbnail","6":"product_brand-zenith","7":"product_cat-moniteurs-fr","8":"product_cat-moniteurs-autres-fr","10":"first","11":"instock","12":"taxable","13":"shipping-taxable","14":"purchasable","15":"product-type-simple"},"bundled_by":[],"bundle_stock_status":"instock","bundle_stock_quantity":1,"bundle_virtual":false,"bundle_layout":"","bundle_add_to_cart_form_location":"","bundle_editable_in_cart":false,"bundle_sold_individually_context":"","bundle_item_grouping":"","bundle_min_size":"","bundle_max_size":"","bundle_price":[],"bundled_items":[],"bundle_sell_ids":[],"exclude_global_add_ons":[],"addons":[],"df_price":227.48,"df_sale_price":"","df_regular_price":227.48,"df_image_link":"https:\/\/zoca.es\/wp-content\/uploads\/images\/product\/15160\/zen00002_01-300x225.jpg","_links":{"self":[{"href":"https:\/\/zoca.es\/fr\/wp-json\/wp\/v2\/product\/238595","targetHints":{"allow":["GET"]}}],"collection":[{"href":"https:\/\/zoca.es\/fr\/wp-json\/wp\/v2\/product"}],"about":[{"href":"https:\/\/zoca.es\/fr\/wp-json\/wp\/v2\/types\/product"}],"wp:featuredmedia":[{"embeddable":true,"href":"https:\/\/zoca.es\/fr\/wp-json\/wp\/v2\/media\/238596"}],"wp:attachment":[{"href":"https:\/\/zoca.es\/fr\/wp-json\/wp\/v2\/media?parent=238595"}],"wp:term":[{"taxonomy":"product_brand","embeddable":true,"href":"https:\/\/zoca.es\/fr\/wp-json\/wp\/v2\/product_brand?post=238595"},{"taxonomy":"product_cat","embeddable":true,"href":"https:\/\/zoca.es\/fr\/wp-json\/wp\/v2\/product_cat?post=238595"},{"taxonomy":"product_tag","embeddable":true,"href":"https:\/\/zoca.es\/fr\/wp-json\/wp\/v2\/product_tag?post=238595"}],"curies":[{"name":"wp","href":"https:\/\/api.w.org\/{rel}","templated":true}]}}