{"id":237772,"date":"2026-05-07T10:34:59","date_gmt":"2026-05-07T09:34:59","guid":{"rendered":"https:\/\/zoca.es\/producto\/lenovo-thinkcentre-m920q-mini-reconditionne-core-i7-24ghz-16-gb-ram-256-gb-ssd-fr-15148\/"},"modified":"2026-05-07T10:35:20","modified_gmt":"2026-05-07T09:35:20","slug":"lenovo-thinkcentre-m920q-mini-reconditionne-core-i7-24ghz-16-gb-ram-256-gb-ssd-fr-15148","status":"publish","type":"product","link":"https:\/\/zoca.es\/fr\/produit\/lenovo-thinkcentre-m920q-mini-reconditionne-core-i7-24ghz-16-gb-ram-256-gb-ssd-fr-15148\/","title":{"rendered":"Lenovo ThinkCentre M920Q Mini | Reconditionn\u00e9 | Core i7 2.4GHz | 16 GB RAM | 256 GB SSD"},"content":{"rendered":"<p><strong>Processeur<\/strong><br \/>Intel Core i7 8700T 2.4 GHz.<br \/><strong>Facteur de forme<\/strong><br \/>Mini<br \/><strong>M\u00e9moire RAM<\/strong><br \/>16 Gb. SO-DDR4 RAM<br \/><strong>Disque dur<\/strong><br \/>256 Gb. SSD<br \/><strong>Cartes<\/strong><br \/>Graphique: Intel UHD Graphics 630<br \/>Son: Realtek Audio<br \/>R\u00e9seau: Intel Ethernet Connection I219-LM<br \/><strong>Syst\u00e8me op\u00e9ratif<\/strong><br \/>Windows 11 Pro<br \/><strong>Ports<\/strong><br \/>S\u00e9rie<br \/>USB-C<br \/>5x USB 3.1<br \/><strong>Ports vid\u00e9o<\/strong><br \/>VGA<br \/>HDMI<br \/>Display Port<br \/><strong>Connectivit\u00e9<\/strong><br \/>RJ-45<br \/><strong>Autres<\/strong><br \/>hR emballage<br \/><strong>Dimensions<\/strong><br \/>18&#215;18.5&#215;3.8 cm.<br \/><strong>Poids<\/strong><br \/>1.15 Kg.<br \/><strong>Sp\u00e9cifications suppl\u00e9mentaires<\/strong><br \/>Le Lenovo ThinkCentre M920Q reconditionn\u00e9 est un Mini PC professionnel con\u00e7u pour offrir hautes performances, fiabilit\u00e9 et optimisation maximale de l\u2019espace dans les environnements d\u2019entreprise, de bureau, d\u2019administration, de commerce ou de postes de travail techniques. Son format ultracompact permet de l\u2019installer facilement sur de petits bureaux, comptoirs, zones de r\u00e9ception, salles de classe ou espaces o\u00f9 une solution discr\u00e8te, ordonn\u00e9e et efficace est n\u00e9cessaire sans renoncer \u00e0 la puissance. Il int\u00e8gre un processeur Intel Core i7 8700T \u00e0 2.4 GHz, une option performante destin\u00e9e aux utilisateurs qui ont besoin de fluidit\u00e9 en multit\u00e2che, d\u2019applications professionnelles, de gestion documentaire, de navigation intensive, d\u2019outils de productivit\u00e9 et de travail quotidien exigeant. Ses 16 Gb de m\u00e9moire SO-DDR4 RAM permettent de travailler avec une grande fluidit\u00e9 dans les environnements o\u00f9 plusieurs applications sont utilis\u00e9es simultan\u00e9ment, tandis que le SSD de 256 Gb offre un d\u00e9marrage rapide du syst\u00e8me, un chargement agile des programmes et une exp\u00e9rience d\u2019utilisation bien plus dynamique. Ce mod\u00e8le dispose de TPM 2.0 et de Windows 11 Pro, offrant un environnement professionnel moderne, stable et pr\u00eat \u00e0 \u00eatre int\u00e9gr\u00e9 dans les infrastructures corporatives actuelles. Il dispose \u00e9galement de 1xM.2 2280 disponible pour du stockage suppl\u00e9mentaire, permettant d\u2019augmenter la capacit\u00e9 interne si davantage d\u2019espace est n\u00e9cessaire \u00e0 l\u2019avenir. C\u2019est une solution particuli\u00e8rement int\u00e9ressante pour les entreprises, bureaux, techniciens, commerces ou utilisateurs professionnels recherchant un \u00e9quipement reconditionn\u00e9 compact, puissant, efficace et pr\u00eat pour une utilisation quotidienne intensive.Bon aspect ext\u00e9rieur. Consultez \u201c+ Photos\u201d et \u201cVideo\u201d et, si vous avez des questions, appelez-nous ou utilisez notre chat pour obtenir plus d\u2019informations ou des d\u00e9tails suppl\u00e9mentaires.<br \/><strong>Commentaires<\/strong><br \/><u>1xM.2 2280 pour le stockage disponible<\/u><\/p>\n","protected":false},"excerpt":{"rendered":"<p>Intel Core i7 8700T 2.4 GHz. \u00b7 16 Gb. SO-DDR4 RAM \u00b7 256 Gb. SSD \u00b7 <strong>Windows 11 Pro<\/strong> \u00b7<br \/>\n<u>1xM.2 2280 pour le stockage disponible<\/u><\/p>\n","protected":false},"featured_media":237773,"template":"","meta":[],"product_brand":[3452],"product_cat":[2219,2228],"product_tag":[],"class_list":{"0":"post-237772","1":"product","2":"type-product","3":"status-publish","4":"has-post-thumbnail","6":"product_brand-lenovo","7":"product_cat-ordinateurs-fr","8":"product_cat-ordinateurs-mini-fr","10":"first","11":"instock","12":"taxable","13":"shipping-taxable","14":"purchasable","15":"product-type-simple"},"bundled_by":[],"bundle_stock_status":"instock","bundle_stock_quantity":1,"bundle_virtual":false,"bundle_layout":"","bundle_add_to_cart_form_location":"","bundle_editable_in_cart":false,"bundle_sold_individually_context":"","bundle_item_grouping":"","bundle_min_size":"","bundle_max_size":"","bundle_price":[],"bundled_items":[],"bundle_sell_ids":[],"exclude_global_add_ons":true,"addons":{"webcam-upgrades":{"name":"Extension Webcam","type":"multiple_choice","position":0,"required":false,"title_format":"heading","default":"","description_enable":false,"description":"","placeholder_enable":false,"placeholder":"","display":"radiobutton","restrictions_type":"any_text","adjust_price":false,"price":"","price_type":"quantity_based","restrictions":false,"min":"0","max":"0","options":[{"label":"Conceptronic AMDIS FullHD [AMP00085]","price":"29.0000","price_type":"quantity_based","image":0,"visibility":true}]},"hdd-upgrades":{"name":"Extension disque dur","type":"multiple_choice","position":0,"required":false,"title_format":"heading","default":"","description_enable":false,"description":"","placeholder_enable":false,"placeholder":"","display":"radiobutton","restrictions_type":"any_text","adjust_price":false,"price":"","price_type":"quantity_based","restrictions":false,"min":"0","max":"0","options":[{"label":"Passez au disque SSD de 480 Gb. [AMP00014]","price":"59.0000","price_type":"quantity_based","image":0,"visibility":true},{"label":"Passez au disque SSD 1 Tb. [AMP00071]","price":"95.0000","price_type":"quantity_based","image":0,"visibility":true},{"label":"Passez au disque SSD de 500 Gb. M.2 2280PCIe [AMP00106]","price":"110.0000","price_type":"quantity_based","image":0,"visibility":true},{"label":"Passez au disque SSD 1 Tb. M.2 2280 PCIe [AMP00107]","price":"165.0000","price_type":"quantity_based","image":0,"visibility":true},{"label":"SSD suppl\u00e9mentaire 500 Gb. M.2 2280 PCIe [AMP00108]","price":"115.0000","price_type":"quantity_based","image":0,"visibility":true},{"label":"Disque SSD de 1 Tb. M.2 2280 PCIe suppl\u00e9mentaire [AMP00109]","price":"170.0000","price_type":"quantity_based","image":0,"visibility":true}]},"network-card-upgrades":{"name":"Extension WIFI","type":"multiple_choice","position":0,"required":false,"title_format":"heading","default":"","description_enable":false,"description":"","placeholder_enable":false,"placeholder":"","display":"radiobutton","restrictions_type":"any_text","adjust_price":false,"price":"","price_type":"quantity_based","restrictions":false,"min":"0","max":"0","options":[{"label":"Mise \u00e0 niveau nano USB sans fil [AMP00018]","price":"15.0000","price_type":"quantity_based","image":0,"visibility":true}]},"os-upgrades":{"name":"Expansion SO","type":"multiple_choice","position":0,"required":false,"title_format":"heading","default":"","description_enable":false,"description":"","placeholder_enable":false,"placeholder":"","display":"radiobutton","restrictions_type":"any_text","adjust_price":false,"price":"","price_type":"quantity_based","restrictions":false,"min":"0","max":"0","options":[{"label":"Changer la langue en fran\u00e7ais [AMP00125]","price":"0.0000","price_type":"quantity_based","image":0,"visibility":true},{"label":"Changer la langue en anglais [AMP00008]","price":"0.0000","price_type":"quantity_based","image":0,"visibility":true},{"label":"Changer la langue en portugais [AMP00009]","price":"0.0000","price_type":"quantity_based","image":0,"visibility":true}]},"keyboard-upgrades":{"name":"Extension clavier","type":"multiple_choice","position":0,"required":false,"title_format":"heading","default":"","description_enable":false,"description":"","placeholder_enable":false,"placeholder":"","display":"radiobutton","restrictions_type":"any_text","adjust_price":false,"price":"","price_type":"quantity_based","restrictions":false,"min":"0","max":"0","options":[{"label":"Clavier et souris [AMP00020]","price":"8.0000","price_type":"quantity_based","image":0,"visibility":true},{"label":"Clavier et souris Portuguese New [AMP00088]","price":"15.0000","price_type":"quantity_based","image":0,"visibility":true},{"label":"Clavier et souris USB espagnols (Nouveau) [AMP00068]","price":"12.0000","price_type":"quantity_based","image":0,"visibility":true}]}},"df_price":415.03,"df_sale_price":"","df_regular_price":415.03,"df_image_link":"https:\/\/zoca.es\/wp-content\/uploads\/images\/product\/15148\/leno01193_01-300x225.jpg","_links":{"self":[{"href":"https:\/\/zoca.es\/fr\/wp-json\/wp\/v2\/product\/237772","targetHints":{"allow":["GET"]}}],"collection":[{"href":"https:\/\/zoca.es\/fr\/wp-json\/wp\/v2\/product"}],"about":[{"href":"https:\/\/zoca.es\/fr\/wp-json\/wp\/v2\/types\/product"}],"wp:featuredmedia":[{"embeddable":true,"href":"https:\/\/zoca.es\/fr\/wp-json\/wp\/v2\/media\/237773"}],"wp:attachment":[{"href":"https:\/\/zoca.es\/fr\/wp-json\/wp\/v2\/media?parent=237772"}],"wp:term":[{"taxonomy":"product_brand","embeddable":true,"href":"https:\/\/zoca.es\/fr\/wp-json\/wp\/v2\/product_brand?post=237772"},{"taxonomy":"product_cat","embeddable":true,"href":"https:\/\/zoca.es\/fr\/wp-json\/wp\/v2\/product_cat?post=237772"},{"taxonomy":"product_tag","embeddable":true,"href":"https:\/\/zoca.es\/fr\/wp-json\/wp\/v2\/product_tag?post=237772"}],"curies":[{"name":"wp","href":"https:\/\/api.w.org\/{rel}","templated":true}]}}