{"id":236449,"date":"2026-05-07T08:17:33","date_gmt":"2026-05-07T07:17:33","guid":{"rendered":"https:\/\/zoca.es\/producto\/lenovo-ideapad-miix-520-12ikb-122-reconditionne-core-i5-16ghz-8-gb-ram-256-gb-ssd-m2-1920x1200-fr-15100\/"},"modified":"2026-05-07T08:17:53","modified_gmt":"2026-05-07T07:17:53","slug":"lenovo-ideapad-miix-520-12ikb-122-reconditionne-core-i5-16ghz-8-gb-ram-256-gb-ssd-m2-1920x1200-fr-15100","status":"publish","type":"product","link":"https:\/\/zoca.es\/fr\/produit\/lenovo-ideapad-miix-520-12ikb-122-reconditionne-core-i5-16ghz-8-gb-ram-256-gb-ssd-m2-1920x1200-fr-15100\/","title":{"rendered":"Lenovo IdeaPad MIIX 520-12IKB 12.2\u00a0\u00bb | Reconditionn\u00e9 | Core i5 1.6GHz | 8 GB RAM | 256 GB SSD M2 1920&#215;1200"},"content":{"rendered":"<p><strong>Processeur<\/strong><br \/>Intel Core i5 8250U 1.6 GHz.<br \/><strong>Facteur de forme<\/strong><br \/>AIO<br \/><strong>M\u00e9moire RAM<\/strong><br \/>8 Gb. SO-DDR4 RAM<br \/><strong>Disque dur<\/strong><br \/>256 Gb. SSD M2<br \/><strong>Cartes<\/strong><br \/>Graphique: Intel HD 620<br \/>Son: Realtek HD Audio<br \/>R\u00e9seau: &#8211;<br \/><strong>Syst\u00e8me op\u00e9ratif<\/strong><br \/>Windows 11 Home<br \/><strong>Ports<\/strong><br \/>USB 2.0<br \/>USB-C<br \/><strong>\u00c9cran<\/strong><br \/>Tactile 12.2 \u00a0\u00bb FullHD 16:9 \u00b7 R\u00e9solution 1920&#215;1200<br \/><strong>Multim\u00e9dias<\/strong><br \/>Webcam<br \/>Cam\u00e9ra arri\u00e8re<br \/>Cam\u00e9ra frontale<br \/><strong>Connectivit\u00e9<\/strong><br \/>WIFI<br \/>Bluetooth<br \/><strong>Autres<\/strong><br \/>hR emballage<br \/><strong>Dimensions<\/strong><br \/>30x20x3 cm.<br \/><strong>Poids<\/strong><br \/>1.00 Kg.<br \/><strong>Sp\u00e9cifications suppl\u00e9mentaires<\/strong><br \/>Le Lenovo IdeaPad MIIX 520-12IKB est un appareil 2 en 1 convertible de la gamme IdeaPad de Lenovo qui combine la polyvalence d&rsquo;une tablette avec la fonctionnalit\u00e9 compl\u00e8te d&rsquo;un ordinateur portable conventionnel dans un format ultra-compact de 12,2 pouces, con\u00e7u pour les utilisateurs qui valorisent la mobilit\u00e9, l&rsquo;adaptabilit\u00e9 et la productivit\u00e9 dans un seul appareil. Avec son design d&rsquo;\u00e9cran tactile dot\u00e9 d&rsquo;un support int\u00e9gr\u00e9 et d&rsquo;un clavier d\u00e9tachable en disposition espagnole, le MIIX 520 permet de basculer naturellement entre le mode tablette pour la consommation de contenu et la navigation tactile et le mode portable pour le travail au clavier, en faisant une solution particuli\u00e8rement polyvalente pour les professionnels en d\u00e9placement, les \u00e9tudiants et les utilisateurs recherchant un appareil tout-en-un sans sacrifier la puissance ni la connectivit\u00e9. Son processeur Intel Core i5-8250U \u00e0 1,6 GHz, une puce Kaby Lake-R de huiti\u00e8me g\u00e9n\u00e9ration \u00e0 quatre c\u0153urs et huit threads \u00e0 profil basse consommation sp\u00e9cialement adapt\u00e9 aux plateformes compactes et tablettes, offre des performances efficaces et plus que suffisantes pour les t\u00e2ches de productivit\u00e9 avanc\u00e9e, la gestion documentaire, la navigation intensive, les communications et le multit\u00e2che quotidien sur un appareil qui priorise la portabilit\u00e9 et l&rsquo;autonomie. Les 8 Go de RAM SO-DDR4 garantissent une gestion fluide de plusieurs applications simultan\u00e9es dans n&rsquo;importe quel mode d&rsquo;utilisation de l&rsquo;appareil. Le stockage est assur\u00e9 par un SSD M.2 de 256 Go haute vitesse qui garantit des d\u00e9marrages rapides, un acc\u00e8s agile aux fichiers et une r\u00e9activit\u00e9 fluide dans toutes les op\u00e9rations habituelles. L&rsquo;\u00e9cran tactile de 12,2 pouces avec une r\u00e9solution FullHD de 1920&#215;1200 pixels et un rapport d&rsquo;aspect 16:9 offre une nettet\u00e9 et une pr\u00e9cision tactile bien au-del\u00e0 de ce qui est habituel sur des appareils de cette taille, avec une surface de travail g\u00e9n\u00e9reuse pour son format qui facilite \u00e0 la fois la navigation gestuelle et le travail sur des documents en mode portable. Le clavier d\u00e9tachable en disposition espagnole facilite la frappe confortable et intuitive sur le march\u00e9 national. Le syst\u00e8me d&rsquo;exploitation install\u00e9 est Windows 11 Home, pr\u00eat \u00e0 l&#8217;emploi d\u00e8s le premier instant avec un acc\u00e8s complet \u00e0 l&rsquo;\u00e9cosyst\u00e8me d&rsquo;applications Microsoft et \u00e0 la boutique d&rsquo;applications Windows. Un Lenovo MIIX 520 2 en 1 reconditionn\u00e9 qui offre polyvalence, portabilit\u00e9 et performances dans le format le plus adaptable du march\u00e9.Bon aspect ext\u00e9rieur. Peut pr\u00e9senter de l\u00e9g\u00e8res marques d&rsquo;utilisation sur la carcasse. Consultez \u00ab + Photos \u00bb et si vous avez des questions, appelez-nous ou utilisez notre chat pour obtenir plus d&rsquo;informations ou demander des d\u00e9tails suppl\u00e9mentaires.<br \/><strong>Commentaires<\/strong><br \/><u>Clavier espagnol<\/u><\/p>\n","protected":false},"excerpt":{"rendered":"<p>Intel Core i5 8250U 1.6 GHz. \u00b7 8 Gb. SO-DDR4 RAM \u00b7 256 Gb. SSD M2 \u00b7 <strong>Windows 11 Home<\/strong> \u00b7 Tactile 12.2 \u00a0\u00bb FullHD 16:9 \u00b7<br \/>\n<strong>Clavier espagnol<\/strong><\/p>\n","protected":false},"featured_media":236450,"template":"","meta":[],"product_brand":[3452],"product_cat":[3112,2302],"product_tag":[],"class_list":{"0":"post-236449","1":"product","2":"type-product","3":"status-publish","4":"has-post-thumbnail","6":"product_brand-lenovo","7":"product_cat-tablettes-tablettes-fr","8":"product_cat-tablettes-fr","10":"first","11":"instock","12":"taxable","13":"shipping-taxable","14":"purchasable","15":"product-type-simple"},"bundled_by":[],"bundle_stock_status":"instock","bundle_stock_quantity":1,"bundle_virtual":false,"bundle_layout":"","bundle_add_to_cart_form_location":"","bundle_editable_in_cart":false,"bundle_sold_individually_context":"","bundle_item_grouping":"","bundle_min_size":"","bundle_max_size":"","bundle_price":[],"bundled_items":[],"bundle_sell_ids":[],"exclude_global_add_ons":true,"addons":{"keyboard-iso-upgrades":{"name":"Choisir langue du clavier","type":"multiple_choice","position":0,"required":false,"title_format":"heading","default":"","description_enable":false,"description":"","placeholder_enable":false,"placeholder":"","display":"radiobutton","restrictions_type":"any_text","adjust_price":false,"price":"","price_type":"quantity_based","restrictions":false,"min":"0","max":"0","options":[{"label":"Autocollants fran\u00e7ais [AMP00084]","price":"0.0000","price_type":"quantity_based","image":0,"visibility":true},{"label":"Autocollants portugais [AMP00083]","price":"0.0000","price_type":"quantity_based","image":0,"visibility":true}]},"hdd-upgrades":{"name":"Extension disque dur","type":"multiple_choice","position":0,"required":false,"title_format":"heading","default":"","description_enable":false,"description":"","placeholder_enable":false,"placeholder":"","display":"radiobutton","restrictions_type":"any_text","adjust_price":false,"price":"","price_type":"quantity_based","restrictions":false,"min":"0","max":"0","options":[{"label":"Passez au disque SSD de 500 Gb. M.2 2280PCIe [AMP00106]","price":"110.0000","price_type":"quantity_based","image":0,"visibility":true},{"label":"Passez au disque SSD 1 Tb. M.2 2280 PCIe [AMP00107]","price":"165.0000","price_type":"quantity_based","image":0,"visibility":true}]},"os-upgrades":{"name":"Expansion SO","type":"multiple_choice","position":0,"required":false,"title_format":"heading","default":"","description_enable":false,"description":"","placeholder_enable":false,"placeholder":"","display":"radiobutton","restrictions_type":"any_text","adjust_price":false,"price":"","price_type":"quantity_based","restrictions":false,"min":"0","max":"0","options":[{"label":"Changer la langue en fran\u00e7ais [AMP00125]","price":"0.0000","price_type":"quantity_based","image":0,"visibility":true},{"label":"Changer la langue en anglais [AMP00008]","price":"0.0000","price_type":"quantity_based","image":0,"visibility":true},{"label":"Changer la langue en portugais [AMP00009]","price":"0.0000","price_type":"quantity_based","image":0,"visibility":true}]}},"df_price":310.97,"df_sale_price":"","df_regular_price":310.97,"df_image_link":"https:\/\/zoca.es\/wp-content\/uploads\/images\/product\/15100\/leno01182_01-300x225.jpg","_links":{"self":[{"href":"https:\/\/zoca.es\/fr\/wp-json\/wp\/v2\/product\/236449","targetHints":{"allow":["GET"]}}],"collection":[{"href":"https:\/\/zoca.es\/fr\/wp-json\/wp\/v2\/product"}],"about":[{"href":"https:\/\/zoca.es\/fr\/wp-json\/wp\/v2\/types\/product"}],"wp:featuredmedia":[{"embeddable":true,"href":"https:\/\/zoca.es\/fr\/wp-json\/wp\/v2\/media\/236450"}],"wp:attachment":[{"href":"https:\/\/zoca.es\/fr\/wp-json\/wp\/v2\/media?parent=236449"}],"wp:term":[{"taxonomy":"product_brand","embeddable":true,"href":"https:\/\/zoca.es\/fr\/wp-json\/wp\/v2\/product_brand?post=236449"},{"taxonomy":"product_cat","embeddable":true,"href":"https:\/\/zoca.es\/fr\/wp-json\/wp\/v2\/product_cat?post=236449"},{"taxonomy":"product_tag","embeddable":true,"href":"https:\/\/zoca.es\/fr\/wp-json\/wp\/v2\/product_tag?post=236449"}],"curies":[{"name":"wp","href":"https:\/\/api.w.org\/{rel}","templated":true}]}}