{"id":233868,"date":"2026-04-30T16:30:24","date_gmt":"2026-04-30T15:30:24","guid":{"rendered":"https:\/\/zoca.es\/producto\/lenovo-thinkpad-t590-155-reconditionne-core-i5-16ghz-16-gb-ram-256-gb-ssd-m2-1920x1080-fr-14940\/"},"modified":"2026-04-30T16:30:52","modified_gmt":"2026-04-30T15:30:52","slug":"lenovo-thinkpad-t590-155-reconditionne-core-i5-16ghz-16-gb-ram-256-gb-ssd-m2-1920x1080-fr-14940","status":"publish","type":"product","link":"https:\/\/zoca.es\/fr\/produit\/lenovo-thinkpad-t590-155-reconditionne-core-i5-16ghz-16-gb-ram-256-gb-ssd-m2-1920x1080-fr-14940\/","title":{"rendered":"Lenovo ThinkPad T590 15.5\u00a0\u00bb | Reconditionn\u00e9 | Core i5 1.6GHz | 16 GB RAM | 256 GB SSD M2 1920&#215;1080"},"content":{"rendered":"<p><strong>Processeur<\/strong><br \/>Intel Core i5 8265U 1.6 GHz.<br \/><strong>M\u00e9moire RAM<\/strong><br \/>16 Gb. SO-DDR4 RAM<br \/><strong>Disque dur<\/strong><br \/>256 Gb. SSD M2<br \/><strong>Cartes<\/strong><br \/>Graphique: Intel UHD Graphics 620<br \/>Son: Realtek High Definition Audio<br \/>R\u00e9seau: Intel Ethernet Connection I219-v<br \/><strong>Syst\u00e8me op\u00e9ratif<\/strong><br \/>Windows 11 Pro<br \/><strong>Ports<\/strong><br \/>2x USB-C<br \/>2x USB 3.1<br \/><strong>\u00c9cran<\/strong><br \/>IPS 15.5 \u00a0\u00bb FullHD 16:10  \u00b7 R\u00e9solution 1920&#215;1080<br \/><strong>Ports vid\u00e9o<\/strong><br \/>HDMI<br \/><strong>Multim\u00e9dias<\/strong><br \/>Webcam<br \/>Lecteur d&#8217;empreintes<br \/><strong>Connectivit\u00e9<\/strong><br \/>RJ-45<br \/>WIFI<br \/>Bluetooth<br \/>4G<br \/><strong>Notebook sp\u00e9cifique<\/strong><br \/>Langue du clavier Espagnol<br \/>Clavier num\u00e9rique<br \/><strong>Autres<\/strong><br \/>hR emballage<br \/><strong>Dimensions<\/strong><br \/>37.5&#215;25.5&#215;2 cm.<br \/><strong>Poids<\/strong><br \/>2.00 Kg.<br \/><strong>Sp\u00e9cifications suppl\u00e9mentaires<\/strong><br \/>Le Lenovo ThinkPad T590 est un ordinateur portable professionnel de la gamme T ThinkPad, historiquement consid\u00e9r\u00e9e comme la r\u00e9f\u00e9rence en mati\u00e8re de portables d&rsquo;entreprise pour son \u00e9quilibre entre performances, durabilit\u00e9, s\u00e9curit\u00e9 et facilit\u00e9 de gestion dans les environnements professionnels. Con\u00e7u pour les professionnels qui ont besoin d&rsquo;un poste de travail fiable, complet et confortable pour de longues journ\u00e9es intensives, le T590 allie un format de 15,5 pouces \u00e0 une construction robuste et \u00e0 un ensemble de fonctionnalit\u00e9s de s\u00e9curit\u00e9 qui le distingue clairement de l&rsquo;offre grand public. Son processeur Intel Core i5-8265U \u00e0 1,6 GHz, une puce Whiskey Lake de huiti\u00e8me g\u00e9n\u00e9ration \u00e0 quatre c\u0153urs et huit threads \u00e0 profil basse consommation, offre des performances efficaces et constantes pour les t\u00e2ches de productivit\u00e9 avanc\u00e9e, la gestion documentaire, les communications d&rsquo;entreprise et le multit\u00e2che professionnel quotidien. L&rsquo;appareil int\u00e8gre le TPM 2.0, le module de s\u00e9curit\u00e9 mat\u00e9rielle indispensable dans les environnements d&rsquo;entreprise modernes qui permet le chiffrement des donn\u00e9es avec BitLocker, l&rsquo;authentification s\u00e9curis\u00e9e et la conformit\u00e9 aux normes de protection requises par Windows 11 Pro. Les 16 Go de RAM SO-DDR4 assurent une gestion fluide et sans interruption de plusieurs applications et outils de travail simultan\u00e9s. Le stockage est assur\u00e9 par un SSD M.2 de 256 Go haute vitesse qui garantit des d\u00e9marrages en quelques secondes et une r\u00e9activit\u00e9 optimale dans toutes les op\u00e9rations habituelles. L&rsquo;\u00e9cran IPS de 15,5 pouces avec une r\u00e9solution FullHD 1920&#215;1080 et un rapport d&rsquo;aspect 16:10 offre une surface de travail g\u00e9n\u00e9reuse avec une reproduction des couleurs pr\u00e9cise et de larges angles de vision, particuli\u00e8rement confortable pour le travail sur des documents, des feuilles de calcul et des applications de gestion. Le lecteur d&#8217;empreintes digitales int\u00e9gr\u00e9 permet un acc\u00e8s rapide, s\u00e9curis\u00e9 et sans mot de passe via Windows Hello, et la webcam int\u00e9gr\u00e9e couvre les besoins en visioconf\u00e9rence et r\u00e9unions \u00e0 distance de l&rsquo;environnement d&rsquo;entreprise actuel. Le syst\u00e8me d&rsquo;exploitation install\u00e9 est Windows 11 Pro, pr\u00eat pour les environnements d&rsquo;entreprise, l&rsquo;acc\u00e8s \u00e0 distance, la gestion centralis\u00e9e et Active Directory d\u00e8s le premier d\u00e9marrage. Un ThinkPad T590 reconditionn\u00e9 qui repr\u00e9sente le choix le plus judicieux pour les professionnels et les entreprises qui exigent une fiabilit\u00e9 sans compromis.<br \/>Bon aspect ext\u00e9rieur. Peut pr\u00e9senter de l\u00e9g\u00e8res marques d&rsquo;utilisation sur la carcasse. Si vous avez des questions, appelez-nous ou utilisez notre chat pour obtenir plus d&rsquo;informations ou demander des d\u00e9tails suppl\u00e9mentaires.<\/p>\n","protected":false},"excerpt":{"rendered":"<p>Intel Core i5 8265U 1.6 GHz. [TPM 2.0] \u00b7 16 Gb. SO-DDR4 RAM \u00b7 256 Gb. SSD M2 \u00b7 <strong>Windows 11 Pro<\/strong> \u00b7 IPS 15.5 \u00a0\u00bb FullHD 16:10 \u00b7 Webcam \u00b7 Lecteur d&#8217;empreintes<\/p>\n","protected":false},"featured_media":233869,"template":"","meta":[],"product_brand":[3452],"product_cat":[2254,3121],"product_tag":[],"class_list":{"0":"post-233868","1":"product","2":"type-product","3":"status-publish","4":"has-post-thumbnail","6":"product_brand-lenovo","7":"product_cat-notebooks-fr","8":"product_cat-notebooks-notebooks-fr","10":"first","11":"instock","12":"taxable","13":"shipping-taxable","14":"purchasable","15":"product-type-simple"},"bundled_by":[],"bundle_stock_status":"instock","bundle_stock_quantity":8,"bundle_virtual":false,"bundle_layout":"","bundle_add_to_cart_form_location":"","bundle_editable_in_cart":false,"bundle_sold_individually_context":"","bundle_item_grouping":"","bundle_min_size":"","bundle_max_size":"","bundle_price":[],"bundled_items":[],"bundle_sell_ids":[],"exclude_global_add_ons":true,"addons":{"keyboard-iso-upgrades":{"name":"Choisir langue du clavier","type":"multiple_choice","position":0,"required":false,"title_format":"heading","default":"","description_enable":false,"description":"","placeholder_enable":false,"placeholder":"","display":"radiobutton","restrictions_type":"any_text","adjust_price":false,"price":"","price_type":"quantity_based","restrictions":false,"min":"0","max":"0","options":[{"label":"Autocollants fran\u00e7ais [AMP00084]","price":"0.0000","price_type":"quantity_based","image":0,"visibility":true},{"label":"Autocollants portugais [AMP00083]","price":"0.0000","price_type":"quantity_based","image":0,"visibility":true}]},"ram-memory-upgrades":{"name":"Extension RAM","type":"multiple_choice","position":0,"required":false,"title_format":"heading","default":"","description_enable":false,"description":"","placeholder_enable":false,"placeholder":"","display":"radiobutton","restrictions_type":"any_text","adjust_price":false,"price":"","price_type":"quantity_based","restrictions":false,"min":"0","max":"0","options":[{"label":"Extension de 32 Gb de RAM SODIMM [AMP00098]","price":"150.0000","price_type":"quantity_based","image":0,"visibility":true}]},"hdd-upgrades":{"name":"Extension disque dur","type":"multiple_choice","position":0,"required":false,"title_format":"heading","default":"","description_enable":false,"description":"","placeholder_enable":false,"placeholder":"","display":"radiobutton","restrictions_type":"any_text","adjust_price":false,"price":"","price_type":"quantity_based","restrictions":false,"min":"0","max":"0","options":[{"label":"Passez au disque SSD de 500 Gb. M.2 2280PCIe [AMP00106]","price":"110.0000","price_type":"quantity_based","image":0,"visibility":true},{"label":"Passez au disque SSD 1 Tb. M.2 2280 PCIe [AMP00107]","price":"165.0000","price_type":"quantity_based","image":0,"visibility":true}]},"os-upgrades":{"name":"Expansion SO","type":"multiple_choice","position":0,"required":false,"title_format":"heading","default":"","description_enable":false,"description":"","placeholder_enable":false,"placeholder":"","display":"radiobutton","restrictions_type":"any_text","adjust_price":false,"price":"","price_type":"quantity_based","restrictions":false,"min":"0","max":"0","options":[{"label":"Changer la langue en fran\u00e7ais [AMP00125]","price":"0.0000","price_type":"quantity_based","image":0,"visibility":true},{"label":"Changer la langue en anglais [AMP00008]","price":"0.0000","price_type":"quantity_based","image":0,"visibility":true},{"label":"Changer la langue en portugais [AMP00009]","price":"0.0000","price_type":"quantity_based","image":0,"visibility":true}]},"briefcase-upgrades":{"name":"Porte-documents","type":"multiple_choice","position":0,"required":false,"title_format":"heading","default":"","description_enable":false,"description":"","placeholder_enable":false,"placeholder":"","display":"radiobutton","restrictions_type":"any_text","adjust_price":false,"price":"","price_type":"quantity_based","restrictions":false,"min":"0","max":"0","options":[{"label":"Mallette Notebook [AMP00041]","price":"5.0000","price_type":"quantity_based","image":0,"visibility":true}]}},"df_price":410.19,"df_sale_price":"","df_regular_price":410.19,"df_image_link":"https:\/\/zoca.es\/wp-content\/uploads\/images\/product\/14940\/leno01159_01-300x225.jpg","_links":{"self":[{"href":"https:\/\/zoca.es\/fr\/wp-json\/wp\/v2\/product\/233868","targetHints":{"allow":["GET"]}}],"collection":[{"href":"https:\/\/zoca.es\/fr\/wp-json\/wp\/v2\/product"}],"about":[{"href":"https:\/\/zoca.es\/fr\/wp-json\/wp\/v2\/types\/product"}],"wp:featuredmedia":[{"embeddable":true,"href":"https:\/\/zoca.es\/fr\/wp-json\/wp\/v2\/media\/233869"}],"wp:attachment":[{"href":"https:\/\/zoca.es\/fr\/wp-json\/wp\/v2\/media?parent=233868"}],"wp:term":[{"taxonomy":"product_brand","embeddable":true,"href":"https:\/\/zoca.es\/fr\/wp-json\/wp\/v2\/product_brand?post=233868"},{"taxonomy":"product_cat","embeddable":true,"href":"https:\/\/zoca.es\/fr\/wp-json\/wp\/v2\/product_cat?post=233868"},{"taxonomy":"product_tag","embeddable":true,"href":"https:\/\/zoca.es\/fr\/wp-json\/wp\/v2\/product_tag?post=233868"}],"curies":[{"name":"wp","href":"https:\/\/api.w.org\/{rel}","templated":true}]}}