{"id":233310,"date":"2026-04-30T10:47:14","date_gmt":"2026-04-30T09:47:14","guid":{"rendered":"https:\/\/zoca.es\/producto\/tablette-graphique-epadlink-54-64111-reconditionne-fr-14962\/"},"modified":"2026-04-30T10:47:21","modified_gmt":"2026-04-30T09:47:21","slug":"tablette-graphique-epadlink-54-64111-reconditionne-fr-14962","status":"publish","type":"product","link":"https:\/\/zoca.es\/fr\/produit\/tablette-graphique-epadlink-54-64111-reconditionne-fr-14962\/","title":{"rendered":"Tablette graphique ePadLink 54-64111 | Reconditionn\u00e9"},"content":{"rendered":"<p><b>Technologie LCD :<\/b><br \/>\u00c9cran LCD monochrome tactile.<br \/><b>Surface de signature \u00e9lectronique :<\/b><br \/>76 mm x 56 mm (3,0 po x 2,2 po)<br \/><b>\u00c9cran de protection :<\/b><br \/>Surface de signature amovible ou rempla\u00e7able sur site<br \/><b>Type d\u2019actionneur :<\/b><br \/>Stylet passif avec c\u00e2ble.<br \/><b>Biom\u00e9trie :<\/b><br \/>Capture de la vitesse et de la pression de la signature.<br \/><b>Alimentation :<\/b><br \/>USB 2.0<br \/><b>Syst\u00e8mes d\u2019exploitation :<\/b><br \/>Windows Server 2016 ou version ult\u00e9rieure ; Windows 10 ou version ult\u00e9rieure ; Linux (32 bits) ; compatible Citrix et Services Terminal Server<br \/><b>Fr\u00e9quence de lecture :<\/b><br \/>100 lectures par seconde<br \/><b>Dimensions de l\u2019appareil :<\/b><br \/>151 mm x 151 mm x 41 mm (5,94 po x 5,94 po x 1,61 po)<br \/><b>Poids :<\/b><br \/>0,34 kg (0,75 lb)<\/p>\n","protected":false},"excerpt":{"rendered":"<p>\u00c9cran LCD &#8211; Affiche le texte de confirmation &#8211; Attribue un num\u00e9ro d&rsquo;identification de s\u00e9rie unique \u00e0 l&rsquo;ordinateur h\u00f4te &#8211; G\u00e9n\u00e8re des signatures \u00e9lectroniques juridiquement contraignantes &#8211; Aliment\u00e9 par un port USB<\/p>\n","protected":false},"featured_media":233311,"template":"","meta":[],"product_brand":[4433],"product_cat":[2312,2336,2333],"product_tag":[],"class_list":{"0":"post-233310","1":"product","2":"type-product","3":"status-publish","4":"has-post-thumbnail","6":"product_brand-epadlink","7":"product_cat-tpv-fr","8":"product_cat-wacom-fr","9":"product_cat-tpv-signature-fr","11":"first","12":"instock","13":"taxable","14":"shipping-taxable","15":"purchasable","16":"product-type-simple"},"bundled_by":[],"bundle_stock_status":"instock","bundle_stock_quantity":54,"bundle_virtual":false,"bundle_layout":"","bundle_add_to_cart_form_location":"","bundle_editable_in_cart":false,"bundle_sold_individually_context":"","bundle_item_grouping":"","bundle_min_size":"","bundle_max_size":"","bundle_price":[],"bundled_items":[],"bundle_sell_ids":[],"exclude_global_add_ons":[],"addons":[],"df_price":48.4,"df_sale_price":"","df_regular_price":48.4,"df_image_link":"https:\/\/zoca.es\/wp-content\/uploads\/images\/product\/14962\/eplnk00001_01-300x225.jpg","_links":{"self":[{"href":"https:\/\/zoca.es\/fr\/wp-json\/wp\/v2\/product\/233310","targetHints":{"allow":["GET"]}}],"collection":[{"href":"https:\/\/zoca.es\/fr\/wp-json\/wp\/v2\/product"}],"about":[{"href":"https:\/\/zoca.es\/fr\/wp-json\/wp\/v2\/types\/product"}],"wp:featuredmedia":[{"embeddable":true,"href":"https:\/\/zoca.es\/fr\/wp-json\/wp\/v2\/media\/233311"}],"wp:attachment":[{"href":"https:\/\/zoca.es\/fr\/wp-json\/wp\/v2\/media?parent=233310"}],"wp:term":[{"taxonomy":"product_brand","embeddable":true,"href":"https:\/\/zoca.es\/fr\/wp-json\/wp\/v2\/product_brand?post=233310"},{"taxonomy":"product_cat","embeddable":true,"href":"https:\/\/zoca.es\/fr\/wp-json\/wp\/v2\/product_cat?post=233310"},{"taxonomy":"product_tag","embeddable":true,"href":"https:\/\/zoca.es\/fr\/wp-json\/wp\/v2\/product_tag?post=233310"}],"curies":[{"name":"wp","href":"https:\/\/api.w.org\/{rel}","templated":true}]}}