{"id":233255,"date":"2026-04-30T10:33:36","date_gmt":"2026-04-30T09:33:36","guid":{"rendered":"https:\/\/zoca.es\/producto\/lecteur-code-barre-metrologic-ms9535-reconditionne-fr-14956\/"},"modified":"2026-04-30T10:33:44","modified_gmt":"2026-04-30T09:33:44","slug":"lecteur-code-barre-metrologic-ms9535-reconditionne-fr-14956","status":"publish","type":"product","link":"https:\/\/zoca.es\/fr\/produit\/lecteur-code-barre-metrologic-ms9535-reconditionne-fr-14956\/","title":{"rendered":"Lecteur code barre Metrologic MS9535 | Reconditionn\u00e9"},"content":{"rendered":"<p><b>Mode de balayage :<\/b><br \/>Ligne unique.<br \/><b>Vitesse de balayage :<\/b><br \/>72 \u00b1 2 balayages par seconde.<br \/><b>Technologie sans fil :<\/b><br \/>Bluetooth v1.2 (2,4-2,4835 GHz) Classe 2.<br \/><b>Port\u00e9e :<\/b><br \/>10 m\u00e8tres en champ libre.<br \/><b>Source lumineuse :<\/b><br \/>Diode laser visible 650 nm \u00b1 10 nm.<br \/><b>Largeur minimale de la barre :<\/b><br \/>0,127 mm.<br \/><b>Capacit\u00e9s de d\u00e9codage :<\/b><br \/>1D, RSS-14, RSS limit\u00e9 et RSS \u00e9tendu.<br \/><b>Batterie :<\/b><br \/>Li-ion 1 100 mAh, jusqu\u2019\u00e0 12 000 balayages ou 8 heures d\u2019autonomie.<br \/><b>Interface :<\/b><br \/>USB.<br \/><b>Poids :<\/b><br \/>149 g.<\/p>\n","protected":false},"excerpt":{"rendered":"<p>Sans fil avec base USB &#8211; Technologie sans fil Bluetooth &#8211; Num\u00e9risation haute performance &#8211; Batterie longue dur\u00e9e &#8211; D\u00e9tection automatique de l&rsquo;interface<\/p>\n","protected":false},"featured_media":233256,"template":"","meta":[],"product_brand":[3540],"product_cat":[2312,2324],"product_tag":[],"class_list":{"0":"post-233255","1":"product","2":"type-product","3":"status-publish","4":"has-post-thumbnail","6":"product_brand-metrologic","7":"product_cat-tpv-fr","8":"product_cat-tpv-lecteur-code-barres-fr","10":"first","11":"instock","12":"taxable","13":"shipping-taxable","14":"purchasable","15":"product-type-simple"},"bundled_by":[],"bundle_stock_status":"instock","bundle_stock_quantity":2,"bundle_virtual":false,"bundle_layout":"","bundle_add_to_cart_form_location":"","bundle_editable_in_cart":false,"bundle_sold_individually_context":"","bundle_item_grouping":"","bundle_min_size":"","bundle_max_size":"","bundle_price":[],"bundled_items":[],"bundle_sell_ids":[],"exclude_global_add_ons":[],"addons":[],"df_price":108.9,"df_sale_price":"","df_regular_price":108.9,"df_image_link":"https:\/\/zoca.es\/wp-content\/uploads\/images\/product\/14956\/metr00002_01-300x225.jpg","_links":{"self":[{"href":"https:\/\/zoca.es\/fr\/wp-json\/wp\/v2\/product\/233255","targetHints":{"allow":["GET"]}}],"collection":[{"href":"https:\/\/zoca.es\/fr\/wp-json\/wp\/v2\/product"}],"about":[{"href":"https:\/\/zoca.es\/fr\/wp-json\/wp\/v2\/types\/product"}],"wp:featuredmedia":[{"embeddable":true,"href":"https:\/\/zoca.es\/fr\/wp-json\/wp\/v2\/media\/233256"}],"wp:attachment":[{"href":"https:\/\/zoca.es\/fr\/wp-json\/wp\/v2\/media?parent=233255"}],"wp:term":[{"taxonomy":"product_brand","embeddable":true,"href":"https:\/\/zoca.es\/fr\/wp-json\/wp\/v2\/product_brand?post=233255"},{"taxonomy":"product_cat","embeddable":true,"href":"https:\/\/zoca.es\/fr\/wp-json\/wp\/v2\/product_cat?post=233255"},{"taxonomy":"product_tag","embeddable":true,"href":"https:\/\/zoca.es\/fr\/wp-json\/wp\/v2\/product_tag?post=233255"}],"curies":[{"name":"wp","href":"https:\/\/api.w.org\/{rel}","templated":true}]}}