{"id":233200,"date":"2026-04-30T10:18:13","date_gmt":"2026-04-30T09:18:13","guid":{"rendered":"https:\/\/zoca.es\/producto\/lecteur-code-barre-honeywell-voyager-1202g-reconditionne-fr-14954\/"},"modified":"2026-04-30T10:18:20","modified_gmt":"2026-04-30T09:18:20","slug":"lecteur-code-barre-honeywell-voyager-1202g-reconditionne-fr-14954","status":"publish","type":"product","link":"https:\/\/zoca.es\/fr\/produit\/lecteur-code-barre-honeywell-voyager-1202g-reconditionne-fr-14954\/","title":{"rendered":"Lecteur code barre Honeywell Voyager 1202g | Reconditionn\u00e9"},"content":{"rendered":"<p><b>Bluetooth<\/b><br \/>Port\u00e9e maximale : 10 m<br \/><b>Connectivit\u00e9<\/b><br \/>Interface USB 2.0<br \/><b>Poids<\/b><br \/>180 g<br \/><b>Dimensions<\/b><br \/>(L x P x H) : 180 x 66 x 92 mm<br \/><b>Vitesse de num\u00e9risation<\/b><br \/>100 s\/page<br \/><b>Angle d\u2019inclinaison<\/b><br \/>0\u201330\u00b0<br \/><b>Angle de lecture<\/b><br \/>60\u00b0<br \/><b>Tension d\u2019entr\u00e9e<\/b><br \/>5 V<br \/><b>Technologie de la batterie<\/b><br \/>Lithium-ion<br \/><b>Capacit\u00e9 de la batterie<\/b><br \/>1 800 mAh<br \/><b>Luminosit\u00e9 (lumi\u00e8re directe du soleil) :<\/b><br \/>0\u201370 000 lux<br \/><b>Temp\u00e9rature de fonctionnement :<\/b><br \/>5\u201340 \u00b0C<br \/><b>Humidit\u00e9 relative :<\/b><br \/>0\u201395 %<br \/><b>Temp\u00e9rature :<\/b><br \/>-5\u201335 \u00b0C<br \/><b>Couleur<\/b><br \/>Noir<br \/><b>Indice de protection :<\/b><br \/>IP42<\/p>\n","protected":false},"excerpt":{"rendered":"<p>Sans fil avec base USB &#8211; Technologie sans fil Bluetooth &#8211; Num\u00e9risation haute performance &#8211; Batterie longue dur\u00e9e &#8211; D\u00e9tection automatique de l&rsquo;interface<\/p>\n","protected":false},"featured_media":233201,"template":"","meta":[],"product_brand":[3451],"product_cat":[2312,2324],"product_tag":[],"class_list":{"0":"post-233200","1":"product","2":"type-product","3":"status-publish","4":"has-post-thumbnail","6":"product_brand-honeywell","7":"product_cat-tpv-fr","8":"product_cat-tpv-lecteur-code-barres-fr","10":"first","11":"instock","12":"taxable","13":"shipping-taxable","14":"purchasable","15":"product-type-simple"},"bundled_by":[],"bundle_stock_status":"instock","bundle_stock_quantity":16,"bundle_virtual":false,"bundle_layout":"","bundle_add_to_cart_form_location":"","bundle_editable_in_cart":false,"bundle_sold_individually_context":"","bundle_item_grouping":"","bundle_min_size":"","bundle_max_size":"","bundle_price":[],"bundled_items":[],"bundle_sell_ids":[],"exclude_global_add_ons":[],"addons":[],"df_price":108.9,"df_sale_price":"","df_regular_price":108.9,"df_image_link":"https:\/\/zoca.es\/wp-content\/uploads\/images\/product\/14954\/hnw00010_01-300x225.jpg","_links":{"self":[{"href":"https:\/\/zoca.es\/fr\/wp-json\/wp\/v2\/product\/233200","targetHints":{"allow":["GET"]}}],"collection":[{"href":"https:\/\/zoca.es\/fr\/wp-json\/wp\/v2\/product"}],"about":[{"href":"https:\/\/zoca.es\/fr\/wp-json\/wp\/v2\/types\/product"}],"wp:featuredmedia":[{"embeddable":true,"href":"https:\/\/zoca.es\/fr\/wp-json\/wp\/v2\/media\/233201"}],"wp:attachment":[{"href":"https:\/\/zoca.es\/fr\/wp-json\/wp\/v2\/media?parent=233200"}],"wp:term":[{"taxonomy":"product_brand","embeddable":true,"href":"https:\/\/zoca.es\/fr\/wp-json\/wp\/v2\/product_brand?post=233200"},{"taxonomy":"product_cat","embeddable":true,"href":"https:\/\/zoca.es\/fr\/wp-json\/wp\/v2\/product_cat?post=233200"},{"taxonomy":"product_tag","embeddable":true,"href":"https:\/\/zoca.es\/fr\/wp-json\/wp\/v2\/product_tag?post=233200"}],"curies":[{"name":"wp","href":"https:\/\/api.w.org\/{rel}","templated":true}]}}