{"id":233074,"date":"2026-04-30T09:03:14","date_gmt":"2026-04-30T08:03:14","guid":{"rendered":"https:\/\/zoca.es\/producto\/samsung-ue32t4305ae-smart-tv-nuevo-32-led-169-reconditionne-1366x768-fr-14945\/"},"modified":"2026-04-30T09:03:26","modified_gmt":"2026-04-30T08:03:26","slug":"samsung-ue32t4305ae-smart-tv-nuevo-32-led-169-reconditionne-1366x768-fr-14945","status":"publish","type":"product","link":"https:\/\/zoca.es\/fr\/produit\/samsung-ue32t4305ae-smart-tv-nuevo-32-led-169-reconditionne-1366x768-fr-14945\/","title":{"rendered":"Samsung UE32T4305AE Smart TV-NUEVO 32\u00a0\u00bb Led 16:9 | Reconditionn\u00e9 | 1366&#215;768"},"content":{"rendered":"<p><strong>\u00c9cran<\/strong><br \/>Led 32 \u00a0\u00bb HD avec Haut-parleurs \u00b7 16:9 \u00b7 R\u00e9solution 1366&#215;768<br \/><strong>Ports vid\u00e9o<\/strong><br \/>2x HDMI<br \/><strong>Affichage sp\u00e9cifique<\/strong><br \/>Stand VESA<br \/>Base<br \/><strong>Dimensions<\/strong><br \/>74x43x8 cm.<br \/><strong>Poids<\/strong><br \/>4.00 Kg.<br \/><strong>Sp\u00e9cifications suppl\u00e9mentaires<\/strong><br \/>Le Samsung UE32T4305AE est un t\u00e9l\u00e9viseur Smart TV LED de 32 pouces qui combine la qualit\u00e9 d\u2019image de la gamme r\u00e9sidentielle Samsung avec la connectivit\u00e9 intelligente de sa plateforme Tizen, offrant une exp\u00e9rience de divertissement compl\u00e8te dans un format compact id\u00e9al pour les chambres, cuisines, bureaux et espaces secondaires. Son panneau LED avec r\u00e9solution HD de 1366&#215;768 pixels et format 16:9 offre une image nette avec de bons niveaux de contraste pour sa taille, parfaitement adapt\u00e9e au visionnage de contenus TV, plateformes de streaming et applications Smart TV \u00e0 courte distance. Le t\u00e9l\u00e9viseur int\u00e8gre des haut-parleurs assurant une restitution audio directe sans \u00e9quipement suppl\u00e9mentaire, avec une sortie audio optique disponible pour connecter une barre de son ou un syst\u00e8me audio externe de meilleure qualit\u00e9. En mati\u00e8re de connectivit\u00e9, il dispose de 2 entr\u00e9es HDMI pour consoles, lecteurs ou dispositifs de streaming, 2 ports USB 2.0 pour la lecture de contenus multim\u00e9dias depuis des supports externes, une entr\u00e9e antenne TNT, un port RJ45 pour connexion r\u00e9seau filaire et le Wi-Fi int\u00e9gr\u00e9 pour l\u2019acc\u00e8s sans fil \u00e0 internet et aux applications Smart TV. La t\u00e9l\u00e9commande originale Samsung est incluse. Ce t\u00e9l\u00e9viseur est vendu comme produit neuf descell\u00e9, ce qui signifie qu\u2019il est en \u00e9tat neuf, sans utilisation, avec toutes ses fonctionnalit\u00e9s intactes et disponible \u00e0 un prix tr\u00e8s comp\u00e9titif.<strong>Aspect ext\u00e9rieur impeccable. Produit neuf<\/strong>. Si vous avez des questions, appelez-nous ou utilisez notre chat pour plus d\u2019informations ou pour demander davantage de d\u00e9tails.<br \/><strong>Commentaires<\/strong><br \/><u>Antenne TV &#8211; Wi-Fi &#8211; 2xUSB 2.0 &#8211; 1xRJ45 &#8211; Sortie audio optique &#8211; Comprend t\u00e9l\u00e9commande &#8211; Nouveau produit non scell\u00e9<\/u><\/p>\n","protected":false},"excerpt":{"rendered":"<p>Led 32 \u00a0\u00bb HD avec Haut-parleurs \u00b7 16:9 \u00b7 R\u00e9solution 1366&#215;768 \u00b7 2x HDMI \u00b7<br \/>\n<strong>Antenne TV &#8211; Wi-Fi<\/strong> &#8211; <u>2xUSB 2.0 &#8211; 1xRJ45 &#8211; Sortie audio optique<\/u> &#8211; <strong>Comprend t\u00e9l\u00e9commande &#8211; Nouveau produit non scell\u00e9<\/strong><\/p>\n","protected":false},"featured_media":233075,"template":"","meta":[],"product_brand":[3474],"product_cat":[2237,3127,2246],"product_tag":[],"class_list":{"0":"post-233074","1":"product","2":"type-product","3":"status-publish","4":"has-post-thumbnail","6":"product_brand-samsung","7":"product_cat-moniteurs-fr","8":"product_cat-moniteurs-moniteurs-fr","9":"product_cat-moniteurs-autres-fr","11":"first","12":"outofstock","13":"taxable","14":"shipping-taxable","15":"purchasable","16":"product-type-simple"},"bundled_by":[],"bundle_stock_status":"outofstock","bundle_stock_quantity":0,"bundle_virtual":false,"bundle_layout":"","bundle_add_to_cart_form_location":"","bundle_editable_in_cart":false,"bundle_sold_individually_context":"","bundle_item_grouping":"","bundle_min_size":"","bundle_max_size":"","bundle_price":[],"bundled_items":[],"bundle_sell_ids":[],"exclude_global_add_ons":[],"addons":[],"df_price":217.8,"df_sale_price":"","df_regular_price":217.8,"df_image_link":"https:\/\/zoca.es\/wp-content\/uploads\/images\/product\/14945\/sam00156_01-300x225.jpg","_links":{"self":[{"href":"https:\/\/zoca.es\/fr\/wp-json\/wp\/v2\/product\/233074","targetHints":{"allow":["GET"]}}],"collection":[{"href":"https:\/\/zoca.es\/fr\/wp-json\/wp\/v2\/product"}],"about":[{"href":"https:\/\/zoca.es\/fr\/wp-json\/wp\/v2\/types\/product"}],"wp:featuredmedia":[{"embeddable":true,"href":"https:\/\/zoca.es\/fr\/wp-json\/wp\/v2\/media\/233075"}],"wp:attachment":[{"href":"https:\/\/zoca.es\/fr\/wp-json\/wp\/v2\/media?parent=233074"}],"wp:term":[{"taxonomy":"product_brand","embeddable":true,"href":"https:\/\/zoca.es\/fr\/wp-json\/wp\/v2\/product_brand?post=233074"},{"taxonomy":"product_cat","embeddable":true,"href":"https:\/\/zoca.es\/fr\/wp-json\/wp\/v2\/product_cat?post=233074"},{"taxonomy":"product_tag","embeddable":true,"href":"https:\/\/zoca.es\/fr\/wp-json\/wp\/v2\/product_tag?post=233074"}],"curies":[{"name":"wp","href":"https:\/\/api.w.org\/{rel}","templated":true}]}}