{"id":232966,"date":"2026-04-29T16:45:06","date_gmt":"2026-04-29T15:45:06","guid":{"rendered":"https:\/\/zoca.es\/producto\/imprimante-laser-hp-laserjet-pro-400-mfp-m425dw-reconditionne-fr-14948\/"},"modified":"2026-04-29T16:45:12","modified_gmt":"2026-04-29T15:45:12","slug":"imprimante-laser-hp-laserjet-pro-400-mfp-m425dw-reconditionne-fr-14948","status":"publish","type":"product","link":"https:\/\/zoca.es\/fr\/produit\/imprimante-laser-hp-laserjet-pro-400-mfp-m425dw-reconditionne-fr-14948\/","title":{"rendered":"Imprimante Laser HP LaserJet Pro 400 MFP M425dW | Reconditionn\u00e9"},"content":{"rendered":"<p><strong>G\u00e9n\u00e9rale imprimante<\/strong><br \/>R\u00e9solution 1200x1200ppp<br \/>M\u00e9moire RAM 256Mb.<br \/>Langage d&rsquo;imprimante PCL6<br \/><strong>Multifonction<\/strong><br \/>R\u00e9solution du scanner 1200x1200dpi<br \/><strong>Copies<\/strong><br \/>Premi\u00e8re page 8 s<br \/>Noir et blanc 35 ppm<br \/><strong>Gestion du papier<\/strong><br \/>Duplex<br \/>ADF: 50 feuilles<br \/>Bac: 250 feuilles<br \/>Bac manuel: 50 feuilles<br \/><strong>Connectivit\u00e9 imprimante<\/strong><br \/>USB, R\u00e9seau, WIFI, Fax<br \/><strong>Autres<\/strong><br \/>hR emballage<br \/><strong>Dimensions<\/strong><br \/>42x41x36.3 cm.<br \/><strong>Poids<\/strong><br \/>15.00 Kg.<br \/><strong>Sp\u00e9cifications suppl\u00e9mentaires<\/strong><br \/><strong>Ces machines sont fournies avec une garantie de 7 jours.<\/strong> Elles sont sp\u00e9cialement destin\u00e9es aux professionnels de l\u2019impression qui, gr\u00e2ce \u00e0 leurs comp\u00e9tences, peuvent apporter une valeur ajout\u00e9e \u00e0 leur client final. Elles fonctionnent correctement et sont fournies compl\u00e8tes et sans dommages. Les c\u00e2bles ne sont pas inclus.<strong>Contr\u00f4les qualit\u00e9\/tests en laboratoire <\/strong>: page de test incluse (test d\u2019impression depuis la machine elle-m\u00eame). Tests d\u2019impression depuis tous les ports de la machine. Tests d\u2019impression depuis tous les tiroirs. Toner utilis\u00e9 (original\/compatible). Pas de garantie.Bon \u00e9tat ext\u00e9rieur. Si vous avez des questions, appelez-nous ou utilisez notre chat pour plus d\u2019informations ou pour demander des d\u00e9tails suppl\u00e9mentaires.<br \/><strong>Commentaires<\/strong><br \/><u>Nouveau toner compatible<\/u><\/p>\n","protected":false},"excerpt":{"rendered":"<p>Taille de papier A4 \u00b7 Duplex \u00b7 Noir et blanc 35ppm \u00b7 R\u00e9solution 1200x1200ppp \u00b7 M\u00e9moire RAM 256Mb. \u00b7 USB, R\u00e9seau, WIFI, Fax \u00b7 Bacs: 1&#215;250\/1&#215;50 feuilles \u00b7<br \/>\n<strong>Nouveau toner compatible<\/strong><\/p>\n","protected":false},"featured_media":232967,"template":"","meta":[],"product_brand":[3453],"product_cat":[2363,2387],"product_tag":[],"class_list":{"0":"post-232966","1":"product","2":"type-product","3":"status-publish","4":"has-post-thumbnail","6":"product_brand-hp","7":"product_cat-imprimantes-fr","8":"product_cat-imprimantes-multifonction-fr","10":"first","11":"instock","12":"taxable","13":"shipping-taxable","14":"purchasable","15":"product-type-simple"},"bundled_by":[],"bundle_stock_status":"instock","bundle_stock_quantity":4,"bundle_virtual":false,"bundle_layout":"","bundle_add_to_cart_form_location":"","bundle_editable_in_cart":false,"bundle_sold_individually_context":"","bundle_item_grouping":"","bundle_min_size":"","bundle_max_size":"","bundle_price":[],"bundled_items":[],"bundle_sell_ids":[],"exclude_global_add_ons":[],"addons":[],"df_price":210.54,"df_sale_price":"","df_regular_price":210.54,"df_image_link":"https:\/\/zoca.es\/wp-content\/uploads\/images\/product\/14948\/hp03340_01-300x225.jpg","_links":{"self":[{"href":"https:\/\/zoca.es\/fr\/wp-json\/wp\/v2\/product\/232966","targetHints":{"allow":["GET"]}}],"collection":[{"href":"https:\/\/zoca.es\/fr\/wp-json\/wp\/v2\/product"}],"about":[{"href":"https:\/\/zoca.es\/fr\/wp-json\/wp\/v2\/types\/product"}],"wp:featuredmedia":[{"embeddable":true,"href":"https:\/\/zoca.es\/fr\/wp-json\/wp\/v2\/media\/232967"}],"wp:attachment":[{"href":"https:\/\/zoca.es\/fr\/wp-json\/wp\/v2\/media?parent=232966"}],"wp:term":[{"taxonomy":"product_brand","embeddable":true,"href":"https:\/\/zoca.es\/fr\/wp-json\/wp\/v2\/product_brand?post=232966"},{"taxonomy":"product_cat","embeddable":true,"href":"https:\/\/zoca.es\/fr\/wp-json\/wp\/v2\/product_cat?post=232966"},{"taxonomy":"product_tag","embeddable":true,"href":"https:\/\/zoca.es\/fr\/wp-json\/wp\/v2\/product_tag?post=232966"}],"curies":[{"name":"wp","href":"https:\/\/api.w.org\/{rel}","templated":true}]}}