{"id":230614,"date":"2026-04-27T14:23:34","date_gmt":"2026-04-27T13:23:34","guid":{"rendered":"https:\/\/zoca.es\/producto\/dell-precision-5560-156-reconditionne-core-i7-25ghz-16-gb-ram-512-gb-ssd-m2-1920x1200-fr-14977\/"},"modified":"2026-04-27T14:23:50","modified_gmt":"2026-04-27T13:23:50","slug":"dell-precision-5560-156-reconditionne-core-i7-25ghz-16-gb-ram-512-gb-ssd-m2-1920x1200-fr-14977","status":"publish","type":"product","link":"https:\/\/zoca.es\/fr\/produit\/dell-precision-5560-156-reconditionne-core-i7-25ghz-16-gb-ram-512-gb-ssd-m2-1920x1200-fr-14977\/","title":{"rendered":"Dell Precision 5560 15.6\u00a0\u00bb | Reconditionn\u00e9 | Core i7 2.5GHz | 16 GB RAM | 512 GB SSD M2 1920&#215;1200"},"content":{"rendered":"<p><strong>Processeur<\/strong><br \/>Intel Core i7 11850H 2.5 GHz.<br \/><strong>M\u00e9moire RAM<\/strong><br \/>16 Gb. SO-DDR4 RAM<br \/><strong>Disque dur<\/strong><br \/>512 Gb. SSD M2<br \/><strong>Cartes<\/strong><br \/>Graphique: nVidia RTX A2000 4GB GDDR6<br \/>Son: Realtek Audio<br \/><strong>Syst\u00e8me op\u00e9ratif<\/strong><br \/>Windows 11 Pro<br \/><strong>Ports<\/strong><br \/>2x Thunderbolt<br \/>USB-C<br \/><strong>\u00c9cran<\/strong><br \/>IPS 15.6 \u00a0\u00bb FullHD 16:9  \u00b7 R\u00e9solution 1920&#215;1200<br \/><strong>Multim\u00e9dias<\/strong><br \/>Webcam<br \/>Lecteur SD<br \/><strong>Connectivit\u00e9<\/strong><br \/>WIFI<br \/>Bluetooth<br \/><strong>Notebook sp\u00e9cifique<\/strong><br \/>Langue du clavier Espagnol<br \/><strong>Autres<\/strong><br \/>hR emballage<br \/><strong>Dimensions<\/strong><br \/>34x23x1.5 cm.<br \/><strong>Poids<\/strong><br \/>1.80 Kg.<br \/><strong>Sp\u00e9cifications suppl\u00e9mentaires<\/strong><br \/>Le Dell Precision 5560 est une station de travail mobile haute performance con\u00e7ue pour les professionnels qui exigent le meilleur de leur \u00e9quipement, alliant puissance de calcul professionnelle et portabilit\u00e9 d&rsquo;un ordinateur portable de 15,6 pouces. En son c\u0153ur se trouve un processeur Intel Core i7-11850H \u00e0 2,5 GHz, une puce de onzi\u00e8me g\u00e9n\u00e9ration \u00e0 huit c\u0153urs et seize threads orient\u00e9e vers les charges de travail intensives telles que la conception CAO, le rendu 3D, le montage vid\u00e9o, l&rsquo;analyse de donn\u00e9es et l&rsquo;ing\u00e9nierie. Soutenant le processeur, l&rsquo;appareil int\u00e8gre 16 Go de RAM SO-DDR4 qui assurent une gestion fluide de plusieurs applications professionnelles en simultan\u00e9. Le stockage principal est un SSD M.2 de 512 Go haute vitesse, et l&rsquo;\u00e9quipement dispose \u00e9galement d&rsquo;un emplacement M.2 2280 libre suppl\u00e9mentaire pour \u00e9tendre la capacit\u00e9 de stockage sans remplacer le lecteur existant. L&rsquo;\u00e9l\u00e9ment diff\u00e9renciateur de cette station de travail est sa carte graphique d\u00e9di\u00e9e nVidia RTX A2000 avec 4 Go de m\u00e9moire GDDR6, un GPU professionnel certifi\u00e9 pour logiciels sp\u00e9cialis\u00e9s qui acc\u00e9l\u00e8re les t\u00e2ches de rendu, de simulation et de visualisation avec une pr\u00e9cision et une stabilit\u00e9 que les cartes graphiques grand public ne peuvent tout simplement pas offrir. L&rsquo;\u00e9cran IPS de 15,6 pouces avec une r\u00e9solution de 1920&#215;1200 et un rapport d&rsquo;aspect 16:9 offre une reproduction des couleurs pr\u00e9cise et de larges angles de vision, indispensables pour le travail cr\u00e9atif et technique. Le syst\u00e8me comprend une webcam int\u00e9gr\u00e9e et un lecteur de cartes SD, couvrant tous les besoins de connectivit\u00e9 d&rsquo;un environnement professionnel exigeant. Le syst\u00e8me d&rsquo;exploitation est Windows 11 Pro, pr\u00eat pour les environnements d&rsquo;entreprise, l&rsquo;acc\u00e8s \u00e0 distance et les outils de gestion avanc\u00e9e d\u00e8s le premier d\u00e9marrage.<br \/>Bon aspect ext\u00e9rieur. Si vous avez des questions, appelez-nous ou utilisez notre chat pour obtenir plus d&rsquo;informations ou demander des d\u00e9tails suppl\u00e9mentaires.<br \/><strong>Commentaires<\/strong><br \/><u>nVidia RTX A2000 4 Go GDDR6 &#8211; 1xM.2 2280 pour le stockage disponible<\/u><\/p>\n","protected":false},"excerpt":{"rendered":"<p>Intel Core i7 11850H 2.5 GHz. \u00b7 16 Gb. SO-DDR4 RAM \u00b7 512 Gb. SSD M2 \u00b7 <strong>Windows 11 Pro<\/strong> \u00b7 IPS 15.6 \u00a0\u00bb FullHD 16:9 \u00b7 Webcam \u00b7<br \/>\n<strong>nVidia RTX A2000 4 GB GDDR6<\/strong> &#8211; <u>1xM.2 2280 pour le stockage disponible<\/u><\/p>\n","protected":false},"featured_media":230615,"template":"","meta":[],"product_brand":[3445],"product_cat":[2254,3121,2260],"product_tag":[],"class_list":{"0":"post-230614","1":"product","2":"type-product","3":"status-publish","4":"has-post-thumbnail","6":"product_brand-dell","7":"product_cat-notebooks-fr","8":"product_cat-notebooks-notebooks-fr","9":"product_cat-notebooks-workstations-fr","11":"first","12":"instock","13":"taxable","14":"shipping-taxable","15":"purchasable","16":"product-type-simple"},"bundled_by":[],"bundle_stock_status":"instock","bundle_stock_quantity":20,"bundle_virtual":false,"bundle_layout":"","bundle_add_to_cart_form_location":"","bundle_editable_in_cart":false,"bundle_sold_individually_context":"","bundle_item_grouping":"","bundle_min_size":"","bundle_max_size":"","bundle_price":[],"bundled_items":[],"bundle_sell_ids":[],"exclude_global_add_ons":true,"addons":{"keyboard-iso-upgrades":{"name":"Choisir langue du clavier","type":"multiple_choice","position":0,"required":false,"title_format":"heading","default":"","description_enable":false,"description":"","placeholder_enable":false,"placeholder":"","display":"radiobutton","restrictions_type":"any_text","adjust_price":false,"price":"","price_type":"quantity_based","restrictions":false,"min":"0","max":"0","options":[{"label":"Autocollants fran\u00e7ais [AMP00084]","price":"0.0000","price_type":"quantity_based","image":0,"visibility":true},{"label":"Autocollants portugais [AMP00083]","price":"0.0000","price_type":"quantity_based","image":0,"visibility":true}]},"ram-memory-upgrades":{"name":"Extension RAM","type":"multiple_choice","position":0,"required":false,"title_format":"heading","default":"","description_enable":false,"description":"","placeholder_enable":false,"placeholder":"","display":"radiobutton","restrictions_type":"any_text","adjust_price":false,"price":"","price_type":"quantity_based","restrictions":false,"min":"0","max":"0","options":[{"label":"Extension de 32 Gb de RAM SODIMM [AMP00098]","price":"150.0000","price_type":"quantity_based","image":0,"visibility":true}]},"hdd-upgrades":{"name":"Extension disque dur","type":"multiple_choice","position":0,"required":false,"title_format":"heading","default":"","description_enable":false,"description":"","placeholder_enable":false,"placeholder":"","display":"radiobutton","restrictions_type":"any_text","adjust_price":false,"price":"","price_type":"quantity_based","restrictions":false,"min":"0","max":"0","options":[{"label":"Passez au disque SSD 1 Tb. M.2 2280 PCIe [AMP00107]","price":"165.0000","price_type":"quantity_based","image":0,"visibility":true},{"label":"SSD suppl\u00e9mentaire 500 Gb. M.2 2280 PCIe [AMP00108]","price":"115.0000","price_type":"quantity_based","image":0,"visibility":true},{"label":"Disque SSD de 1 Tb. M.2 2280 PCIe suppl\u00e9mentaire [AMP00109]","price":"170.0000","price_type":"quantity_based","image":0,"visibility":true}]},"os-upgrades":{"name":"Expansion SO","type":"multiple_choice","position":0,"required":false,"title_format":"heading","default":"","description_enable":false,"description":"","placeholder_enable":false,"placeholder":"","display":"radiobutton","restrictions_type":"any_text","adjust_price":false,"price":"","price_type":"quantity_based","restrictions":false,"min":"0","max":"0","options":[{"label":"Changer la langue en fran\u00e7ais [AMP00125]","price":"0.0000","price_type":"quantity_based","image":0,"visibility":true},{"label":"Changer la langue en anglais [AMP00008]","price":"0.0000","price_type":"quantity_based","image":0,"visibility":true},{"label":"Changer la langue en portugais [AMP00009]","price":"0.0000","price_type":"quantity_based","image":0,"visibility":true}]},"briefcase-upgrades":{"name":"Porte-documents","type":"multiple_choice","position":0,"required":false,"title_format":"heading","default":"","description_enable":false,"description":"","placeholder_enable":false,"placeholder":"","display":"radiobutton","restrictions_type":"any_text","adjust_price":false,"price":"","price_type":"quantity_based","restrictions":false,"min":"0","max":"0","options":[{"label":"Mallette Notebook [AMP00041]","price":"5.0000","price_type":"quantity_based","image":0,"visibility":true}]}},"df_price":1046.65,"df_sale_price":"","df_regular_price":1046.65,"df_image_link":"https:\/\/zoca.es\/wp-content\/uploads\/images\/product\/14977\/dell01684_01-300x225.jpg","_links":{"self":[{"href":"https:\/\/zoca.es\/fr\/wp-json\/wp\/v2\/product\/230614","targetHints":{"allow":["GET"]}}],"collection":[{"href":"https:\/\/zoca.es\/fr\/wp-json\/wp\/v2\/product"}],"about":[{"href":"https:\/\/zoca.es\/fr\/wp-json\/wp\/v2\/types\/product"}],"wp:featuredmedia":[{"embeddable":true,"href":"https:\/\/zoca.es\/fr\/wp-json\/wp\/v2\/media\/230615"}],"wp:attachment":[{"href":"https:\/\/zoca.es\/fr\/wp-json\/wp\/v2\/media?parent=230614"}],"wp:term":[{"taxonomy":"product_brand","embeddable":true,"href":"https:\/\/zoca.es\/fr\/wp-json\/wp\/v2\/product_brand?post=230614"},{"taxonomy":"product_cat","embeddable":true,"href":"https:\/\/zoca.es\/fr\/wp-json\/wp\/v2\/product_cat?post=230614"},{"taxonomy":"product_tag","embeddable":true,"href":"https:\/\/zoca.es\/fr\/wp-json\/wp\/v2\/product_tag?post=230614"}],"curies":[{"name":"wp","href":"https:\/\/api.w.org\/{rel}","templated":true}]}}