{"id":228076,"date":"2026-04-24T09:11:04","date_gmt":"2026-04-24T08:11:04","guid":{"rendered":"https:\/\/zoca.es\/producto\/point-dacces-gigabyte-lnk-poe600-inyector-poe-reconditionne-fr-14874\/"},"modified":"2026-04-24T09:11:16","modified_gmt":"2026-04-24T08:11:16","slug":"point-dacces-gigabyte-lnk-poe600-inyector-poe-reconditionne-fr-14874","status":"publish","type":"product","link":"https:\/\/zoca.es\/fr\/produit\/point-dacces-gigabyte-lnk-poe600-inyector-poe-reconditionne-fr-14874\/","title":{"rendered":"Point d&rsquo;acc\u00e8s GigaByte LNK-POE600 Inyector PoE | Reconditionn\u00e9"},"content":{"rendered":"<p><strong>G\u00e9n\u00e9rale imprimante<\/strong><br \/>Point d&rsquo;acc\u00e8s<br \/><strong>Ports r\u00e9seau<\/strong><br \/>Ethernet 1000 Mbps.<br \/><strong>Autres<\/strong><br \/>hR emballage<br \/><strong>Dimensions<\/strong><br \/>12x6x6 cm.<br \/><strong>Poids<\/strong><br \/>1.00 Kg.<br \/><strong>Sp\u00e9cifications suppl\u00e9mentaires<\/strong><br \/>Injecteur PoE Ethernet 10\/100\/1000 avec alimentation \u00e0 d\u00e9coupage 50-57 V 60 W<\/p>\n<p><strong>Commentaires<\/strong><br \/><u>Injecteur PoE 10\/100\/1000 Ethernet avec alimentation \u00e0 d\u00e9coupage 50-57V 60W<\/u><\/p>\n","protected":false},"excerpt":{"rendered":"<p>Injecteur PoE Ethernet 10\/100\/1000 avec alimentation \u00e0 d\u00e9coupage 50-57 V 60 W<\/p>\n","protected":false},"featured_media":228077,"template":"","meta":[],"product_brand":[4432],"product_cat":[3226,3211,80],"product_tag":[],"class_list":{"0":"post-228076","1":"product","2":"type-product","3":"status-publish","4":"has-post-thumbnail","6":"product_brand-gigabyte","7":"product_cat-networking-autres-fr","8":"product_cat-networking-switches-fr","9":"product_cat-networking-fr","11":"first","12":"instock","13":"taxable","14":"shipping-taxable","15":"purchasable","16":"product-type-simple"},"bundled_by":[],"bundle_stock_status":"instock","bundle_stock_quantity":2,"bundle_virtual":false,"bundle_layout":"","bundle_add_to_cart_form_location":"","bundle_editable_in_cart":false,"bundle_sold_individually_context":"","bundle_item_grouping":"","bundle_min_size":"","bundle_max_size":"","bundle_price":[],"bundled_items":[],"bundle_sell_ids":[],"exclude_global_add_ons":[],"addons":[],"df_price":30.25,"df_sale_price":"","df_regular_price":30.25,"df_image_link":"https:\/\/zoca.es\/wp-content\/uploads\/images\/product\/14874\/giga00005_01-300x225.jpg","_links":{"self":[{"href":"https:\/\/zoca.es\/fr\/wp-json\/wp\/v2\/product\/228076","targetHints":{"allow":["GET"]}}],"collection":[{"href":"https:\/\/zoca.es\/fr\/wp-json\/wp\/v2\/product"}],"about":[{"href":"https:\/\/zoca.es\/fr\/wp-json\/wp\/v2\/types\/product"}],"wp:featuredmedia":[{"embeddable":true,"href":"https:\/\/zoca.es\/fr\/wp-json\/wp\/v2\/media\/228077"}],"wp:attachment":[{"href":"https:\/\/zoca.es\/fr\/wp-json\/wp\/v2\/media?parent=228076"}],"wp:term":[{"taxonomy":"product_brand","embeddable":true,"href":"https:\/\/zoca.es\/fr\/wp-json\/wp\/v2\/product_brand?post=228076"},{"taxonomy":"product_cat","embeddable":true,"href":"https:\/\/zoca.es\/fr\/wp-json\/wp\/v2\/product_cat?post=228076"},{"taxonomy":"product_tag","embeddable":true,"href":"https:\/\/zoca.es\/fr\/wp-json\/wp\/v2\/product_tag?post=228076"}],"curies":[{"name":"wp","href":"https:\/\/api.w.org\/{rel}","templated":true}]}}