{"id":225767,"date":"2026-04-21T10:01:15","date_gmt":"2026-04-21T09:01:15","guid":{"rendered":"https:\/\/zoca.es\/producto\/dell-7391-2-in-1-bateria-nueva-133-reconditionne-core-i7-18ghz-8-gb-ram-512-gb-ssd-m2-1920x1080-fr-15051\/"},"modified":"2026-04-21T10:01:37","modified_gmt":"2026-04-21T09:01:37","slug":"dell-7391-2-in-1-bateria-nueva-133-reconditionne-core-i7-18ghz-8-gb-ram-512-gb-ssd-m2-1920x1080-fr-15051","status":"publish","type":"product","link":"https:\/\/zoca.es\/fr\/produit\/dell-7391-2-in-1-bateria-nueva-133-reconditionne-core-i7-18ghz-8-gb-ram-512-gb-ssd-m2-1920x1080-fr-15051\/","title":{"rendered":"Dell 7391 2-In-1-Bater\u00eda Nueva 13.3\u00a0\u00bb | Reconditionn\u00e9 | Core i7 1.8GHz | 8 GB RAM | 512 GB SSD M2 1920&#215;1080"},"content":{"rendered":"<p><strong>Processeur<\/strong><br \/>Intel Core i7 10510U 1.8 GHz.<br \/><strong>M\u00e9moire RAM<\/strong><br \/>8 Gb. SO-DDR3 RAM<br \/><strong>Disque dur<\/strong><br \/>512 Gb. SSD M2<br \/><strong>Cartes<\/strong><br \/>Graphique: Intel cometlake-u GT2 UHD<br \/>Son: Realtek Audio<br \/><strong>Syst\u00e8me op\u00e9ratif<\/strong><br \/>Windows 11 Home<br \/><strong>Ports<\/strong><br \/>USB-C<br \/>USB 3.1<br \/><strong>\u00c9cran<\/strong><br \/>Tactile 13.3 \u00a0\u00bb FullHD 16:9 \u00b7 R\u00e9solution 1920&#215;1080<br \/><strong>Ports vid\u00e9o<\/strong><br \/>HDMI<br \/><strong>Multim\u00e9dias<\/strong><br \/>Webcam<br \/>Lecteur d&#8217;empreintes<br \/>Lecteur carte d&rsquo;identit\u00e9<br \/><strong>Connectivit\u00e9<\/strong><br \/>WIFI<br \/>Bluetooth<br \/><strong>Notebook sp\u00e9cifique<\/strong><br \/>Batterie Nouvelle<br \/>Langue du clavier International (autocollants espagnols)<br \/><strong>Autres<\/strong><br \/>hR emballage<br \/><strong>Dimensions<\/strong><br \/>30x20x9 cm.<br \/><strong>Poids<\/strong><br \/>1.50 Kg.<br \/><strong>Sp\u00e9cifications suppl\u00e9mentaires<\/strong><br \/>Le Dell Latitude 7391 2-in-1 est l&rsquo;un de ces \u00e9quipements qui prouvent que performance et mobilit\u00e9 ne sont pas incompatibles. Construit sur le processeur Intel Core i7 de 10\u00e8me g\u00e9n\u00e9ration \u00e0 1,8 GHz, il offre la r\u00e9activit\u00e9 qu&rsquo;exigent les environnements de travail les plus exigeants, que ce soit au bureau, en d\u00e9placement ou dans n&rsquo;importe quel sc\u00e9nario hybride. Son \u00e9cran tactile Full HD de 13,3\u00a0\u00bb avec une r\u00e9solution de 1920&#215;1080 et un format 16:9 garantit une exp\u00e9rience visuelle nette et pr\u00e9cise, aussi bien en mode ordinateur portable qu&rsquo;en mode tablette. Les 8 Go de RAM et le SSD M.2 de 512 Go assurent des d\u00e9marrages rapides, un multit\u00e2che fluide et un stockage agile qui fait la diff\u00e9rence au quotidien professionnel. L&rsquo;int\u00e9gration d&rsquo;un lecteur d&#8217;empreintes digitales et d&rsquo;un lecteur de carte d&rsquo;identit\u00e9 en fait un outil particuli\u00e8rement appr\u00e9ci\u00e9 dans les secteurs qui requi\u00e8rent une identification s\u00e9curis\u00e9e et un acc\u00e8s contr\u00f4l\u00e9. Tout cela avec Windows 11 Home pr\u00e9install\u00e9 et, comme point diff\u00e9rentiel cl\u00e9, une batterie neuve : une autonomie r\u00e9elle d\u00e8s le premier jour, sans compromis. Un ordinateur portable professionnel semi-neuf qui combine la fiabilit\u00e9 de l&rsquo;\u00e9cosyst\u00e8me Dell Latitude avec une mise au point qui le rapproche des performances d&rsquo;un \u00e9quipement neuf. Id\u00e9al pour les entreprises, les professionnels en mobilit\u00e9 et tout environnement o\u00f9 la productivit\u00e9 ne peut pas attendre. Bonne apparence ext\u00e9rieure. Si vous avez des questions, appelez-nous ou utilisez notre chat pour obtenir plus d&rsquo;informations ou pour demander plus de d\u00e9tails.<br \/><strong>Commentaires<\/strong><br \/><u>nouvelle batterie<\/u><\/p>\n","protected":false},"excerpt":{"rendered":"<p>Intel Core i7 10510U 1.8 GHz. \u00b7 8 Gb. SO-DDR3 RAM \u00b7 512 Gb. SSD M2 \u00b7 <strong>Windows 11 Home \u00b7 Tactile 13.3 \u00a0\u00bb FullHD<\/strong> 16:9 \u00b7 Webcam \u00b7 <strong>Nouvelle Batterie<\/strong> \u00b7<u>Clavier international avec autocollants en fran\u00e7ais<\/u><\/p>\n","protected":false},"featured_media":225768,"template":"","meta":[],"product_brand":[3445],"product_cat":[3112,2254,2302,2266],"product_tag":[],"class_list":{"0":"post-225767","1":"product","2":"type-product","3":"status-publish","4":"has-post-thumbnail","6":"product_brand-dell","7":"product_cat-tablettes-tablettes-fr","8":"product_cat-notebooks-fr","9":"product_cat-tablettes-fr","10":"product_cat-notebooks-tactiles-fr","12":"first","13":"instock","14":"taxable","15":"shipping-taxable","16":"purchasable","17":"product-type-simple"},"bundled_by":[],"bundle_stock_status":"instock","bundle_stock_quantity":1,"bundle_virtual":false,"bundle_layout":"","bundle_add_to_cart_form_location":"","bundle_editable_in_cart":false,"bundle_sold_individually_context":"","bundle_item_grouping":"","bundle_min_size":"","bundle_max_size":"","bundle_price":[],"bundled_items":[],"bundle_sell_ids":[],"exclude_global_add_ons":true,"addons":{"keyboard-iso-upgrades":{"name":"Choisir langue du clavier","type":"multiple_choice","position":0,"required":false,"title_format":"heading","default":"","description_enable":false,"description":"","placeholder_enable":false,"placeholder":"","display":"radiobutton","restrictions_type":"any_text","adjust_price":false,"price":"","price_type":"quantity_based","restrictions":false,"min":"0","max":"0","options":[{"label":"Autocollants espagnols [AMP00082]","price":"0.0000","price_type":"quantity_based","image":0,"visibility":true},{"label":"Autocollants fran\u00e7ais [AMP00084]","price":"0.0000","price_type":"quantity_based","image":0,"visibility":true},{"label":"Autocollants portugais [AMP00083]","price":"0.0000","price_type":"quantity_based","image":0,"visibility":true}]},"hdd-upgrades":{"name":"Extension disque dur","type":"multiple_choice","position":0,"required":false,"title_format":"heading","default":"","description_enable":false,"description":"","placeholder_enable":false,"placeholder":"","display":"radiobutton","restrictions_type":"any_text","adjust_price":false,"price":"","price_type":"quantity_based","restrictions":false,"min":"0","max":"0","options":[{"label":"Passez au disque SSD 1 Tb. M.2 2280 PCIe [AMP00107]","price":"165.0000","price_type":"quantity_based","image":0,"visibility":true}]},"os-upgrades":{"name":"Expansion SO","type":"multiple_choice","position":0,"required":false,"title_format":"heading","default":"","description_enable":false,"description":"","placeholder_enable":false,"placeholder":"","display":"radiobutton","restrictions_type":"any_text","adjust_price":false,"price":"","price_type":"quantity_based","restrictions":false,"min":"0","max":"0","options":[{"label":"Changer la langue en fran\u00e7ais [AMP00125]","price":"0.0000","price_type":"quantity_based","image":0,"visibility":true},{"label":"Changer la langue en anglais [AMP00008]","price":"0.0000","price_type":"quantity_based","image":0,"visibility":true},{"label":"Changer la langue en portugais [AMP00009]","price":"0.0000","price_type":"quantity_based","image":0,"visibility":true},{"label":"MAR Windows 11 PRO [AMP00145]","price":"30.0000","price_type":"quantity_based","image":0,"visibility":true}]},"briefcase-upgrades":{"name":"Porte-documents","type":"multiple_choice","position":0,"required":false,"title_format":"heading","default":"","description_enable":false,"description":"","placeholder_enable":false,"placeholder":"","display":"radiobutton","restrictions_type":"any_text","adjust_price":false,"price":"","price_type":"quantity_based","restrictions":false,"min":"0","max":"0","options":[{"label":"Mallette Notebook [AMP00041]","price":"5.0000","price_type":"quantity_based","image":0,"visibility":true}]}},"df_price":373.89,"df_sale_price":"","df_regular_price":373.89,"df_image_link":"https:\/\/zoca.es\/wp-content\/uploads\/images\/product\/15051\/dell01700_01-300x225.jpg","_links":{"self":[{"href":"https:\/\/zoca.es\/fr\/wp-json\/wp\/v2\/product\/225767","targetHints":{"allow":["GET"]}}],"collection":[{"href":"https:\/\/zoca.es\/fr\/wp-json\/wp\/v2\/product"}],"about":[{"href":"https:\/\/zoca.es\/fr\/wp-json\/wp\/v2\/types\/product"}],"wp:featuredmedia":[{"embeddable":true,"href":"https:\/\/zoca.es\/fr\/wp-json\/wp\/v2\/media\/225768"}],"wp:attachment":[{"href":"https:\/\/zoca.es\/fr\/wp-json\/wp\/v2\/media?parent=225767"}],"wp:term":[{"taxonomy":"product_brand","embeddable":true,"href":"https:\/\/zoca.es\/fr\/wp-json\/wp\/v2\/product_brand?post=225767"},{"taxonomy":"product_cat","embeddable":true,"href":"https:\/\/zoca.es\/fr\/wp-json\/wp\/v2\/product_cat?post=225767"},{"taxonomy":"product_tag","embeddable":true,"href":"https:\/\/zoca.es\/fr\/wp-json\/wp\/v2\/product_tag?post=225767"}],"curies":[{"name":"wp","href":"https:\/\/api.w.org\/{rel}","templated":true}]}}